{"id":510,"date":"2016-06-23T12:34:00","date_gmt":"2016-06-23T10:34:00","guid":{"rendered":"http:\/\/diederichs.com\/?page_id=510"},"modified":"2025-06-16T12:52:15","modified_gmt":"2025-06-16T10:52:15","slug":"geschaeftszeiten","status":"publish","type":"page","link":"https:\/\/diederichs.com\/tr\/geschaeftszeiten\/","title":{"rendered":"\u0130\u015f saatleri"},"content":{"rendered":"<p><\/p>\n<p style=\"text-align: justify;\">\u00a0\u00a0\u00a0\u00a0\u00a0\u00a0\u00a0\u00a0\u00a0\u00a0\u00a0\u00a0\u00a0\u00a0\u00a0\u00a0\u00a0\u00a0\u00a0\u00a0\u00a0\u00a0\u00a0\u00a0\u00a0\u00a0\u00a0\u00a0\u00a0\u00a0\u00a0\u00a0\u00a0\u00a0\u00a0\u00a0\u00a0\u00a0\u00a0\u00a0\u00a0\u00a0\u00a0\u00a0\u00a0\u00a0\u00a0\u00a0\u00a0\u00a0\u00a0\u00a0\u00a0\u00a0\u00a0\u00a0\u00a0\u00a0\u00a0\u00a0\u00a0\u00a0\u00a0\u00a0\u00a0\u00a0\u00a0\u00a0\u00a0\u00a0\u00a0\u00a0\u00a0\u00a0\u00a0\u00a0\u00a0\u00a0\u00a0\u00a0\u00a0\u00a0\u00a0\u00a0\u00a0\u00a0\u00a0\u00a0\u00a0\u00a0\u00a0\u00a0\u00a0\u00a0\u00a0\u00a0\u00a0\u00a0\u00a0\u00a0\u00a0\u00a0\u00a0\u00a0 <strong>Pazartesi<\/strong>\u00a0\u00a0\u00a0\u00a0\u00a0\u00a0 08:00 -18: 00<\/p>\n<p><strong> Sal\u0131<\/strong>\u00a0\u00a0\u00a0\u00a0\u00a0\u00a0\u00a0\u00a0\u00a0\u00a0\u00a0\u00a0\u00a0\u00a0\u00a0\u00a0 08:00-18:00<\/p>\n<p><strong>\u00c7ar\u015famba \u00a0 \u00a0\u00a0<\/strong> 08:00 -18: 00<\/p>\n<p><strong>Per\u015fembe<\/strong>\u00a0\u00a0\u00a0\u00a0\u00a0\u00a0 08:00 -18: 00<\/p>\n<p><strong>Cuma<\/strong>\u00a0\u00a0\u00a0\u00a0\u00a0\u00a0\u00a0\u00a0\u00a0\u00a0\u00a0\u00a0\u00a0\u00a0 08:00-17:00<\/p>\n<p><strong>Cumartesi<\/strong>\u00a0\u00a0\u00a0\u00a0\u00a0\u00a0 09:00-12:30<\/p>\n<p><strong>Sipari\u015fler <\/strong><\/p>\n<p style=\"text-align: justify;\">Pazartesi \u2013 Per\u015fembe g\u00fcnleri saat 17.00\u2019ye kadar yap\u0131lan sipari\u015fler ve Cuma g\u00fcnleri 16:00 ya kadar yap\u0131lan sipari\u015fler (depoda mevcut olmas\u0131 ko\u015fuluyla) ayn\u0131 g\u00fcn sevk edilebilmektedir.<\/p>\n<p style=\"text-align: justify;\">Talebe g\u00f6re ise farkl\u0131 sevkiyat bi\u00e7imleri mevcuttur, sipari\u015fler \u00f6zel durumlarda konteyner baz\u0131nda da olabilir. Bu durumda ba\u011flant\u0131ya ge\u00e7mek gerekmektedir.<\/p>\n<p style=\"text-align: justify;\">Daha farkl\u0131 talepler i\u00e7in veya acil sevkiyat i\u00e7in sat\u0131\u015f ekibimizle telefonla konta\u011fa ge\u00e7ip destek al\u0131nabilir.<\/p>\n<p>&nbsp;<\/p>\n<p>&nbsp;<\/p>","protected":false},"excerpt":{"rendered":"<p>\u00a0\u00a0\u00a0\u00a0\u00a0\u00a0\u00a0\u00a0\u00a0\u00a0\u00a0\u00a0\u00a0\u00a0\u00a0\u00a0\u00a0\u00a0\u00a0\u00a0\u00a0\u00a0\u00a0\u00a0\u00a0\u00a0\u00a0\u00a0\u00a0\u00a0\u00a0\u00a0\u00a0\u00a0\u00a0\u00a0\u00a0\u00a0\u00a0\u00a0\u00a0\u00a0\u00a0\u00a0\u00a0\u00a0\u00a0\u00a0\u00a0\u00a0\u00a0\u00a0\u00a0\u00a0\u00a0\u00a0\u00a0\u00a0\u00a0\u00a0\u00a0\u00a0\u00a0\u00a0\u00a0\u00a0\u00a0\u00a0\u00a0\u00a0\u00a0\u00a0\u00a0\u00a0\u00a0\u00a0\u00a0\u00a0\u00a0\u00a0\u00a0\u00a0\u00a0\u00a0\u00a0\u00a0\u00a0\u00a0\u00a0\u00a0\u00a0\u00a0\u00a0\u00a0\u00a0\u00a0\u00a0\u00a0\u00a0\u00a0\u00a0\u00a0\u00a0\u00a0 Pazartesi\u00a0\u00a0\u00a0\u00a0\u00a0\u00a0 08:00 -18: 00 Sal\u0131\u00a0\u00a0\u00a0\u00a0\u00a0\u00a0\u00a0\u00a0\u00a0\u00a0\u00a0\u00a0\u00a0\u00a0\u00a0\u00a0 08:00-18:00 \u00c7ar\u015famba \u00a0 \u00a0\u00a0 08:00 -18: 00 Per\u015fembe\u00a0\u00a0\u00a0\u00a0\u00a0\u00a0 08:00 -18: 00 Cuma\u00a0\u00a0\u00a0\u00a0\u00a0\u00a0\u00a0\u00a0\u00a0\u00a0\u00a0\u00a0\u00a0\u00a0 08:00-17:00 Cumartesi\u00a0\u00a0\u00a0\u00a0\u00a0\u00a0 09:00-12:30 Sipari\u015fler Pazartesi \u2013 Per\u015fembe g\u00fcnleri saat 17.00\u2019ye kadar yap\u0131lan sipari\u015fler ve Cuma g\u00fcnleri 16:00 ya kadar yap\u0131lan sipari\u015fler (depoda mevcut olmas\u0131 ko\u015fuluyla) ayn\u0131 g\u00fcn sevk edilebilmektedir. Talebe g\u00f6re ise farkl\u0131 sevkiyat bi\u00e7imleri mevcuttur, sipari\u015fler &hellip; <a href=\"https:\/\/diederichs.com\/tr\/geschaeftszeiten\/\">Continued<\/a><\/p>\n","protected":false},"author":2,"featured_media":0,"parent":0,"menu_order":9,"comment_status":"closed","ping_status":"closed","template":"","meta":{"footnotes":""},"class_list":["post-510","page","type-page","status-publish","hentry"],"_links":{"self":[{"href":"https:\/\/diederichs.com\/tr\/wp-json\/wp\/v2\/pages\/510","targetHints":{"allow":["GET"]}}],"collection":[{"href":"https:\/\/diederichs.com\/tr\/wp-json\/wp\/v2\/pages"}],"about":[{"href":"https:\/\/diederichs.com\/tr\/wp-json\/wp\/v2\/types\/page"}],"author":[{"embeddable":true,"href":"https:\/\/diederichs.com\/tr\/wp-json\/wp\/v2\/users\/2"}],"replies":[{"embeddable":true,"href":"https:\/\/diederichs.com\/tr\/wp-json\/wp\/v2\/comments?post=510"}],"version-history":[{"count":18,"href":"https:\/\/diederichs.com\/tr\/wp-json\/wp\/v2\/pages\/510\/revisions"}],"predecessor-version":[{"id":81933,"href":"https:\/\/diederichs.com\/tr\/wp-json\/wp\/v2\/pages\/510\/revisions\/81933"}],"wp:attachment":[{"href":"https:\/\/diederichs.com\/tr\/wp-json\/wp\/v2\/media?parent=510"}],"curies":[{"name":"wp","href":"https:\/\/api.w.org\/{rel}","templated":true}]}}