{"id":222,"date":"2016-05-24T13:02:17","date_gmt":"2016-05-24T11:02:17","guid":{"rendered":"http:\/\/diederichs.com\/?page_id=222"},"modified":"2021-04-01T11:55:44","modified_gmt":"2021-04-01T09:55:44","slug":"tuning-und-verdelung","status":"publish","type":"page","link":"https:\/\/diederichs.com\/tr\/beispiel-seite\/produkte\/tuning-und-verdelung\/","title":{"rendered":"Tuning ve bitirme"},"content":{"rendered":"<p><\/p>\n<p style=\"text-align: center;\"><a href=\"https:\/\/diederichs.com\/en\/1038-2\/\"><img loading=\"lazy\" decoding=\"async\" class=\"aligncenter wp-image-659\" src=\"http:\/\/diederichs.com\/wp-content\/uploads\/2016\/07\/Tuning-u-Veredelung.jpg\" alt=\"Tuning u Veredelung\" width=\"904\" height=\"311\" srcset=\"https:\/\/diederichs.com\/wp-content\/uploads\/2016\/07\/Tuning-u-Veredelung.jpg 1417w, https:\/\/diederichs.com\/wp-content\/uploads\/2016\/07\/Tuning-u-Veredelung-300x103.jpg 300w, https:\/\/diederichs.com\/wp-content\/uploads\/2016\/07\/Tuning-u-Veredelung-1024x352.jpg 1024w\" sizes=\"auto, (max-width: 904px) 100vw, 904px\" \/><\/a><a href=\"https:\/\/diederichs.com\/en\/1038-2\/\">Online-Shop<\/a><\/p>\n<p style=\"text-align: justify;\">Ayr\u0131ca Tuning alan\u0131nda \u00f6nde gelen tedarik\u00e7ilerinden biri olarak 5.000 &#8216;den fazla yeni ve g\u00fcncel tasar\u0131m \u00fcr\u00fcnlerimiz ile hizmet vermekteyiz.<\/p>\n<p style=\"text-align: justify;\">\u00dcr\u00fcnlerimizin kalitesi tedarik\u00e7ilerimizin sertifikalar\u0131 ile garanti alt\u0131na al\u0131nm\u0131\u015ft\u0131r ve bunlar bizim kalifiye personellerimiz taraf\u0131ndan denetlenmi\u015f ve denetlenmektedir.<\/p>\n<p>Tuning grubunda hizmet verdi\u011fimiz \u00fcr\u00fcnlerimiz:<\/p>\n<p>&nbsp;<\/p>\n<p>&nbsp;<\/p>\n<p>Ayd\u0131nlatma (farlar \/ stop lambalar\u0131 \/ \u0131\u015f\u0131klar \/ sis farlar\u0131 ve g\u00fcnd\u00fcz farlar\u0131)<\/p>\n<p>\u00c7e\u015fitli karoser par\u00e7alar\u0131 (\u00d6zel dizayn KIT\u2019ler\/ tamponlar \/ Yan Mar\u015fpiyeller \/ Izgara ve spoiler)<\/p>\n<p>\u00d6nde gelen \u00fcreticilerin Ayarlanabilir S\u00fcspansiyon gibi geni\u015f bir \u00fcr\u00fcn yelpazesi,<\/p>\n<p>&nbsp;<\/p>\n<p style=\"text-align: center;\">\n<p><\/p>","protected":false},"excerpt":{"rendered":"<p>Online-Shop Ayr\u0131ca Tuning alan\u0131nda \u00f6nde gelen tedarik\u00e7ilerinden biri olarak 5.000 &#8216;den fazla yeni ve g\u00fcncel tasar\u0131m \u00fcr\u00fcnlerimiz ile hizmet vermekteyiz. \u00dcr\u00fcnlerimizin kalitesi tedarik\u00e7ilerimizin sertifikalar\u0131 ile garanti alt\u0131na al\u0131nm\u0131\u015ft\u0131r ve bunlar bizim kalifiye personellerimiz taraf\u0131ndan denetlenmi\u015f ve denetlenmektedir. Tuning grubunda hizmet verdi\u011fimiz \u00fcr\u00fcnlerimiz: &nbsp; &nbsp; Ayd\u0131nlatma (farlar \/ stop lambalar\u0131 \/ \u0131\u015f\u0131klar \/ sis farlar\u0131 ve &hellip; <a href=\"https:\/\/diederichs.com\/tr\/beispiel-seite\/produkte\/tuning-und-verdelung\/\">Continued<\/a><\/p>\n","protected":false},"author":1,"featured_media":0,"parent":4,"menu_order":3,"comment_status":"closed","ping_status":"closed","template":"template-produkte-child.php","meta":{"footnotes":""},"class_list":["post-222","page","type-page","status-publish","hentry"],"_links":{"self":[{"href":"https:\/\/diederichs.com\/tr\/wp-json\/wp\/v2\/pages\/222","targetHints":{"allow":["GET"]}}],"collection":[{"href":"https:\/\/diederichs.com\/tr\/wp-json\/wp\/v2\/pages"}],"about":[{"href":"https:\/\/diederichs.com\/tr\/wp-json\/wp\/v2\/types\/page"}],"author":[{"embeddable":true,"href":"https:\/\/diederichs.com\/tr\/wp-json\/wp\/v2\/users\/1"}],"replies":[{"embeddable":true,"href":"https:\/\/diederichs.com\/tr\/wp-json\/wp\/v2\/comments?post=222"}],"version-history":[{"count":40,"href":"https:\/\/diederichs.com\/tr\/wp-json\/wp\/v2\/pages\/222\/revisions"}],"predecessor-version":[{"id":34099,"href":"https:\/\/diederichs.com\/tr\/wp-json\/wp\/v2\/pages\/222\/revisions\/34099"}],"up":[{"embeddable":true,"href":"https:\/\/diederichs.com\/tr\/wp-json\/wp\/v2\/pages\/4"}],"wp:attachment":[{"href":"https:\/\/diederichs.com\/tr\/wp-json\/wp\/v2\/media?parent=222"}],"curies":[{"name":"wp","href":"https:\/\/api.w.org\/{rel}","templated":true}]}}