{"id":220,"date":"2016-05-24T13:02:09","date_gmt":"2016-05-24T11:02:09","guid":{"rendered":"http:\/\/diederichs.com\/?page_id=220"},"modified":"2017-10-10T10:01:03","modified_gmt":"2017-10-10T08:01:03","slug":"diederichs-climate","status":"publish","type":"page","link":"https:\/\/diederichs.com\/tr\/beispiel-seite\/produkte\/diederichs-climate\/","title":{"rendered":"Diederichs Climate"},"content":{"rendered":"<p><\/p>\n<p style=\"text-align: center;\"><a href=\"https:\/\/diederichs.com\/en\/1038-2\/\"><img loading=\"lazy\" decoding=\"async\" class=\"aligncenter wp-image-660\" src=\"http:\/\/diederichs.com\/wp-content\/uploads\/2016\/07\/Climate.jpg\" alt=\"Climate\" width=\"884\" height=\"304\" srcset=\"https:\/\/diederichs.com\/wp-content\/uploads\/2016\/07\/Climate.jpg 1417w, https:\/\/diederichs.com\/wp-content\/uploads\/2016\/07\/Climate-300x103.jpg 300w, https:\/\/diederichs.com\/wp-content\/uploads\/2016\/07\/Climate-1024x352.jpg 1024w\" sizes=\"auto, (max-width: 884px) 100vw, 884px\" \/><\/a><a href=\"https:\/\/diederichs.com\/en\/1038-2\/\">Online-Shop<\/a><\/p>\n<p>&nbsp;<\/p>\n<p>Diederichs Klima yeni bir marka olarak \u00fcr\u00fcn portf\u00f6y\u00fcm\u00fczde yer almaktad\u0131r.<\/p>\n<p>Biz di\u011fer tedarik\u00e7ilerin aksine, m\u00fc\u015fterilerimize bireysel destek sunuyoruz; \u0130stek ve \u015eikayetler i\u00e7in bireysel telefon deste\u011fi hizmeti vermekteyiz.<br \/>\n\u00dcr\u00fcnlerimizi Orijinal Kalite ile k\u0131yaslayarak temin edip, \u00a0en iyi fiyat ile m\u00fc\u015fterilerimize sunmaktay\u0131z<\/p>\n<p>Kargo ve paketlemede titizlik g\u00f6stermekteyiz, her \u00fcr\u00fcne ait \u00f6zel paketler ile h\u0131zl\u0131 ve g\u00fcvenilir bi\u00e7imde kargo hizmetine sahibiz.<\/p>\n<p>&nbsp;<\/p>\n<p style=\"text-align: center;\">\n<p><\/p>","protected":false},"excerpt":{"rendered":"<p>Online-Shop &nbsp; Diederichs Klima yeni bir marka olarak \u00fcr\u00fcn portf\u00f6y\u00fcm\u00fczde yer almaktad\u0131r. Biz di\u011fer tedarik\u00e7ilerin aksine, m\u00fc\u015fterilerimize bireysel destek sunuyoruz; \u0130stek ve \u015eikayetler i\u00e7in bireysel telefon deste\u011fi hizmeti vermekteyiz. \u00dcr\u00fcnlerimizi Orijinal Kalite ile k\u0131yaslayarak temin edip, \u00a0en iyi fiyat ile m\u00fc\u015fterilerimize sunmaktay\u0131z Kargo ve paketlemede titizlik g\u00f6stermekteyiz, her \u00fcr\u00fcne ait \u00f6zel paketler ile h\u0131zl\u0131 ve &hellip; <a href=\"https:\/\/diederichs.com\/tr\/beispiel-seite\/produkte\/diederichs-climate\/\">Continued<\/a><\/p>\n","protected":false},"author":1,"featured_media":0,"parent":4,"menu_order":2,"comment_status":"closed","ping_status":"closed","template":"template-produkte-child.php","meta":{"footnotes":""},"class_list":["post-220","page","type-page","status-publish","hentry"],"_links":{"self":[{"href":"https:\/\/diederichs.com\/tr\/wp-json\/wp\/v2\/pages\/220","targetHints":{"allow":["GET"]}}],"collection":[{"href":"https:\/\/diederichs.com\/tr\/wp-json\/wp\/v2\/pages"}],"about":[{"href":"https:\/\/diederichs.com\/tr\/wp-json\/wp\/v2\/types\/page"}],"author":[{"embeddable":true,"href":"https:\/\/diederichs.com\/tr\/wp-json\/wp\/v2\/users\/1"}],"replies":[{"embeddable":true,"href":"https:\/\/diederichs.com\/tr\/wp-json\/wp\/v2\/comments?post=220"}],"version-history":[{"count":39,"href":"https:\/\/diederichs.com\/tr\/wp-json\/wp\/v2\/pages\/220\/revisions"}],"predecessor-version":[{"id":1392,"href":"https:\/\/diederichs.com\/tr\/wp-json\/wp\/v2\/pages\/220\/revisions\/1392"}],"up":[{"embeddable":true,"href":"https:\/\/diederichs.com\/tr\/wp-json\/wp\/v2\/pages\/4"}],"wp:attachment":[{"href":"https:\/\/diederichs.com\/tr\/wp-json\/wp\/v2\/media?parent=220"}],"curies":[{"name":"wp","href":"https:\/\/api.w.org\/{rel}","templated":true}]}}