{"id":217,"date":"2016-05-24T13:01:58","date_gmt":"2016-05-24T11:01:58","guid":{"rendered":"http:\/\/diederichs.com\/?page_id=217"},"modified":"2017-10-10T10:00:29","modified_gmt":"2017-10-10T08:00:29","slug":"karosserieteile-und-beleuchtung","status":"publish","type":"page","link":"https:\/\/diederichs.com\/tr\/beispiel-seite\/produkte\/karosserieteile-und-beleuchtung\/","title":{"rendered":"G\u00f6vde par\u00e7alar\u0131 ve ayd\u0131nlatma"},"content":{"rendered":"<p><\/p>\n<p style=\"text-align: center;\"><a href=\"https:\/\/diederichs.com\/en\/1038-2\/\"><img loading=\"lazy\" decoding=\"async\" class=\"aligncenter wp-image-661\" src=\"http:\/\/diederichs.com\/wp-content\/uploads\/2016\/07\/Karosserieteile.jpg\" alt=\"Karosserieteile\" width=\"948\" height=\"326\" srcset=\"https:\/\/diederichs.com\/wp-content\/uploads\/2016\/07\/Karosserieteile.jpg 1417w, https:\/\/diederichs.com\/wp-content\/uploads\/2016\/07\/Karosserieteile-300x103.jpg 300w, https:\/\/diederichs.com\/wp-content\/uploads\/2016\/07\/Karosserieteile-1024x352.jpg 1024w\" sizes=\"auto, (max-width: 948px) 100vw, 948px\" \/><\/a><a href=\"https:\/\/diederichs.com\/en\/1038-2\/\">Online-Shop<\/a><\/p>\n<p>&nbsp;<\/p>\n<p>&nbsp;<\/p>\n<p>Sertifikal\u0131 yedek par\u00e7a \u00fcr\u00fcnlerimizi kalitesi Orijinal \u00fcr\u00fcnlerle kar\u015f\u0131la\u015ft\u0131r\u0131ld\u0131\u011f\u0131nda y\u00fcksek kalitede oldu\u011funu ve daha ekonomik oldu\u011fu g\u00f6r\u00fclebilmektedir.<br \/>\nkullan\u0131lan\u00a0malzeme kalitesi<br \/>\nkullan\u0131lan\u00a0malzeme kal\u0131nl\u0131\u011f\u0131<br \/>\nkullan\u0131lan\u00a0malzeme a\u011f\u0131rl\u0131\u011f\u0131<br \/>\nkorozyon direnci<br \/>\ni\u015f\u00e7ilik kalitesi<br \/>\nkenar izolasyonlar\u0131<br \/>\nba\u011flant\u0131 noktalar\u0131<br \/>\nmente\u015feler<br \/>\ndeformasyon noktalar\u0131<br \/>\nkaynak baglant\u0131lar\u0131<\/p>\n<p style=\"text-align: center;\">\n<p><\/p>","protected":false},"excerpt":{"rendered":"<p>Online-Shop &nbsp; &nbsp; Sertifikal\u0131 yedek par\u00e7a \u00fcr\u00fcnlerimizi kalitesi Orijinal \u00fcr\u00fcnlerle kar\u015f\u0131la\u015ft\u0131r\u0131ld\u0131\u011f\u0131nda y\u00fcksek kalitede oldu\u011funu ve daha ekonomik oldu\u011fu g\u00f6r\u00fclebilmektedir. kullan\u0131lan\u00a0malzeme kalitesi kullan\u0131lan\u00a0malzeme kal\u0131nl\u0131\u011f\u0131 kullan\u0131lan\u00a0malzeme a\u011f\u0131rl\u0131\u011f\u0131 korozyon direnci i\u015f\u00e7ilik kalitesi kenar izolasyonlar\u0131 ba\u011flant\u0131 noktalar\u0131 mente\u015feler deformasyon noktalar\u0131 kaynak baglant\u0131lar\u0131<\/p>\n","protected":false},"author":1,"featured_media":0,"parent":4,"menu_order":1,"comment_status":"closed","ping_status":"closed","template":"template-produkte-child.php","meta":{"footnotes":""},"class_list":["post-217","page","type-page","status-publish","hentry"],"_links":{"self":[{"href":"https:\/\/diederichs.com\/tr\/wp-json\/wp\/v2\/pages\/217","targetHints":{"allow":["GET"]}}],"collection":[{"href":"https:\/\/diederichs.com\/tr\/wp-json\/wp\/v2\/pages"}],"about":[{"href":"https:\/\/diederichs.com\/tr\/wp-json\/wp\/v2\/types\/page"}],"author":[{"embeddable":true,"href":"https:\/\/diederichs.com\/tr\/wp-json\/wp\/v2\/users\/1"}],"replies":[{"embeddable":true,"href":"https:\/\/diederichs.com\/tr\/wp-json\/wp\/v2\/comments?post=217"}],"version-history":[{"count":39,"href":"https:\/\/diederichs.com\/tr\/wp-json\/wp\/v2\/pages\/217\/revisions"}],"predecessor-version":[{"id":1391,"href":"https:\/\/diederichs.com\/tr\/wp-json\/wp\/v2\/pages\/217\/revisions\/1391"}],"up":[{"embeddable":true,"href":"https:\/\/diederichs.com\/tr\/wp-json\/wp\/v2\/pages\/4"}],"wp:attachment":[{"href":"https:\/\/diederichs.com\/tr\/wp-json\/wp\/v2\/media?parent=217"}],"curies":[{"name":"wp","href":"https:\/\/api.w.org\/{rel}","templated":true}]}}