{"id":2,"date":"2016-04-18T09:37:05","date_gmt":"2016-04-18T07:37:05","guid":{"rendered":"http:\/\/diederichs.com\/?page_id=2"},"modified":"2026-01-12T10:11:38","modified_gmt":"2026-01-12T09:11:38","slug":"beispiel-seite","status":"publish","type":"page","link":"https:\/\/diederichs.com\/tr\/","title":{"rendered":"Diederichs &#8211; Karosserieteile GmbH"},"content":{"rendered":"<p><\/p>\n<h3 style=\"text-align: justify;\"><strong>14 saatlik kalite<\/strong><\/h3>\n<p>Diederichs \u015firketi, Holger Diederichs taraf\u0131ndan 1967 y\u0131l\u0131nda kurulmu\u015f ve bug\u00fcn yakla\u015f\u0131k 100 ki\u015fiye istihdam sa\u011flamaktad\u0131r. Almanya genelinde 14.000 &#8216;den fazla (garajlara ve ara\u00e7 sat\u0131\u015f noktalar\u0131na) yedek par\u00e7a temini alan\u0131nda hizmet vermektedir.<\/p>\n<p style=\"text-align: justify;\">\u00dcr\u00fcn sto\u011fumuz 1050 fazla ara\u00e7 modellerine ait 42.000&#8217;den fazla farkl\u0131 \u00fcr\u00fcnle 30.000 m2 depolama alan\u0131nda m\u00fc\u015fterilerimizin taleplerine cevap vermek i\u00e7in daima haz\u0131rd\u0131r.<\/p>\n<p style=\"text-align: justify;\">\u00dcr\u00fcn \u00e7esitlili\u011fimiz; \u00a0s\u00fcspansiyon ekipmanlar\u0131ndan, radyat\u00f6r ve klima grubuna, Ayd\u0131nlatma ve karoser par\u00e7alar\u0131ndan Tuning d\u0131\u015f ayna ve ayd\u0131nlatmalara varan geni\u015f bir yelpazeye sahiptir .<\/p>\n<p style=\"text-align: justify;\">Biz m\u00fc\u015fterilerimize uzun vadeli, kaliteli ve kapsaml\u0131 bir hizmet sunma noktas\u0131nda \u00f6zen g\u00f6stermekteyiz. \u00dcr\u00fcnlerimiz y\u00fcksek kalite standartlar\u0131nda olup \u00e7e\u015fitli sertifikalar ile desteklenmektedir. Ayr\u0131ca uzman sat\u0131\u015f ve bilgi i\u015flem personellerimizle m\u00fc\u015fterilerimize bu alanda ihtiya\u00e7 duyacaklar\u0131 deste\u011fi vermeye haz\u0131r\u0131z.<\/p>\n<p>Profesyonel sat\u0131n alma departman\u0131m\u0131z Uluslararas\u0131 Orijinal yedek par\u00e7a kalitesine en yak\u0131n kalitede ve en iyi fiyatlarla m\u00fc\u015fterilerimize hizmet sunmaktad\u0131r.<\/p>\n<p>Sevkiyat s\u00fcrtesi 14 saatlik gibi bir k\u0131sa s\u00fcrede ger\u00e7ekle\u015fmekte olup, ilgili \u00fcr\u00fcn gruplar\u0131na ait \u00f6zel olarak yap\u0131lm\u0131\u015f kaliteli nakliye paketleri ile sevk edilmektedir.<\/p>\n<h3 style=\"text-align: justify;\"><strong>14 saatlik kalite<\/strong><\/h3>\n<p>Diederichs \u015firketi, Holger Diederichs taraf\u0131ndan 1967 y\u0131l\u0131nda kurulmu\u015f ve bug\u00fcn yakla\u015f\u0131k 100 ki\u015fiye istihdam sa\u011flamaktad\u0131r. Almanya genelinde 14.000 &#8216;den fazla (garajlara ve ara\u00e7 sat\u0131\u015f noktalar\u0131na) yedek par\u00e7a temini alan\u0131nda hizmet vermektedir.<\/p>\n<p style=\"text-align: justify;\">\u00dcr\u00fcn sto\u011fumuz 1050 fazla ara\u00e7 modellerine ait 42.000&#8217;den fazla farkl\u0131 \u00fcr\u00fcnle 30.000 m2 depolama alan\u0131nda m\u00fc\u015fterilerimizin taleplerine cevap vermek i\u00e7in daima haz\u0131rd\u0131r.<\/p>\n<p style=\"text-align: justify;\">\u00dcr\u00fcn \u00e7esitlili\u011fimiz; \u00a0s\u00fcspansiyon ekipmanlar\u0131ndan, radyat\u00f6r ve klima grubuna, Ayd\u0131nlatma ve karoser par\u00e7alar\u0131ndan Tuning d\u0131\u015f ayna ve ayd\u0131nlatmalara varan geni\u015f bir yelpazeye sahiptir .<\/p>\n<p style=\"text-align: justify;\">Biz m\u00fc\u015fterilerimize uzun vadeli, kaliteli ve kapsaml\u0131 bir hizmet sunma noktas\u0131nda \u00f6zen g\u00f6stermekteyiz. \u00dcr\u00fcnlerimiz y\u00fcksek kalite standartlar\u0131nda olup \u00e7e\u015fitli sertifikalar ile desteklenmektedir. Ayr\u0131ca uzman sat\u0131\u015f ve bilgi i\u015flem personellerimizle m\u00fc\u015fterilerimize bu alanda ihtiya\u00e7 duyacaklar\u0131 deste\u011fi vermeye haz\u0131r\u0131z.<\/p>\n<p>Profesyonel sat\u0131n alma departman\u0131m\u0131z Uluslararas\u0131 Orijinal yedek par\u00e7a kalitesine en yak\u0131n kalitede ve en iyi fiyatlarla m\u00fc\u015fterilerimize hizmet sunmaktad\u0131r.<\/p>\n<p>Sevkiyat s\u00fcrtesi 14 saatlik gibi bir k\u0131sa s\u00fcrede ger\u00e7ekle\u015fmekte olup, ilgili \u00fcr\u00fcn gruplar\u0131na ait \u00f6zel olarak yap\u0131lm\u0131\u015f kaliteli nakliye paketleri ile sevk edilmektedir.<\/p>\n<h3 style=\"text-align: justify;\"><strong>14 saatlik kalite<\/strong><\/h3>\n<p>Diederichs \u015firketi, Holger Diederichs taraf\u0131ndan 1967 y\u0131l\u0131nda kurulmu\u015f ve bug\u00fcn yakla\u015f\u0131k 100 ki\u015fiye istihdam sa\u011flamaktad\u0131r. Almanya genelinde 14.000 &#8216;den fazla (garajlara ve ara\u00e7 sat\u0131\u015f noktalar\u0131na) yedek par\u00e7a temini alan\u0131nda hizmet vermektedir.<\/p>\n<p style=\"text-align: justify;\">\u00dcr\u00fcn sto\u011fumuz 1050 fazla ara\u00e7 modellerine ait 42.000&#8217;den fazla farkl\u0131 \u00fcr\u00fcnle 30.000 m2 depolama alan\u0131nda m\u00fc\u015fterilerimizin taleplerine cevap vermek i\u00e7in daima haz\u0131rd\u0131r.<\/p>\n<p style=\"text-align: justify;\">\u00dcr\u00fcn \u00e7esitlili\u011fimiz; \u00a0s\u00fcspansiyon ekipmanlar\u0131ndan, radyat\u00f6r ve klima grubuna, Ayd\u0131nlatma ve karoser par\u00e7alar\u0131ndan Tuning d\u0131\u015f ayna ve ayd\u0131nlatmalara varan geni\u015f bir yelpazeye sahiptir .<\/p>\n<p style=\"text-align: justify;\">Biz m\u00fc\u015fterilerimize uzun vadeli, kaliteli ve kapsaml\u0131 bir hizmet sunma noktas\u0131nda \u00f6zen g\u00f6stermekteyiz. \u00dcr\u00fcnlerimiz y\u00fcksek kalite standartlar\u0131nda olup \u00e7e\u015fitli sertifikalar ile desteklenmektedir. Ayr\u0131ca uzman sat\u0131\u015f ve bilgi i\u015flem personellerimizle m\u00fc\u015fterilerimize bu alanda ihtiya\u00e7 duyacaklar\u0131 deste\u011fi vermeye haz\u0131r\u0131z.<\/p>\n<p>Profesyonel sat\u0131n alma departman\u0131m\u0131z Uluslararas\u0131 Orijinal yedek par\u00e7a kalitesine en yak\u0131n kalitede ve en iyi fiyatlarla m\u00fc\u015fterilerimize hizmet sunmaktad\u0131r.<\/p>\n<p>Sevkiyat s\u00fcrtesi 14 saatlik gibi bir k\u0131sa s\u00fcrede ger\u00e7ekle\u015fmekte olup, ilgili \u00fcr\u00fcn gruplar\u0131na ait \u00f6zel olarak yap\u0131lm\u0131\u015f kaliteli nakliye paketleri ile sevk edilmektedir.<\/p>\n<h3 style=\"text-align: justify;\"><strong>14 saatlik kalite<\/strong><\/h3>\n<p>Diederichs \u015firketi, Holger Diederichs taraf\u0131ndan 1967 y\u0131l\u0131nda kurulmu\u015f ve bug\u00fcn yakla\u015f\u0131k 100 ki\u015fiye istihdam sa\u011flamaktad\u0131r. Almanya genelinde 14.000 &#8216;den fazla (garajlara ve ara\u00e7 sat\u0131\u015f noktalar\u0131na) yedek par\u00e7a temini alan\u0131nda hizmet vermektedir.<\/p>\n<p style=\"text-align: justify;\">\u00dcr\u00fcn sto\u011fumuz 1050 fazla ara\u00e7 modellerine ait 42.000&#8217;den fazla farkl\u0131 \u00fcr\u00fcnle 30.000 m2 depolama alan\u0131nda m\u00fc\u015fterilerimizin taleplerine cevap vermek i\u00e7in daima haz\u0131rd\u0131r.<\/p>\n<p style=\"text-align: justify;\">\u00dcr\u00fcn \u00e7esitlili\u011fimiz; \u00a0s\u00fcspansiyon ekipmanlar\u0131ndan, radyat\u00f6r ve klima grubuna, Ayd\u0131nlatma ve karoser par\u00e7alar\u0131ndan Tuning d\u0131\u015f ayna ve ayd\u0131nlatmalara varan geni\u015f bir yelpazeye sahiptir .<\/p>\n<p style=\"text-align: justify;\">Biz m\u00fc\u015fterilerimize uzun vadeli, kaliteli ve kapsaml\u0131 bir hizmet sunma noktas\u0131nda \u00f6zen g\u00f6stermekteyiz. \u00dcr\u00fcnlerimiz y\u00fcksek kalite standartlar\u0131nda olup \u00e7e\u015fitli sertifikalar ile desteklenmektedir. Ayr\u0131ca uzman sat\u0131\u015f ve bilgi i\u015flem personellerimizle m\u00fc\u015fterilerimize bu alanda ihtiya\u00e7 duyacaklar\u0131 deste\u011fi vermeye haz\u0131r\u0131z.<\/p>\n<p>Profesyonel sat\u0131n alma departman\u0131m\u0131z Uluslararas\u0131 Orijinal yedek par\u00e7a kalitesine en yak\u0131n kalitede ve en iyi fiyatlarla m\u00fc\u015fterilerimize hizmet sunmaktad\u0131r.<\/p>\n<p>Sevkiyat s\u00fcrtesi 14 saatlik gibi bir k\u0131sa s\u00fcrede ger\u00e7ekle\u015fmekte olup, ilgili \u00fcr\u00fcn gruplar\u0131na ait \u00f6zel olarak yap\u0131lm\u0131\u015f kaliteli nakliye paketleri ile sevk edilmektedir.<\/p>","protected":false},"excerpt":{"rendered":"<p>14 saatlik kalite Diederichs \u015firketi, Holger Diederichs taraf\u0131ndan 1967 y\u0131l\u0131nda kurulmu\u015f ve bug\u00fcn yakla\u015f\u0131k 100 ki\u015fiye istihdam sa\u011flamaktad\u0131r. Almanya genelinde 14.000 &#8216;den fazla (garajlara ve ara\u00e7 sat\u0131\u015f noktalar\u0131na) yedek par\u00e7a temini alan\u0131nda hizmet vermektedir. \u00dcr\u00fcn sto\u011fumuz 1050 fazla ara\u00e7 modellerine ait 42.000&#8217;den fazla farkl\u0131 \u00fcr\u00fcnle 30.000 m2 depolama alan\u0131nda m\u00fc\u015fterilerimizin taleplerine cevap vermek i\u00e7in daima &hellip; <a href=\"https:\/\/diederichs.com\/tr\/\">Continued<\/a><\/p>\n","protected":false},"author":1,"featured_media":0,"parent":0,"menu_order":5,"comment_status":"closed","ping_status":"open","template":"","meta":{"footnotes":""},"class_list":["post-2","page","type-page","status-publish","hentry"],"_links":{"self":[{"href":"https:\/\/diederichs.com\/tr\/wp-json\/wp\/v2\/pages\/2","targetHints":{"allow":["GET"]}}],"collection":[{"href":"https:\/\/diederichs.com\/tr\/wp-json\/wp\/v2\/pages"}],"about":[{"href":"https:\/\/diederichs.com\/tr\/wp-json\/wp\/v2\/types\/page"}],"author":[{"embeddable":true,"href":"https:\/\/diederichs.com\/tr\/wp-json\/wp\/v2\/users\/1"}],"replies":[{"embeddable":true,"href":"https:\/\/diederichs.com\/tr\/wp-json\/wp\/v2\/comments?post=2"}],"version-history":[{"count":190,"href":"https:\/\/diederichs.com\/tr\/wp-json\/wp\/v2\/pages\/2\/revisions"}],"predecessor-version":[{"id":81986,"href":"https:\/\/diederichs.com\/tr\/wp-json\/wp\/v2\/pages\/2\/revisions\/81986"}],"wp:attachment":[{"href":"https:\/\/diederichs.com\/tr\/wp-json\/wp\/v2\/media?parent=2"}],"curies":[{"name":"wp","href":"https:\/\/api.w.org\/{rel}","templated":true}]}}