{"id":1189,"date":"2017-05-15T15:34:36","date_gmt":"2017-05-15T13:34:36","guid":{"rendered":"https:\/\/diederichs.com\/?page_id=1189"},"modified":"2024-07-25T15:23:45","modified_gmt":"2024-07-25T13:23:45","slug":"gastzugang","status":"publish","type":"page","link":"https:\/\/diederichs.com\/tr\/gastzugang\/","title":{"rendered":""},"content":{"rendered":"<p>&nbsp;<\/p>\n<h2 style=\"text-align: center;\">L\u00fctfen par\u00e7a tan\u0131mlama rotan\u0131z\u0131 se\u00e7in<\/h2>\n<p>&nbsp;<\/p>\n<h2>\u00a0\u00a0\u00a0\u00a0\u00a0\u00a0\u00a0\u00a0\u00a0\u00a0\u00a0\u00a0\u00a0\u00a0\u00a0 <a href=\"https:\/\/tecdoc.diederichs.com\/index.a4d?id=nologin\"><img loading=\"lazy\" decoding=\"async\" class=\"size-full wp-image-81324 alignleft\" src=\"https:\/\/diederichs.com\/wp-content\/uploads\/2022\/12\/NEU_TK.png\" alt=\"\" width=\"468\" height=\"382\" srcset=\"https:\/\/diederichs.com\/wp-content\/uploads\/2022\/12\/NEU_TK.png 468w, https:\/\/diederichs.com\/wp-content\/uploads\/2022\/12\/NEU_TK-300x245.png 300w\" sizes=\"auto, (max-width: 468px) 100vw, 468px\" \/><\/a><a href=\"https:\/\/teileshop.diederichs.com\"><img loading=\"lazy\" decoding=\"async\" class=\"size-full wp-image-81325 alignright\" src=\"https:\/\/diederichs.com\/wp-content\/uploads\/2022\/12\/ALT_TK.png\" alt=\"\" width=\"624\" height=\"371\" srcset=\"https:\/\/diederichs.com\/wp-content\/uploads\/2022\/12\/ALT_TK.png 624w, https:\/\/diederichs.com\/wp-content\/uploads\/2022\/12\/ALT_TK-300x178.png 300w\" sizes=\"auto, (max-width: 624px) 100vw, 624px\" \/><\/a><\/h2>\n<h2><\/h2>\n<h2><\/h2>\n<p>&nbsp;<\/p>\n<p>&nbsp;<\/p>\n<p>&nbsp;<\/p>\n<p>&nbsp;<\/p>\n<h2><\/h2>\n<p><\/p>","protected":false},"excerpt":{"rendered":"<p>&nbsp; L\u00fctfen par\u00e7a tan\u0131mlama rotan\u0131z\u0131 se\u00e7in &nbsp; \u00a0\u00a0\u00a0\u00a0\u00a0\u00a0\u00a0\u00a0\u00a0\u00a0\u00a0\u00a0\u00a0\u00a0\u00a0 &nbsp; &nbsp; &nbsp; &nbsp;<\/p>\n","protected":false},"author":2,"featured_media":0,"parent":0,"menu_order":0,"comment_status":"closed","ping_status":"closed","template":"","meta":{"footnotes":""},"class_list":["post-1189","page","type-page","status-publish","hentry"],"_links":{"self":[{"href":"https:\/\/diederichs.com\/tr\/wp-json\/wp\/v2\/pages\/1189","targetHints":{"allow":["GET"]}}],"collection":[{"href":"https:\/\/diederichs.com\/tr\/wp-json\/wp\/v2\/pages"}],"about":[{"href":"https:\/\/diederichs.com\/tr\/wp-json\/wp\/v2\/types\/page"}],"author":[{"embeddable":true,"href":"https:\/\/diederichs.com\/tr\/wp-json\/wp\/v2\/users\/2"}],"replies":[{"embeddable":true,"href":"https:\/\/diederichs.com\/tr\/wp-json\/wp\/v2\/comments?post=1189"}],"version-history":[{"count":92,"href":"https:\/\/diederichs.com\/tr\/wp-json\/wp\/v2\/pages\/1189\/revisions"}],"predecessor-version":[{"id":81696,"href":"https:\/\/diederichs.com\/tr\/wp-json\/wp\/v2\/pages\/1189\/revisions\/81696"}],"wp:attachment":[{"href":"https:\/\/diederichs.com\/tr\/wp-json\/wp\/v2\/media?parent=1189"}],"curies":[{"name":"wp","href":"https:\/\/api.w.org\/{rel}","templated":true}]}}