{"id":11,"date":"2016-04-18T12:37:08","date_gmt":"2016-04-18T10:37:08","guid":{"rendered":"http:\/\/diederichs.com\/?page_id=11"},"modified":"2020-07-09T12:17:07","modified_gmt":"2020-07-09T10:17:07","slug":"ueber-uns","status":"publish","type":"page","link":"https:\/\/diederichs.com\/tr\/ueber-uns\/","title":{"rendered":"Hakk\u0131m\u0131zda"},"content":{"rendered":"<p><\/p>\n<p style=\"text-align: justify;\">Diederichs \u015firketi, Holger Diederichs taraf\u0131ndan 1967 y\u0131l\u0131nda kurulmu\u015f ve bug\u00fcn yakla\u015f\u0131k 100 ki\u015fiye istihdam sa\u011flamaktad\u0131r. Almanya genelinde 14.000 &#8216;den fazla m\u00fc\u015fterilerine (garajlara ve ara\u00e7 sat\u0131\u015f noktalar\u0131na) yedek par\u00e7a temini alan\u0131nda hizmet vermektedir.<\/p>\n<p>DIEDERICHS Karosserieteile GmbH, ara\u00e7 i\u00e7in karoser, ayd\u0131nlatma ve klima sistemleri alanlar\u0131nda uzmanla\u015fm\u0131\u015ft\u0131r. Ayr\u0131ca \u015firket, Tuning alan\u0131nda kendi \u00fcr\u00fcnleri ile de hizmet vermektedir.<br \/>\n\u015eirket Bay Holger Diederichin istifas\u0131yla y\u00f6netimi o\u011flu Jan-Christian Diederichs devretmistir. \u015eirket felsefesi, s\u00fcregelen aile \u015firketinin karakterine uygun olarak daima yenilik\u00e7i ve modern olmay\u0131 esas alm\u0131\u015ft\u0131r.<\/p>\n<p style=\"text-align: justify;\">\u015eirket geni\u015f bir uluslararas\u0131 ticaret portf\u00f6y\u00fcne sahip olup, y\u0131ll\u0131k olarak 36.000&#8217;den fazla farkl\u0131 sertifikalara sahip \u00fcr\u00fcnlerinin sat\u0131\u015f\u0131n\u0131 ger\u00e7ekle\u015ftirmi\u015f, ve bu sipari\u015fleri m\u00fc\u015fterilerin tercih edebilece\u011fi h\u0131zl\u0131 ve g\u00fcvenli telefonla veya online a\u011flarla sa\u011flam\u0131\u015ft\u0131r.<br \/>\n&#8220;Sadece bu y\u0131l, \u00e7ok say\u0131da i\u015f alan\u0131 yarat\u0131lm\u0131\u015ft\u0131r, \u00f6rne\u011fin sat\u0131n alma ve \u00fcr\u00fcn y\u00f6netimi alanlar\u0131nda yeni yap\u0131lanmalara gitmi\u015ftir.<\/p>\n<p style=\"text-align: justify;\">Bay Jan-Christian Diederichs\u2019in getirmi\u015f oldu\u011fu yenilikler aras\u0131nda, \u015firketin b\u00fcy\u00fcmesini kendisinin ifadesiyle \u201cS\u00fcrekli de\u011fi\u015fen ve geli\u015fen oto yedek par\u00e7a pazar\u0131nda m\u00fc\u015fteri ihtiya\u00e7lar\u0131na cevap verebilmek, modern ger\u00e7ekleri kar\u015f\u0131lamakla m\u00fcmk\u00fcnd\u00fcr\u201d \u015fekilde tan\u0131ml\u0131yor.<\/p>\n<p><\/p>","protected":false},"excerpt":{"rendered":"<p>Diederichs \u015firketi, Holger Diederichs taraf\u0131ndan 1967 y\u0131l\u0131nda kurulmu\u015f ve bug\u00fcn yakla\u015f\u0131k 100 ki\u015fiye istihdam sa\u011flamaktad\u0131r. Almanya genelinde 14.000 &#8216;den fazla m\u00fc\u015fterilerine (garajlara ve ara\u00e7 sat\u0131\u015f noktalar\u0131na) yedek par\u00e7a temini alan\u0131nda hizmet vermektedir. DIEDERICHS Karosserieteile GmbH, ara\u00e7 i\u00e7in karoser, ayd\u0131nlatma ve klima sistemleri alanlar\u0131nda uzmanla\u015fm\u0131\u015ft\u0131r. Ayr\u0131ca \u015firket, Tuning alan\u0131nda kendi \u00fcr\u00fcnleri ile de hizmet vermektedir. \u015eirket &hellip; <a href=\"https:\/\/diederichs.com\/tr\/ueber-uns\/\">Continued<\/a><\/p>\n","protected":false},"author":1,"featured_media":0,"parent":0,"menu_order":10,"comment_status":"closed","ping_status":"closed","template":"","meta":{"footnotes":""},"class_list":["post-11","page","type-page","status-publish","hentry"],"_links":{"self":[{"href":"https:\/\/diederichs.com\/tr\/wp-json\/wp\/v2\/pages\/11","targetHints":{"allow":["GET"]}}],"collection":[{"href":"https:\/\/diederichs.com\/tr\/wp-json\/wp\/v2\/pages"}],"about":[{"href":"https:\/\/diederichs.com\/tr\/wp-json\/wp\/v2\/types\/page"}],"author":[{"embeddable":true,"href":"https:\/\/diederichs.com\/tr\/wp-json\/wp\/v2\/users\/1"}],"replies":[{"embeddable":true,"href":"https:\/\/diederichs.com\/tr\/wp-json\/wp\/v2\/comments?post=11"}],"version-history":[{"count":25,"href":"https:\/\/diederichs.com\/tr\/wp-json\/wp\/v2\/pages\/11\/revisions"}],"predecessor-version":[{"id":1840,"href":"https:\/\/diederichs.com\/tr\/wp-json\/wp\/v2\/pages\/11\/revisions\/1840"}],"wp:attachment":[{"href":"https:\/\/diederichs.com\/tr\/wp-json\/wp\/v2\/media?parent=11"}],"curies":[{"name":"wp","href":"https:\/\/api.w.org\/{rel}","templated":true}]}}