{"id":81369,"date":"2023-03-01T09:03:18","date_gmt":"2023-03-01T08:03:18","guid":{"rendered":"https:\/\/diederichs.com\/?page_id=81369"},"modified":"2024-05-30T08:09:19","modified_gmt":"2024-05-30T06:09:19","slug":"wir-bilden-aus","status":"publish","type":"page","link":"https:\/\/diederichs.com\/pt\/wir-bilden-aus\/","title":{"rendered":"(Deutsch) Wir bilden aus!"},"content":{"rendered":"<p class=\"qtranxs-available-languages-message qtranxs-available-languages-message-pt\">Desculpe, este conte\u00fado s\u00f3 est\u00e1 dispon\u00edvel em <a href=\"https:\/\/diederichs.com\/de\/wp-json\/wp\/v2\/pages\/81369\" class=\"qtranxs-available-language-link qtranxs-available-language-link-de\" title=\"Deutsch\">Deutsch<\/a>.<\/p>","protected":false},"excerpt":{"rendered":"<p>Desculpe, este conte\u00fado s\u00f3 est\u00e1 dispon\u00edvel em Deutsch.<\/p>\n","protected":false},"author":2,"featured_media":0,"parent":0,"menu_order":0,"comment_status":"closed","ping_status":"closed","template":"","meta":{"footnotes":""},"class_list":["post-81369","page","type-page","status-publish","hentry"],"_links":{"self":[{"href":"https:\/\/diederichs.com\/pt\/wp-json\/wp\/v2\/pages\/81369","targetHints":{"allow":["GET"]}}],"collection":[{"href":"https:\/\/diederichs.com\/pt\/wp-json\/wp\/v2\/pages"}],"about":[{"href":"https:\/\/diederichs.com\/pt\/wp-json\/wp\/v2\/types\/page"}],"author":[{"embeddable":true,"href":"https:\/\/diederichs.com\/pt\/wp-json\/wp\/v2\/users\/2"}],"replies":[{"embeddable":true,"href":"https:\/\/diederichs.com\/pt\/wp-json\/wp\/v2\/comments?post=81369"}],"version-history":[{"count":0,"href":"https:\/\/diederichs.com\/pt\/wp-json\/wp\/v2\/pages\/81369\/revisions"}],"wp:attachment":[{"href":"https:\/\/diederichs.com\/pt\/wp-json\/wp\/v2\/media?parent=81369"}],"curies":[{"name":"wp","href":"https:\/\/api.w.org\/{rel}","templated":true}]}}