{"id":510,"date":"2016-06-23T12:34:00","date_gmt":"2016-06-23T10:34:00","guid":{"rendered":"http:\/\/diederichs.com\/?page_id=510"},"modified":"2025-06-16T12:52:15","modified_gmt":"2025-06-16T10:52:15","slug":"geschaeftszeiten","status":"publish","type":"page","link":"https:\/\/diederichs.com\/pt\/geschaeftszeiten\/","title":{"rendered":"Horas de expediente"},"content":{"rendered":"<p><\/p>\n<p style=\"text-align: center;\"><strong>segunda-feira<\/strong>\u00a0\u00a0\u00a0\u00a0\u00a0\u00a0\u00a0\u00a0\u00a0\u00a0\u00a0\u00a0\u00a0\u00a0\u00a0 8:00 -18:00<\/p>\n<p style=\"text-align: center;\"><strong>ter\u00e7a-feira<\/strong>\u00a0\u00a0\u00a0\u00a0\u00a0\u00a0\u00a0\u00a0\u00a0\u00a0\u00a0 \u00a0\u00a0\u00a0\u00a0\u00a0\u00a0\u00a0\u00a0\u00a08:00 \u2013 18:00<\/p>\n<p style=\"text-align: center;\"><strong>quarta-feira\u00a0<\/strong>\u00a0\u00a0\u00a0\u00a0\u00a0\u00a0\u00a0\u00a0\u00a0\u00a0\u00a0 \u00a0\u00a0\u00a0\u00a08:00 \u2013 18:00<\/p>\n<p style=\"text-align: center;\"><strong>quinta-feira<\/strong>\u00a0\u00a0\u00a0\u00a0\u00a0\u00a0\u00a0\u00a0 \u00a0\u00a0\u00a0\u00a0\u00a0\u00a0\u00a0\u00a08:00 \u2013 18:00<\/p>\n<p style=\"text-align: center;\"><strong>sexta-feira<\/strong>\u00a0\u00a0\u00a0\u00a0\u00a0\u00a0\u00a0\u00a0\u00a0\u00a0\u00a0\u00a0\u00a0 \u00a0\u00a0\u00a0\u00a0\u00a08:00 \u2013 17:00<\/p>\n<p style=\"text-align: center;\"><strong>s\u00e1bado<\/strong>\u00a0\u00a0\u00a0\u00a0\u00a0\u00a0\u00a0\u00a0\u00a0\u00a0\u00a0\u00a0\u00a0\u00a0\u00a0 \u00a0\u00a0\u00a0\u00a0\u00a0\u00a0\u00a0\u00a0\u00a09:00 \u2013 12:30<\/p>\n<p style=\"text-align: center;\">\u0090<\/p>\n<p>\u0090<\/p>\n<p style=\"text-align: justify;\">O envio das encomendas \u00e9 feito no mesmo dia para os produtos com exist\u00eancia em stock desde que o pedido seja recebido entre as 8h e as 17.00 h de segunda a quinta-feira ou at\u00e9 \u00e0s 16h00 h \u00e0s sextas-feiras. Noutras circunst\u00e2ncias a expedi\u00e7\u00e3o depender\u00e1 do volume de encomendas e da log\u00edstica e hor\u00e1rios dos transportes necess\u00e1rios. Para encomendas tardias sugere-se colocar a ordem de encomenda junto do respetivo vendedor para combinar sobre a urg\u00eancia da encomenda.<\/p>\n<p><\/p>","protected":false},"excerpt":{"rendered":"<p>segunda-feira\u00a0\u00a0\u00a0\u00a0\u00a0\u00a0\u00a0\u00a0\u00a0\u00a0\u00a0\u00a0\u00a0\u00a0\u00a0 8:00 -18:00 ter\u00e7a-feira\u00a0\u00a0\u00a0\u00a0\u00a0\u00a0\u00a0\u00a0\u00a0\u00a0\u00a0 \u00a0\u00a0\u00a0\u00a0\u00a0\u00a0\u00a0\u00a0\u00a08:00 \u2013 18:00 quarta-feira\u00a0\u00a0\u00a0\u00a0\u00a0\u00a0\u00a0\u00a0\u00a0\u00a0\u00a0\u00a0 \u00a0\u00a0\u00a0\u00a08:00 \u2013 18:00 quinta-feira\u00a0\u00a0\u00a0\u00a0\u00a0\u00a0\u00a0\u00a0 \u00a0\u00a0\u00a0\u00a0\u00a0\u00a0\u00a0\u00a08:00 \u2013 18:00 sexta-feira\u00a0\u00a0\u00a0\u00a0\u00a0\u00a0\u00a0\u00a0\u00a0\u00a0\u00a0\u00a0\u00a0 \u00a0\u00a0\u00a0\u00a0\u00a08:00 \u2013 17:00 s\u00e1bado\u00a0\u00a0\u00a0\u00a0\u00a0\u00a0\u00a0\u00a0\u00a0\u00a0\u00a0\u00a0\u00a0\u00a0\u00a0 \u00a0\u00a0\u00a0\u00a0\u00a0\u00a0\u00a0\u00a0\u00a09:00 \u2013 12:30 \u0090 \u0090 O envio das encomendas \u00e9 feito no mesmo dia para os produtos com exist\u00eancia em stock desde que o pedido seja recebido entre as 8h e as 17.00 h de &hellip; <a href=\"https:\/\/diederichs.com\/pt\/geschaeftszeiten\/\">Continued<\/a><\/p>\n","protected":false},"author":2,"featured_media":0,"parent":0,"menu_order":9,"comment_status":"closed","ping_status":"closed","template":"","meta":{"footnotes":""},"class_list":["post-510","page","type-page","status-publish","hentry"],"_links":{"self":[{"href":"https:\/\/diederichs.com\/pt\/wp-json\/wp\/v2\/pages\/510","targetHints":{"allow":["GET"]}}],"collection":[{"href":"https:\/\/diederichs.com\/pt\/wp-json\/wp\/v2\/pages"}],"about":[{"href":"https:\/\/diederichs.com\/pt\/wp-json\/wp\/v2\/types\/page"}],"author":[{"embeddable":true,"href":"https:\/\/diederichs.com\/pt\/wp-json\/wp\/v2\/users\/2"}],"replies":[{"embeddable":true,"href":"https:\/\/diederichs.com\/pt\/wp-json\/wp\/v2\/comments?post=510"}],"version-history":[{"count":32,"href":"https:\/\/diederichs.com\/pt\/wp-json\/wp\/v2\/pages\/510\/revisions"}],"predecessor-version":[{"id":81933,"href":"https:\/\/diederichs.com\/pt\/wp-json\/wp\/v2\/pages\/510\/revisions\/81933"}],"wp:attachment":[{"href":"https:\/\/diederichs.com\/pt\/wp-json\/wp\/v2\/media?parent=510"}],"curies":[{"name":"wp","href":"https:\/\/api.w.org\/{rel}","templated":true}]}}