{"id":222,"date":"2016-05-24T13:02:17","date_gmt":"2016-05-24T11:02:17","guid":{"rendered":"http:\/\/diederichs.com\/?page_id=222"},"modified":"2021-04-01T11:55:44","modified_gmt":"2021-04-01T09:55:44","slug":"tuning-und-verdelung","status":"publish","type":"page","link":"https:\/\/diederichs.com\/pt\/beispiel-seite\/produkte\/tuning-und-verdelung\/","title":{"rendered":"Ajuste e Acabamento"},"content":{"rendered":"<p><\/p>\n<p style=\"text-align: center;\"><a href=\"https:\/\/diederichs.com\/en\/1038-2\/\"><img loading=\"lazy\" decoding=\"async\" class=\"aligncenter wp-image-659\" src=\"http:\/\/diederichs.com\/wp-content\/uploads\/2016\/07\/Tuning-u-Veredelung.jpg\" alt=\"Tuning u Veredelung\" width=\"904\" height=\"311\" srcset=\"https:\/\/diederichs.com\/wp-content\/uploads\/2016\/07\/Tuning-u-Veredelung.jpg 1417w, https:\/\/diederichs.com\/wp-content\/uploads\/2016\/07\/Tuning-u-Veredelung-300x103.jpg 300w, https:\/\/diederichs.com\/wp-content\/uploads\/2016\/07\/Tuning-u-Veredelung-1024x352.jpg 1024w\" sizes=\"auto, (max-width: 904px) 100vw, 904px\" \/><\/a><a href=\"https:\/\/diederichs.com\/en\/1038-2\/\">Online-Shop<\/a><\/p>\n<p>Somos um fornecedor l\u00edder com mais de 5.000 artigos para <em>Tuning<\/em> onde poder\u00e1 escolher entre uma grande variedade de <em>designs<\/em> .<\/p>\n<p>It might be necessary, to have our products registered within the documents of the car and\/or to apply for approval by the responsible public authority.<\/p>\n<p>Please inform yourself prior to installation or fitting.<\/p>\n<p>Oferecemos os seguintes produtos para<em> Tuning<\/em>:<\/p>\n<ul>\n<li>Ilumina\u00e7\u00e3o (far\u00f3is \/ far\u00f3is traseiros \/ piscas \/ luzes de nevoeiro e luzes diurnas)<\/li>\n<li>BodyParts (Kits completos \/ para-choques \/ saias laterais\/ grades e spoilers) numa variedade de estilos<\/li>\n<li>Suspens\u00e3o dos principais fabricantes, com uma grande variedade de kits de abaixamento.<\/li>\n<\/ul>\n<p style=\"text-align: center;\">\n<p><\/p>","protected":false},"excerpt":{"rendered":"<p>Online-Shop Somos um fornecedor l\u00edder com mais de 5.000 artigos para Tuning onde poder\u00e1 escolher entre uma grande variedade de designs . It might be necessary, to have our products registered within the documents of the car and\/or to apply for approval by the responsible public authority. Please inform yourself prior to installation or fitting. &hellip; <a href=\"https:\/\/diederichs.com\/pt\/beispiel-seite\/produkte\/tuning-und-verdelung\/\">Continued<\/a><\/p>\n","protected":false},"author":1,"featured_media":0,"parent":4,"menu_order":3,"comment_status":"closed","ping_status":"closed","template":"template-produkte-child.php","meta":{"footnotes":""},"class_list":["post-222","page","type-page","status-publish","hentry"],"_links":{"self":[{"href":"https:\/\/diederichs.com\/pt\/wp-json\/wp\/v2\/pages\/222","targetHints":{"allow":["GET"]}}],"collection":[{"href":"https:\/\/diederichs.com\/pt\/wp-json\/wp\/v2\/pages"}],"about":[{"href":"https:\/\/diederichs.com\/pt\/wp-json\/wp\/v2\/types\/page"}],"author":[{"embeddable":true,"href":"https:\/\/diederichs.com\/pt\/wp-json\/wp\/v2\/users\/1"}],"replies":[{"embeddable":true,"href":"https:\/\/diederichs.com\/pt\/wp-json\/wp\/v2\/comments?post=222"}],"version-history":[{"count":62,"href":"https:\/\/diederichs.com\/pt\/wp-json\/wp\/v2\/pages\/222\/revisions"}],"predecessor-version":[{"id":34099,"href":"https:\/\/diederichs.com\/pt\/wp-json\/wp\/v2\/pages\/222\/revisions\/34099"}],"up":[{"embeddable":true,"href":"https:\/\/diederichs.com\/pt\/wp-json\/wp\/v2\/pages\/4"}],"wp:attachment":[{"href":"https:\/\/diederichs.com\/pt\/wp-json\/wp\/v2\/media?parent=222"}],"curies":[{"name":"wp","href":"https:\/\/api.w.org\/{rel}","templated":true}]}}