{"id":220,"date":"2016-05-24T13:02:09","date_gmt":"2016-05-24T11:02:09","guid":{"rendered":"http:\/\/diederichs.com\/?page_id=220"},"modified":"2017-10-10T10:01:03","modified_gmt":"2017-10-10T08:01:03","slug":"diederichs-climate","status":"publish","type":"page","link":"https:\/\/diederichs.com\/pt\/beispiel-seite\/produkte\/diederichs-climate\/","title":{"rendered":"Diederichs Climate"},"content":{"rendered":"<p><\/p>\n<p style=\"text-align: center;\"><a href=\"https:\/\/diederichs.com\/en\/1038-2\/\"><img loading=\"lazy\" decoding=\"async\" class=\"aligncenter wp-image-660\" src=\"http:\/\/diederichs.com\/wp-content\/uploads\/2016\/07\/Climate.jpg\" alt=\"Climate\" width=\"884\" height=\"304\" srcset=\"https:\/\/diederichs.com\/wp-content\/uploads\/2016\/07\/Climate.jpg 1417w, https:\/\/diederichs.com\/wp-content\/uploads\/2016\/07\/Climate-300x103.jpg 300w, https:\/\/diederichs.com\/wp-content\/uploads\/2016\/07\/Climate-1024x352.jpg 1024w\" sizes=\"auto, (max-width: 884px) 100vw, 884px\" \/><\/a><a href=\"https:\/\/diederichs.com\/en\/1038-2\/\">Online-Shop<\/a><\/p>\n<p>Atualmente estamos a construir uma nova marca, a Diederichs Climate.<\/p>\n<p>Ao contr\u00e1rio de outros fornecedores, disponibilizamos um apoio individualizado que passa por forma\u00e7\u00e3o, assist\u00eancia via telef\u00f3nica e at\u00e9 ao tratamento de reclama\u00e7\u00f5es no local e do produto Box para private Label (branding)<\/p>\n<p>Estamos permanente e sistematicamente em pesquisa de pe\u00e7as que possam substituir, com vantagens significativas de pre\u00e7os, as pe\u00e7as originais dos ve\u00edculos.<\/p>\n<p>O envio \u00e9 efetuado em pacotes pr\u00f3prios que s\u00e3o adaptados ao respetivo tipo de produto para assegurar transporte de alta qualidade.<\/p>\n<p style=\"text-align: center;\">\n<p><\/p>","protected":false},"excerpt":{"rendered":"<p>Online-Shop Atualmente estamos a construir uma nova marca, a Diederichs Climate. Ao contr\u00e1rio de outros fornecedores, disponibilizamos um apoio individualizado que passa por forma\u00e7\u00e3o, assist\u00eancia via telef\u00f3nica e at\u00e9 ao tratamento de reclama\u00e7\u00f5es no local e do produto Box para private Label (branding) Estamos permanente e sistematicamente em pesquisa de pe\u00e7as que possam substituir, com &hellip; <a href=\"https:\/\/diederichs.com\/pt\/beispiel-seite\/produkte\/diederichs-climate\/\">Continued<\/a><\/p>\n","protected":false},"author":1,"featured_media":0,"parent":4,"menu_order":2,"comment_status":"closed","ping_status":"closed","template":"template-produkte-child.php","meta":{"footnotes":""},"class_list":["post-220","page","type-page","status-publish","hentry"],"_links":{"self":[{"href":"https:\/\/diederichs.com\/pt\/wp-json\/wp\/v2\/pages\/220","targetHints":{"allow":["GET"]}}],"collection":[{"href":"https:\/\/diederichs.com\/pt\/wp-json\/wp\/v2\/pages"}],"about":[{"href":"https:\/\/diederichs.com\/pt\/wp-json\/wp\/v2\/types\/page"}],"author":[{"embeddable":true,"href":"https:\/\/diederichs.com\/pt\/wp-json\/wp\/v2\/users\/1"}],"replies":[{"embeddable":true,"href":"https:\/\/diederichs.com\/pt\/wp-json\/wp\/v2\/comments?post=220"}],"version-history":[{"count":47,"href":"https:\/\/diederichs.com\/pt\/wp-json\/wp\/v2\/pages\/220\/revisions"}],"predecessor-version":[{"id":1392,"href":"https:\/\/diederichs.com\/pt\/wp-json\/wp\/v2\/pages\/220\/revisions\/1392"}],"up":[{"embeddable":true,"href":"https:\/\/diederichs.com\/pt\/wp-json\/wp\/v2\/pages\/4"}],"wp:attachment":[{"href":"https:\/\/diederichs.com\/pt\/wp-json\/wp\/v2\/media?parent=220"}],"curies":[{"name":"wp","href":"https:\/\/api.w.org\/{rel}","templated":true}]}}