{"id":217,"date":"2016-05-24T13:01:58","date_gmt":"2016-05-24T11:01:58","guid":{"rendered":"http:\/\/diederichs.com\/?page_id=217"},"modified":"2017-10-10T10:00:29","modified_gmt":"2017-10-10T08:00:29","slug":"karosserieteile-und-beleuchtung","status":"publish","type":"page","link":"https:\/\/diederichs.com\/pt\/beispiel-seite\/produkte\/karosserieteile-und-beleuchtung\/","title":{"rendered":"Cat\u00e1logi de Carro\u00e7aria e Ilumina\u00e7\u00e3o"},"content":{"rendered":"<p><a href=\"https:\/\/diederichs.com\/en\/1038-2\/\"><img loading=\"lazy\" decoding=\"async\" class=\"aligncenter wp-image-661\" src=\"http:\/\/diederichs.com\/wp-content\/uploads\/2016\/07\/Karosserieteile.jpg\" alt=\"Karosserieteile\" width=\"948\" height=\"326\" srcset=\"https:\/\/diederichs.com\/wp-content\/uploads\/2016\/07\/Karosserieteile.jpg 1417w, https:\/\/diederichs.com\/wp-content\/uploads\/2016\/07\/Karosserieteile-300x103.jpg 300w, https:\/\/diederichs.com\/wp-content\/uploads\/2016\/07\/Karosserieteile-1024x352.jpg 1024w\" sizes=\"auto, (max-width: 948px) 100vw, 948px\" \/><\/a><\/p>\n<p style=\"text-align: center;\"><a href=\"https:\/\/diederichs.com\/en\/1038-2\/\">\u00a0\u00a0\u00a0\u00a0 Online-Shop<\/a><\/p>\n<p>As nossas pe\u00e7as de reposi\u00e7\u00e3o est\u00e3o certificadas, s\u00e3o uma alternativa realmente mais econ\u00f3mica em rela\u00e7\u00e3o \u00e0 grande maioria das pe\u00e7as originais e t\u00eam uma qualidade equipar\u00e1vel.<\/p>\n<ul>\n<li>Qualidade de material<\/li>\n<li>Espessura de material<\/li>\n<li>Peso de material<\/li>\n<li>Resistente a corros\u00e3o<\/li>\n<li>Qualidade de acabamento<\/li>\n<li>Veda\u00e7\u00e3o da borda<\/li>\n<li>Pontos de fixa\u00e7\u00e3o<\/li>\n<li>Dobradi\u00e7as<\/li>\n<li>Pontos de deforma\u00e7\u00e3o<\/li>\n<li>Pontos de solda<\/li>\n<\/ul>\n<p style=\"text-align: center;\"><a href=\"https:\/\/diederichs.com\/1038-2\/\">\u00a0\u00a0\u00a0\u00a0 Online-Shop<\/a><\/p>\n<p><\/p>","protected":false},"excerpt":{"rendered":"<p>\u00a0\u00a0\u00a0\u00a0 Online-Shop As nossas pe\u00e7as de reposi\u00e7\u00e3o est\u00e3o certificadas, s\u00e3o uma alternativa realmente mais econ\u00f3mica em rela\u00e7\u00e3o \u00e0 grande maioria das pe\u00e7as originais e t\u00eam uma qualidade equipar\u00e1vel. Qualidade de material Espessura de material Peso de material Resistente a corros\u00e3o Qualidade de acabamento Veda\u00e7\u00e3o da borda Pontos de fixa\u00e7\u00e3o Dobradi\u00e7as Pontos de deforma\u00e7\u00e3o Pontos de &hellip; <a href=\"https:\/\/diederichs.com\/pt\/beispiel-seite\/produkte\/karosserieteile-und-beleuchtung\/\">Continued<\/a><\/p>\n","protected":false},"author":1,"featured_media":0,"parent":4,"menu_order":1,"comment_status":"closed","ping_status":"closed","template":"template-produkte-child.php","meta":{"footnotes":""},"class_list":["post-217","page","type-page","status-publish","hentry"],"_links":{"self":[{"href":"https:\/\/diederichs.com\/pt\/wp-json\/wp\/v2\/pages\/217","targetHints":{"allow":["GET"]}}],"collection":[{"href":"https:\/\/diederichs.com\/pt\/wp-json\/wp\/v2\/pages"}],"about":[{"href":"https:\/\/diederichs.com\/pt\/wp-json\/wp\/v2\/types\/page"}],"author":[{"embeddable":true,"href":"https:\/\/diederichs.com\/pt\/wp-json\/wp\/v2\/users\/1"}],"replies":[{"embeddable":true,"href":"https:\/\/diederichs.com\/pt\/wp-json\/wp\/v2\/comments?post=217"}],"version-history":[{"count":57,"href":"https:\/\/diederichs.com\/pt\/wp-json\/wp\/v2\/pages\/217\/revisions"}],"predecessor-version":[{"id":1391,"href":"https:\/\/diederichs.com\/pt\/wp-json\/wp\/v2\/pages\/217\/revisions\/1391"}],"up":[{"embeddable":true,"href":"https:\/\/diederichs.com\/pt\/wp-json\/wp\/v2\/pages\/4"}],"wp:attachment":[{"href":"https:\/\/diederichs.com\/pt\/wp-json\/wp\/v2\/media?parent=217"}],"curies":[{"name":"wp","href":"https:\/\/api.w.org\/{rel}","templated":true}]}}