{"id":2,"date":"2016-04-18T09:37:05","date_gmt":"2016-04-18T07:37:05","guid":{"rendered":"http:\/\/diederichs.com\/?page_id=2"},"modified":"2026-01-12T10:11:38","modified_gmt":"2026-01-12T09:11:38","slug":"beispiel-seite","status":"publish","type":"page","link":"https:\/\/diederichs.com\/pt\/","title":{"rendered":"Diederichs Karosserieteile GmbH"},"content":{"rendered":"<p><\/p>\n<h1 style=\"text-align: justify;\"><strong>Qualidade a toda a hora<\/strong><\/h1>\n<p style=\"text-align: justify;\">A Diederichs \u00e9 uma empresa alem\u00e3 fundada em 1967 por Holger Diederichs que emprega hoje cerca de 100 pessoas. Fornece pe\u00e7as e acess\u00f3rios para autom\u00f3vel a mais de 14.000 oficinas em v\u00e1rios pa\u00edses, principalmente na Alemanha. Dispomos de uma \u00e1rea de armazenamento de 30.000 m2 com mais de 42.000 artigos diferentes dispon\u00edveis para mais de 1125 tipos de ve\u00edculos. <span style=\"line-height: 1.42857;\">Abrangemos uma vasta gama de produtos que v\u00e3o de um simples tri\u00e2ngulo, \u00e0 tecnologia de frio e climatiza\u00e7\u00e3o, ilumina\u00e7\u00e3o e carroceria, passando por espelhos desportivos e far\u00f3is com design e outros equipamentos de ilumina\u00e7\u00e3o. <\/span><\/p>\n<p style=\"text-align: justify;\"><span style=\"line-height: 1.42857;\">Prestamos especial aten\u00e7\u00e3o em fornecer um servi\u00e7o verdadeiramente completo aos nossos clientes: asseguramos um atendimento de qualidade, assessorado por comerciais de elevado know-how t\u00e9cnico e sustentado por elevada capacidade de r\u00e1pida entrega de pe\u00e7as de reposi\u00e7\u00e3o, com qualidade certificada.<\/span><\/p>\n<p style=\"text-align: justify;\">O nosso departamento de compras procura sistematicamente a n\u00edvel internacional as pe\u00e7as e acess\u00f3rios com os pre\u00e7os mais competitivos em rela\u00e7\u00e3o \u00e0s pe\u00e7as originais. O despacho das encomendas \u00e9 realizado em menos de 24h com embalamento espec\u00edfico, adaptado aos respetivos grupos de produtos para garantir o seu transporte com seguran\u00e7a.<\/p>\n<h1 style=\"text-align: justify;\"><strong>Qualidade a toda a hora<\/strong><\/h1>\n<p style=\"text-align: justify;\">A Diederichs \u00e9 uma empresa alem\u00e3 fundada em 1967 por Holger Diederichs que emprega hoje cerca de 100 pessoas. Fornece pe\u00e7as e acess\u00f3rios para autom\u00f3vel a mais de 14.000 oficinas em v\u00e1rios pa\u00edses, principalmente na Alemanha. Dispomos de uma \u00e1rea de armazenamento de 30.000 m2 com mais de 42.000 artigos diferentes dispon\u00edveis para mais de 1125 tipos de ve\u00edculos. <span style=\"line-height: 1.42857;\">Abrangemos uma vasta gama de produtos que v\u00e3o de um simples tri\u00e2ngulo, \u00e0 tecnologia de frio e climatiza\u00e7\u00e3o, ilumina\u00e7\u00e3o e carroceria, passando por espelhos desportivos e far\u00f3is com design e outros equipamentos de ilumina\u00e7\u00e3o. <\/span><\/p>\n<p style=\"text-align: justify;\"><span style=\"line-height: 1.42857;\">Prestamos especial aten\u00e7\u00e3o em fornecer um servi\u00e7o verdadeiramente completo aos nossos clientes: asseguramos um atendimento de qualidade, assessorado por comerciais de elevado know-how t\u00e9cnico e sustentado por elevada capacidade de r\u00e1pida entrega de pe\u00e7as de reposi\u00e7\u00e3o, com qualidade certificada.<\/span><\/p>\n<p style=\"text-align: justify;\">O nosso departamento de compras procura sistematicamente a n\u00edvel internacional as pe\u00e7as e acess\u00f3rios com os pre\u00e7os mais competitivos em rela\u00e7\u00e3o \u00e0s pe\u00e7as originais. O despacho das encomendas \u00e9 realizado em menos de 24h com embalamento espec\u00edfico, adaptado aos respetivos grupos de produtos para garantir o seu transporte com seguran\u00e7a.<\/p>\n<h1 style=\"text-align: justify;\"><strong>Qualidade a toda a hora<\/strong><\/h1>\n<p style=\"text-align: justify;\">A Diederichs \u00e9 uma empresa alem\u00e3 fundada em 1967 por Holger Diederichs que emprega hoje cerca de 100 pessoas. Fornece pe\u00e7as e acess\u00f3rios para autom\u00f3vel a mais de 14.000 oficinas em v\u00e1rios pa\u00edses, principalmente na Alemanha. Dispomos de uma \u00e1rea de armazenamento de 30.000 m2 com mais de 42.000 artigos diferentes dispon\u00edveis para mais de 1125 tipos de ve\u00edculos. <span style=\"line-height: 1.42857;\">Abrangemos uma vasta gama de produtos que v\u00e3o de um simples tri\u00e2ngulo, \u00e0 tecnologia de frio e climatiza\u00e7\u00e3o, ilumina\u00e7\u00e3o e carroceria, passando por espelhos desportivos e far\u00f3is com design e outros equipamentos de ilumina\u00e7\u00e3o. <\/span><\/p>\n<p style=\"text-align: justify;\"><span style=\"line-height: 1.42857;\">Prestamos especial aten\u00e7\u00e3o em fornecer um servi\u00e7o verdadeiramente completo aos nossos clientes: asseguramos um atendimento de qualidade, assessorado por comerciais de elevado know-how t\u00e9cnico e sustentado por elevada capacidade de r\u00e1pida entrega de pe\u00e7as de reposi\u00e7\u00e3o, com qualidade certificada.<\/span><\/p>\n<p style=\"text-align: justify;\">O nosso departamento de compras procura sistematicamente a n\u00edvel internacional as pe\u00e7as e acess\u00f3rios com os pre\u00e7os mais competitivos em rela\u00e7\u00e3o \u00e0s pe\u00e7as originais. O despacho das encomendas \u00e9 realizado em menos de 24h com embalamento espec\u00edfico, adaptado aos respetivos grupos de produtos para garantir o seu transporte com seguran\u00e7a.<\/p>\n<h1 style=\"text-align: justify;\"><strong>Qualidade a toda a hora<\/strong><\/h1>\n<p style=\"text-align: justify;\">A Diederichs \u00e9 uma empresa alem\u00e3 fundada em 1967 por Holger Diederichs que emprega hoje cerca de 100 pessoas. Fornece pe\u00e7as e acess\u00f3rios para autom\u00f3vel a mais de 14.000 oficinas em v\u00e1rios pa\u00edses, principalmente na Alemanha. Dispomos de uma \u00e1rea de armazenamento de 30.000 m2 com mais de 42.000 artigos diferentes dispon\u00edveis para mais de 1125 tipos de ve\u00edculos. <span style=\"line-height: 1.42857;\">Abrangemos uma vasta gama de produtos que v\u00e3o de um simples tri\u00e2ngulo, \u00e0 tecnologia de frio e climatiza\u00e7\u00e3o, ilumina\u00e7\u00e3o e carroceria, passando por espelhos desportivos e far\u00f3is com design e outros equipamentos de ilumina\u00e7\u00e3o. <\/span><\/p>\n<p style=\"text-align: justify;\"><span style=\"line-height: 1.42857;\">Prestamos especial aten\u00e7\u00e3o em fornecer um servi\u00e7o verdadeiramente completo aos nossos clientes: asseguramos um atendimento de qualidade, assessorado por comerciais de elevado know-how t\u00e9cnico e sustentado por elevada capacidade de r\u00e1pida entrega de pe\u00e7as de reposi\u00e7\u00e3o, com qualidade certificada.<\/span><\/p>\n<p style=\"text-align: justify;\">O nosso departamento de compras procura sistematicamente a n\u00edvel internacional as pe\u00e7as e acess\u00f3rios com os pre\u00e7os mais competitivos em rela\u00e7\u00e3o \u00e0s pe\u00e7as originais. O despacho das encomendas \u00e9 realizado em menos de 24h com embalamento espec\u00edfico, adaptado aos respetivos grupos de produtos para garantir o seu transporte com seguran\u00e7a.<\/p>\n<p><\/p>","protected":false},"excerpt":{"rendered":"<p>Qualidade a toda a hora A Diederichs \u00e9 uma empresa alem\u00e3 fundada em 1967 por Holger Diederichs que emprega hoje cerca de 100 pessoas. Fornece pe\u00e7as e acess\u00f3rios para autom\u00f3vel a mais de 14.000 oficinas em v\u00e1rios pa\u00edses, principalmente na Alemanha. Dispomos de uma \u00e1rea de armazenamento de 30.000 m2 com mais de 42.000 artigos &hellip; <a href=\"https:\/\/diederichs.com\/pt\/\">Continued<\/a><\/p>\n","protected":false},"author":1,"featured_media":0,"parent":0,"menu_order":5,"comment_status":"closed","ping_status":"open","template":"","meta":{"footnotes":""},"class_list":["post-2","page","type-page","status-publish","hentry"],"_links":{"self":[{"href":"https:\/\/diederichs.com\/pt\/wp-json\/wp\/v2\/pages\/2","targetHints":{"allow":["GET"]}}],"collection":[{"href":"https:\/\/diederichs.com\/pt\/wp-json\/wp\/v2\/pages"}],"about":[{"href":"https:\/\/diederichs.com\/pt\/wp-json\/wp\/v2\/types\/page"}],"author":[{"embeddable":true,"href":"https:\/\/diederichs.com\/pt\/wp-json\/wp\/v2\/users\/1"}],"replies":[{"embeddable":true,"href":"https:\/\/diederichs.com\/pt\/wp-json\/wp\/v2\/comments?post=2"}],"version-history":[{"count":215,"href":"https:\/\/diederichs.com\/pt\/wp-json\/wp\/v2\/pages\/2\/revisions"}],"predecessor-version":[{"id":81986,"href":"https:\/\/diederichs.com\/pt\/wp-json\/wp\/v2\/pages\/2\/revisions\/81986"}],"wp:attachment":[{"href":"https:\/\/diederichs.com\/pt\/wp-json\/wp\/v2\/media?parent=2"}],"curies":[{"name":"wp","href":"https:\/\/api.w.org\/{rel}","templated":true}]}}