{"id":11,"date":"2016-04-18T12:37:08","date_gmt":"2016-04-18T10:37:08","guid":{"rendered":"http:\/\/diederichs.com\/?page_id=11"},"modified":"2020-07-09T12:17:07","modified_gmt":"2020-07-09T10:17:07","slug":"ueber-uns","status":"publish","type":"page","link":"https:\/\/diederichs.com\/pt\/ueber-uns\/","title":{"rendered":"Sobre n\u00f3s"},"content":{"rendered":"<p><\/p>\n<p style=\"text-align: justify;\">A empresa DIEDERICHS \u00e9 uma empresa familiar fundada em 1967 por Holger Diederichs. Ap\u00f3s a reforma de Holger Diederichs o seu filho Jan-Christian Diederichs passou a dirigir a empresa. A filosofia da empresa baseia-se num projeto de cariz familiar, dirigido para o futuro que emprega atualmente cerca de 100 pessoas.<\/p>\n<p style=\"text-align: justify;\">Fornecemos pe\u00e7as para ve\u00edculos autom\u00f3veis a mais de 14.000 oficinas e garagens em v\u00e1rios pa\u00edses, principalmente na Alemanha.<\/p>\n<p style=\"text-align: justify;\">A DIEDERICHS Karosserieteile GmbH \u00e9 o nosso ramo especializado nas \u00e1reas de produtos para sistemas de carrocerias, far\u00f3is\/ilumina\u00e7\u00e3o e ar condicionado. Al\u00e9m disso, a empresa mant\u00e9m a sua pr\u00f3pria divis\u00e3o de <em>Tuning<\/em>.<\/p>\n<p style=\"text-align: justify;\">Podem ser encomendados mais de 36.000 produtos diferentes, tanto online como telefonicamente.<\/p>\n<p style=\"text-align: justify;\">A empresa possui um amplo portf\u00f3lio internacional de fornecedores de qualidade, que certifica no local e anualmente por iniciativa pr\u00f3pria.<\/p>\n<p style=\"text-align: justify;\">\u201cS\u00f3 neste ano criamos muitos empregos, nas \u00e1reas de compras e gest\u00e3o de produtos. S\u00f3 assim \u00e9 poss\u00edvel atender \u00e0s realidades e atualiza\u00e7\u00e3o, num mercado de pe\u00e7as que est\u00e1 em constante mudan\u00e7a&#8221;, diz Jan-Christian Diederichs referindo-se ao crescimento permanente da empresa.<\/p>\n<p><\/p>","protected":false},"excerpt":{"rendered":"<p>A empresa DIEDERICHS \u00e9 uma empresa familiar fundada em 1967 por Holger Diederichs. Ap\u00f3s a reforma de Holger Diederichs o seu filho Jan-Christian Diederichs passou a dirigir a empresa. A filosofia da empresa baseia-se num projeto de cariz familiar, dirigido para o futuro que emprega atualmente cerca de 100 pessoas. Fornecemos pe\u00e7as para ve\u00edculos autom\u00f3veis &hellip; <a href=\"https:\/\/diederichs.com\/pt\/ueber-uns\/\">Continued<\/a><\/p>\n","protected":false},"author":1,"featured_media":0,"parent":0,"menu_order":10,"comment_status":"closed","ping_status":"closed","template":"","meta":{"footnotes":""},"class_list":["post-11","page","type-page","status-publish","hentry"],"_links":{"self":[{"href":"https:\/\/diederichs.com\/pt\/wp-json\/wp\/v2\/pages\/11","targetHints":{"allow":["GET"]}}],"collection":[{"href":"https:\/\/diederichs.com\/pt\/wp-json\/wp\/v2\/pages"}],"about":[{"href":"https:\/\/diederichs.com\/pt\/wp-json\/wp\/v2\/types\/page"}],"author":[{"embeddable":true,"href":"https:\/\/diederichs.com\/pt\/wp-json\/wp\/v2\/users\/1"}],"replies":[{"embeddable":true,"href":"https:\/\/diederichs.com\/pt\/wp-json\/wp\/v2\/comments?post=11"}],"version-history":[{"count":41,"href":"https:\/\/diederichs.com\/pt\/wp-json\/wp\/v2\/pages\/11\/revisions"}],"predecessor-version":[{"id":1840,"href":"https:\/\/diederichs.com\/pt\/wp-json\/wp\/v2\/pages\/11\/revisions\/1840"}],"wp:attachment":[{"href":"https:\/\/diederichs.com\/pt\/wp-json\/wp\/v2\/media?parent=11"}],"curies":[{"name":"wp","href":"https:\/\/api.w.org\/{rel}","templated":true}]}}