{"id":510,"date":"2016-06-23T12:34:00","date_gmt":"2016-06-23T10:34:00","guid":{"rendered":"http:\/\/diederichs.com\/?page_id=510"},"modified":"2025-06-16T12:52:15","modified_gmt":"2025-06-16T10:52:15","slug":"geschaeftszeiten","status":"publish","type":"page","link":"https:\/\/diederichs.com\/pl\/geschaeftszeiten\/","title":{"rendered":"Nasze godziny Otwarcia"},"content":{"rendered":"<p><\/p>\n<p style=\"text-align: center;\">Poniedzia\u0142ek\u00a0\u00a0\u00a0\u00a0\u00a0\u00a0\u00a0\u00a0\u00a0 8:00 \u2013 18:00<\/p>\n<p style=\"text-align: center;\">Wtorek\u00a0\u00a0\u00a0\u00a0\u00a0\u00a0\u00a0\u00a0\u00a0\u00a0\u00a0\u00a0\u00a0\u00a0\u00a0\u00a0\u00a0\u00a0 8:00 \u2013 18:00<\/p>\n<p style=\"text-align: center;\">\u015aroda\u00a0\u00a0\u00a0\u00a0\u00a0\u00a0\u00a0\u00a0\u00a0\u00a0\u00a0\u00a0\u00a0\u00a0\u00a0\u00a0\u00a0\u00a0\u00a0\u00a0\u00a0 8:00 \u2013 18:00<\/p>\n<p style=\"text-align: center;\">Czwartek\u00a0\u00a0\u00a0\u00a0\u00a0\u00a0\u00a0\u00a0\u00a0\u00a0\u00a0\u00a0\u00a0\u00a0\u00a0 8:00 \u2013 18:00<\/p>\n<p style=\"text-align: center;\">Pi\u0105tek\u00a0\u00a0\u00a0\u00a0\u00a0\u00a0\u00a0\u00a0\u00a0\u00a0\u00a0\u00a0\u00a0\u00a0\u00a0\u00a0\u00a0\u00a0\u00a0\u00a0\u00a0 8:00 \u2013 17:00<\/p>\n<p style=\"text-align: center;\">Sobota\u00a0 \u00a0\u00a0\u00a0\u00a0\u00a0\u00a0\u00a0\u00a0\u00a0\u00a0\u00a0\u00a0\u00a0\u00a0\u00a0\u00a0\u00a0\u00a09:00 \u2013 12:30<\/p>\n<p style=\"text-align: center;\">\n<p>Zam\u00f3wienia od Poniedzia\u0142ku do Czwartku do godziny 17.00 oraz w Pi\u0105tek do godziny 16.00 je\u017celi cz\u0119\u015bci s\u0105 na magazynie zostan\u0105 wys\u0142ane tego samego dnia. P\u00f3zniej zalezy to od wielko\u015bci zam\u00f3wienia oraz od terminu odjazdu firmy przewozowej. Nasz serwis telefoniczny pomoze w dobraniu jak najlepszego rozwi\u0105zania .<\/p>","protected":false},"excerpt":{"rendered":"<p>Poniedzia\u0142ek\u00a0\u00a0\u00a0\u00a0\u00a0\u00a0\u00a0\u00a0\u00a0 8:00 \u2013 18:00 Wtorek\u00a0\u00a0\u00a0\u00a0\u00a0\u00a0\u00a0\u00a0\u00a0\u00a0\u00a0\u00a0\u00a0\u00a0\u00a0\u00a0\u00a0\u00a0 8:00 \u2013 18:00 \u015aroda\u00a0\u00a0\u00a0\u00a0\u00a0\u00a0\u00a0\u00a0\u00a0\u00a0\u00a0\u00a0\u00a0\u00a0\u00a0\u00a0\u00a0\u00a0\u00a0\u00a0\u00a0 8:00 \u2013 18:00 Czwartek\u00a0\u00a0\u00a0\u00a0\u00a0\u00a0\u00a0\u00a0\u00a0\u00a0\u00a0\u00a0\u00a0\u00a0\u00a0 8:00 \u2013 18:00 Pi\u0105tek\u00a0\u00a0\u00a0\u00a0\u00a0\u00a0\u00a0\u00a0\u00a0\u00a0\u00a0\u00a0\u00a0\u00a0\u00a0\u00a0\u00a0\u00a0\u00a0\u00a0\u00a0 8:00 \u2013 17:00 Sobota\u00a0 \u00a0\u00a0\u00a0\u00a0\u00a0\u00a0\u00a0\u00a0\u00a0\u00a0\u00a0\u00a0\u00a0\u00a0\u00a0\u00a0\u00a0\u00a09:00 \u2013 12:30 Zam\u00f3wienia od Poniedzia\u0142ku do Czwartku do godziny 17.00 oraz w Pi\u0105tek do godziny 16.00 je\u017celi cz\u0119\u015bci s\u0105 na magazynie zostan\u0105 wys\u0142ane tego samego dnia. P\u00f3zniej zalezy to od wielko\u015bci zam\u00f3wienia oraz &hellip; <a href=\"https:\/\/diederichs.com\/pl\/geschaeftszeiten\/\">Continued<\/a><\/p>\n","protected":false},"author":2,"featured_media":0,"parent":0,"menu_order":9,"comment_status":"closed","ping_status":"closed","template":"","meta":{"footnotes":""},"class_list":["post-510","page","type-page","status-publish","hentry"],"_links":{"self":[{"href":"https:\/\/diederichs.com\/pl\/wp-json\/wp\/v2\/pages\/510","targetHints":{"allow":["GET"]}}],"collection":[{"href":"https:\/\/diederichs.com\/pl\/wp-json\/wp\/v2\/pages"}],"about":[{"href":"https:\/\/diederichs.com\/pl\/wp-json\/wp\/v2\/types\/page"}],"author":[{"embeddable":true,"href":"https:\/\/diederichs.com\/pl\/wp-json\/wp\/v2\/users\/2"}],"replies":[{"embeddable":true,"href":"https:\/\/diederichs.com\/pl\/wp-json\/wp\/v2\/comments?post=510"}],"version-history":[{"count":28,"href":"https:\/\/diederichs.com\/pl\/wp-json\/wp\/v2\/pages\/510\/revisions"}],"predecessor-version":[{"id":81933,"href":"https:\/\/diederichs.com\/pl\/wp-json\/wp\/v2\/pages\/510\/revisions\/81933"}],"wp:attachment":[{"href":"https:\/\/diederichs.com\/pl\/wp-json\/wp\/v2\/media?parent=510"}],"curies":[{"name":"wp","href":"https:\/\/api.w.org\/{rel}","templated":true}]}}