{"id":222,"date":"2016-05-24T13:02:17","date_gmt":"2016-05-24T11:02:17","guid":{"rendered":"http:\/\/diederichs.com\/?page_id=222"},"modified":"2021-04-01T11:55:44","modified_gmt":"2021-04-01T09:55:44","slug":"tuning-und-verdelung","status":"publish","type":"page","link":"https:\/\/diederichs.com\/pl\/beispiel-seite\/produkte\/tuning-und-verdelung\/","title":{"rendered":"Tuning i wyka\u0144czanie"},"content":{"rendered":"<p><\/p>\n<p style=\"text-align: center;\"><a href=\"https:\/\/diederichs.com\/en\/1038-2\/\"><img loading=\"lazy\" decoding=\"async\" class=\"aligncenter wp-image-659\" src=\"http:\/\/diederichs.com\/wp-content\/uploads\/2016\/07\/Tuning-u-Veredelung.jpg\" alt=\"Tuning u Veredelung\" width=\"904\" height=\"311\" srcset=\"https:\/\/diederichs.com\/wp-content\/uploads\/2016\/07\/Tuning-u-Veredelung.jpg 1417w, https:\/\/diederichs.com\/wp-content\/uploads\/2016\/07\/Tuning-u-Veredelung-300x103.jpg 300w, https:\/\/diederichs.com\/wp-content\/uploads\/2016\/07\/Tuning-u-Veredelung-1024x352.jpg 1024w\" sizes=\"auto, (max-width: 904px) 100vw, 904px\" \/><\/a><a href=\"https:\/\/diederichs.com\/en\/1038-2\/\">Online-Shop<\/a><\/p>\n<p style=\"text-align: justify;\">Jeste\u015bmy wiod\u0105cym dostawc\u0105 ponad 5000 cz\u0119\u015bci tuningowych.<\/p>\n<p style=\"text-align: justify;\">Jako\u015b\u0107 naszych produkt\u00f3w jest gwarantowana przez certyfikacy jakosci naszych dostawc\u00f3w, s\u0105 one badane przez naszych wykwalifikowanych pracownik\u00f3w i nadzorowane.<\/p>\n<p style=\"text-align: justify;\">Oferujemy nastepuj\u0105ce grupy cz\u0119\u015bci tuningowych:<\/p>\n<p style=\"text-align: justify;\">-o\u015bwietlenie (lampy przednie oraz tylnie, kierunkowskazy,lampy przciwmgielne oraz do jazdy dziennej)<\/p>\n<p style=\"text-align: justify;\">-karoserie (kompl.zestawy, boczki, spojlery oraz atrapy grila) w\u00a0 r\u00f3\u017cnych stylach.<\/p>\n<p style=\"text-align: justify;\">&#8211; zawieszenie( z du\u017cym wyborem pakiet\u00f3w obnizaj\u0105cych zawieszenie).<\/p>\n<p style=\"text-align: center;\">\n<p><\/p>","protected":false},"excerpt":{"rendered":"<p>Online-Shop Jeste\u015bmy wiod\u0105cym dostawc\u0105 ponad 5000 cz\u0119\u015bci tuningowych. Jako\u015b\u0107 naszych produkt\u00f3w jest gwarantowana przez certyfikacy jakosci naszych dostawc\u00f3w, s\u0105 one badane przez naszych wykwalifikowanych pracownik\u00f3w i nadzorowane. Oferujemy nastepuj\u0105ce grupy cz\u0119\u015bci tuningowych: -o\u015bwietlenie (lampy przednie oraz tylnie, kierunkowskazy,lampy przciwmgielne oraz do jazdy dziennej) -karoserie (kompl.zestawy, boczki, spojlery oraz atrapy grila) w\u00a0 r\u00f3\u017cnych stylach. &#8211; zawieszenie( &hellip; <a href=\"https:\/\/diederichs.com\/pl\/beispiel-seite\/produkte\/tuning-und-verdelung\/\">Continued<\/a><\/p>\n","protected":false},"author":1,"featured_media":0,"parent":4,"menu_order":3,"comment_status":"closed","ping_status":"closed","template":"template-produkte-child.php","meta":{"footnotes":""},"class_list":["post-222","page","type-page","status-publish","hentry"],"_links":{"self":[{"href":"https:\/\/diederichs.com\/pl\/wp-json\/wp\/v2\/pages\/222","targetHints":{"allow":["GET"]}}],"collection":[{"href":"https:\/\/diederichs.com\/pl\/wp-json\/wp\/v2\/pages"}],"about":[{"href":"https:\/\/diederichs.com\/pl\/wp-json\/wp\/v2\/types\/page"}],"author":[{"embeddable":true,"href":"https:\/\/diederichs.com\/pl\/wp-json\/wp\/v2\/users\/1"}],"replies":[{"embeddable":true,"href":"https:\/\/diederichs.com\/pl\/wp-json\/wp\/v2\/comments?post=222"}],"version-history":[{"count":54,"href":"https:\/\/diederichs.com\/pl\/wp-json\/wp\/v2\/pages\/222\/revisions"}],"predecessor-version":[{"id":34099,"href":"https:\/\/diederichs.com\/pl\/wp-json\/wp\/v2\/pages\/222\/revisions\/34099"}],"up":[{"embeddable":true,"href":"https:\/\/diederichs.com\/pl\/wp-json\/wp\/v2\/pages\/4"}],"wp:attachment":[{"href":"https:\/\/diederichs.com\/pl\/wp-json\/wp\/v2\/media?parent=222"}],"curies":[{"name":"wp","href":"https:\/\/api.w.org\/{rel}","templated":true}]}}