{"id":220,"date":"2016-05-24T13:02:09","date_gmt":"2016-05-24T11:02:09","guid":{"rendered":"http:\/\/diederichs.com\/?page_id=220"},"modified":"2017-10-10T10:01:03","modified_gmt":"2017-10-10T08:01:03","slug":"diederichs-climate","status":"publish","type":"page","link":"https:\/\/diederichs.com\/pl\/beispiel-seite\/produkte\/diederichs-climate\/","title":{"rendered":"Diederichs Climate"},"content":{"rendered":"<p><\/p>\n<p style=\"text-align: center;\"><a href=\"https:\/\/diederichs.com\/en\/1038-2\/\"><img loading=\"lazy\" decoding=\"async\" class=\"aligncenter wp-image-660\" src=\"http:\/\/diederichs.com\/wp-content\/uploads\/2016\/07\/Climate.jpg\" alt=\"Climate\" width=\"884\" height=\"304\" srcset=\"https:\/\/diederichs.com\/wp-content\/uploads\/2016\/07\/Climate.jpg 1417w, https:\/\/diederichs.com\/wp-content\/uploads\/2016\/07\/Climate-300x103.jpg 300w, https:\/\/diederichs.com\/wp-content\/uploads\/2016\/07\/Climate-1024x352.jpg 1024w\" sizes=\"auto, (max-width: 884px) 100vw, 884px\" \/><\/a><a href=\"https:\/\/diederichs.com\/en\/1038-2\/\">Online-Shop<\/a><\/p>\n<p style=\"text-align: justify;\">Aktualnie budujemy swoj\u0105 w\u0142asn\u0105 marke jak\u0105 jest Diederichs Climate.<\/p>\n<p style=\"text-align: justify;\">W odr\u00f3\u017cnieniu od innych zapewniamy indywidualne wsparcie pocz\u0105wszy od szkole\u0144 przez wsparcie telefoniczne a\u017c do reklamacji oraz prywatn\u0105 naklejk\u0105, opakowaniem oraz produktem.<\/p>\n<p style=\"text-align: justify;\">Jeste\u015bmy po to by zapewnic naszym klientom jak najlepsza jako\u015b\u0107 w jak najni\u017cszej cenie i podobn\u0105 jako\u015b\u0107i\u0105 jak oryginalne cz\u0119\u015bci.<\/p>\n<p>Wysy\u0142ka odbywa sie w wyspecjalizowanych opakowaniach dobranych odpowiednio do poszczeg\u00f3lnych grup cz\u0119\u015bci.<\/p>\n<p style=\"text-align: center;\">\n<p><\/p>","protected":false},"excerpt":{"rendered":"<p>Online-Shop Aktualnie budujemy swoj\u0105 w\u0142asn\u0105 marke jak\u0105 jest Diederichs Climate. W odr\u00f3\u017cnieniu od innych zapewniamy indywidualne wsparcie pocz\u0105wszy od szkole\u0144 przez wsparcie telefoniczne a\u017c do reklamacji oraz prywatn\u0105 naklejk\u0105, opakowaniem oraz produktem. Jeste\u015bmy po to by zapewnic naszym klientom jak najlepsza jako\u015b\u0107 w jak najni\u017cszej cenie i podobn\u0105 jako\u015b\u0107i\u0105 jak oryginalne cz\u0119\u015bci. Wysy\u0142ka odbywa sie &hellip; <a href=\"https:\/\/diederichs.com\/pl\/beispiel-seite\/produkte\/diederichs-climate\/\">Continued<\/a><\/p>\n","protected":false},"author":1,"featured_media":0,"parent":4,"menu_order":2,"comment_status":"closed","ping_status":"closed","template":"template-produkte-child.php","meta":{"footnotes":""},"class_list":["post-220","page","type-page","status-publish","hentry"],"_links":{"self":[{"href":"https:\/\/diederichs.com\/pl\/wp-json\/wp\/v2\/pages\/220","targetHints":{"allow":["GET"]}}],"collection":[{"href":"https:\/\/diederichs.com\/pl\/wp-json\/wp\/v2\/pages"}],"about":[{"href":"https:\/\/diederichs.com\/pl\/wp-json\/wp\/v2\/types\/page"}],"author":[{"embeddable":true,"href":"https:\/\/diederichs.com\/pl\/wp-json\/wp\/v2\/users\/1"}],"replies":[{"embeddable":true,"href":"https:\/\/diederichs.com\/pl\/wp-json\/wp\/v2\/comments?post=220"}],"version-history":[{"count":43,"href":"https:\/\/diederichs.com\/pl\/wp-json\/wp\/v2\/pages\/220\/revisions"}],"predecessor-version":[{"id":1392,"href":"https:\/\/diederichs.com\/pl\/wp-json\/wp\/v2\/pages\/220\/revisions\/1392"}],"up":[{"embeddable":true,"href":"https:\/\/diederichs.com\/pl\/wp-json\/wp\/v2\/pages\/4"}],"wp:attachment":[{"href":"https:\/\/diederichs.com\/pl\/wp-json\/wp\/v2\/media?parent=220"}],"curies":[{"name":"wp","href":"https:\/\/api.w.org\/{rel}","templated":true}]}}