{"id":217,"date":"2016-05-24T13:01:58","date_gmt":"2016-05-24T11:01:58","guid":{"rendered":"http:\/\/diederichs.com\/?page_id=217"},"modified":"2017-10-10T10:00:29","modified_gmt":"2017-10-10T08:00:29","slug":"karosserieteile-und-beleuchtung","status":"publish","type":"page","link":"https:\/\/diederichs.com\/pl\/beispiel-seite\/produkte\/karosserieteile-und-beleuchtung\/","title":{"rendered":"Cz\u0119\u015bci cia\u0142a i o\u015bwietlenie"},"content":{"rendered":"<p><\/p>\n<p style=\"text-align: center;\"><a href=\"https:\/\/diederichs.com\/en\/1038-2\/\"><img loading=\"lazy\" decoding=\"async\" class=\"aligncenter wp-image-661\" src=\"http:\/\/diederichs.com\/wp-content\/uploads\/2016\/07\/Karosserieteile.jpg\" alt=\"Karosserieteile\" width=\"948\" height=\"326\" srcset=\"https:\/\/diederichs.com\/wp-content\/uploads\/2016\/07\/Karosserieteile.jpg 1417w, https:\/\/diederichs.com\/wp-content\/uploads\/2016\/07\/Karosserieteile-300x103.jpg 300w, https:\/\/diederichs.com\/wp-content\/uploads\/2016\/07\/Karosserieteile-1024x352.jpg 1024w\" sizes=\"auto, (max-width: 948px) 100vw, 948px\" \/><\/a><a href=\"https:\/\/diederichs.com\/en\/1038-2\/\">Online-Shop<\/a><\/p>\n<p>Nasze certyfikowane cz\u0119\u015bci zamienne oferuj\u0105 znacznie bardziej korzystna alternatywe por\u00f3wnywaln\u0105 z jako\u015bci\u0105 oryginalnych cz\u0119\u015bci jak<\/p>\n<ul>\n<li>Jako\u015b\u0107 materia\u0142u z jakiego s\u0105 wykonane<\/li>\n<li>wytrzyma\u0142o\u015b\u0107<\/li>\n<li>waga produktu<\/li>\n<li>odporno\u015b\u0107 na rdze<\/li>\n<li>dobra jako\u015b\u0107 wykonania<\/li>\n<li>dok\u0142adno\u015b\u0107 dopasowania<\/li>\n<li>punkty mocowa\u0144<\/li>\n<li>jako\u015b\u0107 zawias\u00f3w<\/li>\n<li>dok\u0142adno\u015b\u0107 punkt\u00f3w wytrzymalo\u015bci<\/li>\n<li>spawy<\/li>\n<\/ul>\n<p style=\"text-align: center;\">\n<p><\/p>","protected":false},"excerpt":{"rendered":"<p>Online-Shop Nasze certyfikowane cz\u0119\u015bci zamienne oferuj\u0105 znacznie bardziej korzystna alternatywe por\u00f3wnywaln\u0105 z jako\u015bci\u0105 oryginalnych cz\u0119\u015bci jak Jako\u015b\u0107 materia\u0142u z jakiego s\u0105 wykonane wytrzyma\u0142o\u015b\u0107 waga produktu odporno\u015b\u0107 na rdze dobra jako\u015b\u0107 wykonania dok\u0142adno\u015b\u0107 dopasowania punkty mocowa\u0144 jako\u015b\u0107 zawias\u00f3w dok\u0142adno\u015b\u0107 punkt\u00f3w wytrzymalo\u015bci spawy<\/p>\n","protected":false},"author":1,"featured_media":0,"parent":4,"menu_order":1,"comment_status":"closed","ping_status":"closed","template":"template-produkte-child.php","meta":{"footnotes":""},"class_list":["post-217","page","type-page","status-publish","hentry"],"_links":{"self":[{"href":"https:\/\/diederichs.com\/pl\/wp-json\/wp\/v2\/pages\/217","targetHints":{"allow":["GET"]}}],"collection":[{"href":"https:\/\/diederichs.com\/pl\/wp-json\/wp\/v2\/pages"}],"about":[{"href":"https:\/\/diederichs.com\/pl\/wp-json\/wp\/v2\/types\/page"}],"author":[{"embeddable":true,"href":"https:\/\/diederichs.com\/pl\/wp-json\/wp\/v2\/users\/1"}],"replies":[{"embeddable":true,"href":"https:\/\/diederichs.com\/pl\/wp-json\/wp\/v2\/comments?post=217"}],"version-history":[{"count":52,"href":"https:\/\/diederichs.com\/pl\/wp-json\/wp\/v2\/pages\/217\/revisions"}],"predecessor-version":[{"id":1391,"href":"https:\/\/diederichs.com\/pl\/wp-json\/wp\/v2\/pages\/217\/revisions\/1391"}],"up":[{"embeddable":true,"href":"https:\/\/diederichs.com\/pl\/wp-json\/wp\/v2\/pages\/4"}],"wp:attachment":[{"href":"https:\/\/diederichs.com\/pl\/wp-json\/wp\/v2\/media?parent=217"}],"curies":[{"name":"wp","href":"https:\/\/api.w.org\/{rel}","templated":true}]}}