{"id":2,"date":"2016-04-18T09:37:05","date_gmt":"2016-04-18T07:37:05","guid":{"rendered":"http:\/\/diederichs.com\/?page_id=2"},"modified":"2026-01-12T10:11:38","modified_gmt":"2026-01-12T09:11:38","slug":"beispiel-seite","status":"publish","type":"page","link":"https:\/\/diederichs.com\/pl\/","title":{"rendered":"Diederichs &#8211; Karosserieteile GmbH"},"content":{"rendered":"<p><\/p>\n<h3><strong>Jako\u015b\u0107 w 14 godzinnym takcie<\/strong><\/h3>\n<p style=\"text-align: justify;\">Firma DIEDERICHS jest przedsi\u0119biorstwem rodzinnym, kt\u00f3re zosta\u0142o za\u0142o\u017cone w 1967 roku przez Holgera Diederichs. Zatrudnia ono dzisiaj ok.100 pracownik\u00f3w. W ca\u0142ych Niemczech i innych krajach Europy dostarcza cz\u0119\u015bci zamienne do ponad 14.000 warsztat\u00f3w i salon\u00f3w samochodowych.<\/p>\n<p style=\"text-align: justify;\"><strong>\u00a0<\/strong><\/p>\n<p style=\"text-align: justify;\">Dla naszych klient\u00f3w na obszarze 30,000 metr\u00f3w kwadratowych mamy ponad 42,000 r\u00f3\u017cnych produkt\u00f3w do ponad 1050 r\u00f3\u017cnych typ\u00f3w pojazd\u00f3w.<\/p>\n<p style=\"text-align: justify;\">Produkty z zakresu chlodnicy i klimatyzacji, karoseri oraz wszelkiego typu o\u015bwietlenia.<\/p>\n<p style=\"text-align: justify;\">Zwracamy szczeg\u00f3ln\u0105 uwage na zapewnienie naszym klientom kompleksowej obs\u0142ugi tzn. Od opieki zapewnianej przez nasz serwis na miejscu poprzez naszych\u00a0 przedstawicieli handlowych w terenie znajduj\u0105c najlepsze rozwi\u0105zania dotycz\u0105ce wysy\u0142ki jak i doboru odpowiednich cz\u0119\u015bci .<\/p>\n<p style=\"text-align: justify;\">Wysy\u0142ke w czasie 14 godzinnym zapewniamy w wyspecjalizowanych opakowaniach dobranych do odpowiedniego typu cz\u0119\u015bci zamiennych.<\/p>\n<h3><strong>Jako\u015b\u0107 w 14 godzinnym takcie<\/strong><\/h3>\n<p style=\"text-align: justify;\">Firma DIEDERICHS jest przedsi\u0119biorstwem rodzinnym, kt\u00f3re zosta\u0142o za\u0142o\u017cone w 1967 roku przez Holgera Diederichs. Zatrudnia ono dzisiaj ok.100 pracownik\u00f3w. W ca\u0142ych Niemczech i innych krajach Europy dostarcza cz\u0119\u015bci zamienne do ponad 14.000 warsztat\u00f3w i salon\u00f3w samochodowych.<\/p>\n<p style=\"text-align: justify;\"><strong>\u00a0<\/strong><\/p>\n<p style=\"text-align: justify;\">Dla naszych klient\u00f3w na obszarze 30,000 metr\u00f3w kwadratowych mamy ponad 42,000 r\u00f3\u017cnych produkt\u00f3w do ponad 1050 r\u00f3\u017cnych typ\u00f3w pojazd\u00f3w.<\/p>\n<p style=\"text-align: justify;\">Produkty z zakresu chlodnicy i klimatyzacji, karoseri oraz wszelkiego typu o\u015bwietlenia.<\/p>\n<p style=\"text-align: justify;\">Zwracamy szczeg\u00f3ln\u0105 uwage na zapewnienie naszym klientom kompleksowej obs\u0142ugi tzn. Od opieki zapewnianej przez nasz serwis na miejscu poprzez naszych\u00a0 przedstawicieli handlowych w terenie znajduj\u0105c najlepsze rozwi\u0105zania dotycz\u0105ce wysy\u0142ki jak i doboru odpowiednich cz\u0119\u015bci .<\/p>\n<p style=\"text-align: justify;\">Wysy\u0142ke w czasie 14 godzinnym zapewniamy w wyspecjalizowanych opakowaniach dobranych do odpowiedniego typu cz\u0119\u015bci zamiennych.<\/p>\n<h3><strong>Jako\u015b\u0107 w 14 godzinnym takcie<\/strong><\/h3>\n<p style=\"text-align: justify;\">Firma DIEDERICHS jest przedsi\u0119biorstwem rodzinnym, kt\u00f3re zosta\u0142o za\u0142o\u017cone w 1967 roku przez Holgera Diederichs. Zatrudnia ono dzisiaj ok.100 pracownik\u00f3w. W ca\u0142ych Niemczech i innych krajach Europy dostarcza cz\u0119\u015bci zamienne do ponad 14.000 warsztat\u00f3w i salon\u00f3w samochodowych.<\/p>\n<p style=\"text-align: justify;\"><strong>\u00a0<\/strong><\/p>\n<p style=\"text-align: justify;\">Dla naszych klient\u00f3w na obszarze 30,000 metr\u00f3w kwadratowych mamy ponad 42,000 r\u00f3\u017cnych produkt\u00f3w do ponad 1050 r\u00f3\u017cnych typ\u00f3w pojazd\u00f3w.<\/p>\n<p style=\"text-align: justify;\">Produkty z zakresu chlodnicy i klimatyzacji, karoseri oraz wszelkiego typu o\u015bwietlenia.<\/p>\n<p style=\"text-align: justify;\">Zwracamy szczeg\u00f3ln\u0105 uwage na zapewnienie naszym klientom kompleksowej obs\u0142ugi tzn. Od opieki zapewnianej przez nasz serwis na miejscu poprzez naszych\u00a0 przedstawicieli handlowych w terenie znajduj\u0105c najlepsze rozwi\u0105zania dotycz\u0105ce wysy\u0142ki jak i doboru odpowiednich cz\u0119\u015bci .<\/p>\n<p style=\"text-align: justify;\">Wysy\u0142ke w czasie 14 godzinnym zapewniamy w wyspecjalizowanych opakowaniach dobranych do odpowiedniego typu cz\u0119\u015bci zamiennych.<\/p>\n<h3><strong>Jako\u015b\u0107 w 14 godzinnym takcie<\/strong><\/h3>\n<p style=\"text-align: justify;\">Firma DIEDERICHS jest przedsi\u0119biorstwem rodzinnym, kt\u00f3re zosta\u0142o za\u0142o\u017cone w 1967 roku przez Holgera Diederichs. Zatrudnia ono dzisiaj ok.100 pracownik\u00f3w. W ca\u0142ych Niemczech i innych krajach Europy dostarcza cz\u0119\u015bci zamienne do ponad 14.000 warsztat\u00f3w i salon\u00f3w samochodowych.<\/p>\n<p style=\"text-align: justify;\"><strong>\u00a0<\/strong><\/p>\n<p style=\"text-align: justify;\">Dla naszych klient\u00f3w na obszarze 30,000 metr\u00f3w kwadratowych mamy ponad 42,000 r\u00f3\u017cnych produkt\u00f3w do ponad 1050 r\u00f3\u017cnych typ\u00f3w pojazd\u00f3w.<\/p>\n<p style=\"text-align: justify;\">Produkty z zakresu chlodnicy i klimatyzacji, karoseri oraz wszelkiego typu o\u015bwietlenia.<\/p>\n<p style=\"text-align: justify;\">Zwracamy szczeg\u00f3ln\u0105 uwage na zapewnienie naszym klientom kompleksowej obs\u0142ugi tzn. Od opieki zapewnianej przez nasz serwis na miejscu poprzez naszych\u00a0 przedstawicieli handlowych w terenie znajduj\u0105c najlepsze rozwi\u0105zania dotycz\u0105ce wysy\u0142ki jak i doboru odpowiednich cz\u0119\u015bci .<\/p>\n<p style=\"text-align: justify;\">Wysy\u0142ke w czasie 14 godzinnym zapewniamy w wyspecjalizowanych opakowaniach dobranych do odpowiedniego typu cz\u0119\u015bci zamiennych.<\/p>\n<p><\/p>","protected":false},"excerpt":{"rendered":"<p>Jako\u015b\u0107 w 14 godzinnym takcie Firma DIEDERICHS jest przedsi\u0119biorstwem rodzinnym, kt\u00f3re zosta\u0142o za\u0142o\u017cone w 1967 roku przez Holgera Diederichs. Zatrudnia ono dzisiaj ok.100 pracownik\u00f3w. W ca\u0142ych Niemczech i innych krajach Europy dostarcza cz\u0119\u015bci zamienne do ponad 14.000 warsztat\u00f3w i salon\u00f3w samochodowych. \u00a0 Dla naszych klient\u00f3w na obszarze 30,000 metr\u00f3w kwadratowych mamy ponad 42,000 r\u00f3\u017cnych produkt\u00f3w &hellip; <a href=\"https:\/\/diederichs.com\/pl\/\">Continued<\/a><\/p>\n","protected":false},"author":1,"featured_media":0,"parent":0,"menu_order":5,"comment_status":"closed","ping_status":"open","template":"","meta":{"footnotes":""},"class_list":["post-2","page","type-page","status-publish","hentry"],"_links":{"self":[{"href":"https:\/\/diederichs.com\/pl\/wp-json\/wp\/v2\/pages\/2","targetHints":{"allow":["GET"]}}],"collection":[{"href":"https:\/\/diederichs.com\/pl\/wp-json\/wp\/v2\/pages"}],"about":[{"href":"https:\/\/diederichs.com\/pl\/wp-json\/wp\/v2\/types\/page"}],"author":[{"embeddable":true,"href":"https:\/\/diederichs.com\/pl\/wp-json\/wp\/v2\/users\/1"}],"replies":[{"embeddable":true,"href":"https:\/\/diederichs.com\/pl\/wp-json\/wp\/v2\/comments?post=2"}],"version-history":[{"count":211,"href":"https:\/\/diederichs.com\/pl\/wp-json\/wp\/v2\/pages\/2\/revisions"}],"predecessor-version":[{"id":81986,"href":"https:\/\/diederichs.com\/pl\/wp-json\/wp\/v2\/pages\/2\/revisions\/81986"}],"wp:attachment":[{"href":"https:\/\/diederichs.com\/pl\/wp-json\/wp\/v2\/media?parent=2"}],"curies":[{"name":"wp","href":"https:\/\/api.w.org\/{rel}","templated":true}]}}