{"id":11,"date":"2016-04-18T12:37:08","date_gmt":"2016-04-18T10:37:08","guid":{"rendered":"http:\/\/diederichs.com\/?page_id=11"},"modified":"2020-07-09T12:17:07","modified_gmt":"2020-07-09T10:17:07","slug":"ueber-uns","status":"publish","type":"page","link":"https:\/\/diederichs.com\/pl\/ueber-uns\/","title":{"rendered":"50 lat do\u015bwiadczenia"},"content":{"rendered":"<p><\/p>\n<p style=\"text-align: justify;\">Firma DIEDERICHS jest przedsi\u0119biorstwem rodzinnym, kt\u00f3re zosta\u0142o za\u0142o\u017cone w 1967 roku przez Holgera Diederichs. Zatrudnia ono dzisiaj ok.100 pracownik\u00f3w. W ca\u0142ych Niemczech i innych krajach Europy dostarcza cz\u0119\u015bci zamienne do ponad 14.000 warsztat\u00f3w i salon\u00f3w samochodowych.<\/p>\n<p style=\"text-align: justify;\">DIEDERICHS Karosserieteile GmbH jest wyspe-cjalizowana w nast\u0119puj\u0105cych obszarach produktowych: karoseria samochodowa, o\u015bwietlenie i uk\u0142ady termiczne pojazd\u00f3w. Posiada r\u00f3wnie\u017c bardzo szeroki asortyment cz\u0119\u015bci TUNING-owych.<\/p>\n<p style=\"text-align: justify;\">Po przej\u015bciu na emerytur\u0119 za\u0142o\u017cyciela firmy Holgera Diederichs, zarz\u0105dzanie firm\u0105 przej\u0105\u0142 jego syn Jan-Christian Diederichs. Filozofia firmy jest zgodna z rodzinnym charakterem nowocze\u015bnie zarz\u0105dzanego przedsi\u0119biorstwa.<\/p>\n<p style=\"text-align: justify;\">Przedsi\u0119biorstwo dysponuje szerokim mi\u0119dzynarodowym portfolio dostawc\u00f3w, kt\u00f3rych certyfikuje co roku z w\u0142a\u015bnej inicjatywy na miejscu w siedzibie firmy.<\/p>\n<p style=\"text-align: justify;\">Ponad 36.000\u00a0 artyku\u0142\u00f3w mo\u017cna zamawia\u0107 zar\u00f3wno online jak i telefonicznie.<\/p>\n<p style=\"text-align: justify;\">Tylko w tym roku zosta\u0142y stworzone liczne miejsca pracy m.in. w Dzia\u0142ach Zakup\u00f3w i Zarz\u0105dzania Produktem. Jedynie tak mo\u017cna stawi\u0107 czo\u0142o zmieniaj\u0105cym si\u0119 warunkom rynku cz\u0119\u015bci zamiennych &#8211; wyja\u015bnia Jan-Christian Diederichs nawi\u0105zuj\u0105c do ci\u0105g\u0142ego rozwoju przedsi\u0119biorstwa<\/p>\n<p><\/p>","protected":false},"excerpt":{"rendered":"<p>Firma DIEDERICHS jest przedsi\u0119biorstwem rodzinnym, kt\u00f3re zosta\u0142o za\u0142o\u017cone w 1967 roku przez Holgera Diederichs. Zatrudnia ono dzisiaj ok.100 pracownik\u00f3w. W ca\u0142ych Niemczech i innych krajach Europy dostarcza cz\u0119\u015bci zamienne do ponad 14.000 warsztat\u00f3w i salon\u00f3w samochodowych. DIEDERICHS Karosserieteile GmbH jest wyspe-cjalizowana w nast\u0119puj\u0105cych obszarach produktowych: karoseria samochodowa, o\u015bwietlenie i uk\u0142ady termiczne pojazd\u00f3w. Posiada r\u00f3wnie\u017c bardzo &hellip; <a href=\"https:\/\/diederichs.com\/pl\/ueber-uns\/\">Continued<\/a><\/p>\n","protected":false},"author":1,"featured_media":0,"parent":0,"menu_order":10,"comment_status":"closed","ping_status":"closed","template":"","meta":{"footnotes":""},"class_list":["post-11","page","type-page","status-publish","hentry"],"_links":{"self":[{"href":"https:\/\/diederichs.com\/pl\/wp-json\/wp\/v2\/pages\/11","targetHints":{"allow":["GET"]}}],"collection":[{"href":"https:\/\/diederichs.com\/pl\/wp-json\/wp\/v2\/pages"}],"about":[{"href":"https:\/\/diederichs.com\/pl\/wp-json\/wp\/v2\/types\/page"}],"author":[{"embeddable":true,"href":"https:\/\/diederichs.com\/pl\/wp-json\/wp\/v2\/users\/1"}],"replies":[{"embeddable":true,"href":"https:\/\/diederichs.com\/pl\/wp-json\/wp\/v2\/comments?post=11"}],"version-history":[{"count":38,"href":"https:\/\/diederichs.com\/pl\/wp-json\/wp\/v2\/pages\/11\/revisions"}],"predecessor-version":[{"id":1840,"href":"https:\/\/diederichs.com\/pl\/wp-json\/wp\/v2\/pages\/11\/revisions\/1840"}],"wp:attachment":[{"href":"https:\/\/diederichs.com\/pl\/wp-json\/wp\/v2\/media?parent=11"}],"curies":[{"name":"wp","href":"https:\/\/api.w.org\/{rel}","templated":true}]}}