{"id":217,"date":"2016-05-24T13:01:58","date_gmt":"2016-05-24T11:01:58","guid":{"rendered":"http:\/\/diederichs.com\/?page_id=217"},"modified":"2017-10-10T10:00:29","modified_gmt":"2017-10-10T08:00:29","slug":"karosserieteile-und-beleuchtung","status":"publish","type":"page","link":"https:\/\/diederichs.com\/it\/beispiel-seite\/produkte\/karosserieteile-und-beleuchtung\/","title":{"rendered":"Carrozzeria e Fanaleria"},"content":{"rendered":"<p><a href=\"https:\/\/diederichs.com\/en\/1038-2\/\"><img loading=\"lazy\" decoding=\"async\" class=\"aligncenter wp-image-661\" src=\"http:\/\/diederichs.com\/wp-content\/uploads\/2016\/07\/Karosserieteile.jpg\" alt=\"Karosserieteile\" width=\"948\" height=\"326\" srcset=\"https:\/\/diederichs.com\/wp-content\/uploads\/2016\/07\/Karosserieteile.jpg 1417w, https:\/\/diederichs.com\/wp-content\/uploads\/2016\/07\/Karosserieteile-300x103.jpg 300w, https:\/\/diederichs.com\/wp-content\/uploads\/2016\/07\/Karosserieteile-1024x352.jpg 1024w\" sizes=\"auto, (max-width: 948px) 100vw, 948px\" \/><\/a><\/p>\n<p style=\"text-align: center;\"><a href=\"https:\/\/diederichs.com\/en\/1038-2\/\">Online-Shop<\/a><\/p>\n<p style=\"text-align: justify;\">Con la nostra nuova linea di prodotti \u201e Priority Parts\u201c marchiamo pezzi di carrozzeria che sono di qualit\u00e0 identica a quelli originali.<\/p>\n<p style=\"text-align: justify;\">Il nostro simbolo \u201ePriority Parts\u201d \u00e8 un marchio di qualit\u00e0 per pezzi di ricambio che rispettano gli standard internazionali di qualit\u00e0 (certificazione T\u00dcV, certificazione Thatcham, certificazione\u00a0 Capa,\u00a0 certificazione\u00a0 CZ \u201cCentro Zaragoza\u201d) I prodotti vengono sottoposti regolarmente a test di controllo di qualit\u00e0. Questi dimostrano che le parti in plastica e metallo, che fanno parte\u00a0 della linea di prodotti \u201ePriority Parts\u201d, hanno le stesse caratteristiche dei pezzi di ricambio originali corrispondenti. I lamierati sono trattati come il pezzo originale,\u00a0 zincati e, se necessario, anche di alluminio.<\/p>\n<p>&nbsp;<\/p>\n<ul>\n<li>Carrozzeria<\/li>\n<li>Fari e Luci<\/li>\n<li>Parabrezza<\/li>\n<li>Lamiera riparazione<\/li>\n<li>Paraurti<\/li>\n<li>Bracci sospensione<\/li>\n<li>Mascherina<\/li>\n<li>Radiatori e climatizzazione<\/li>\n<li>Specchietti retrovisori esterni<\/li>\n<li>Assetto regolabile a ghiera<\/li>\n<li>Ammortizzatore di ricambio<\/li>\n<li>Faro design<\/li>\n<li>Fari antinebbia<\/li>\n<li>Fari retronebbia<\/li>\n<li>Cofano motore<\/li>\n<li>Parafango<\/li>\n<li>Maschera frontale<\/li>\n<\/ul>\n<p>\u0090<\/p>\n<p>e molto di pi\u00f9 &#8230;<\/p>\n<p>&nbsp;<\/p>\n<p style=\"text-align: center;\">\n<p><\/p>","protected":false},"excerpt":{"rendered":"<p>Online-Shop Con la nostra nuova linea di prodotti \u201e Priority Parts\u201c marchiamo pezzi di carrozzeria che sono di qualit\u00e0 identica a quelli originali. Il nostro simbolo \u201ePriority Parts\u201d \u00e8 un marchio di qualit\u00e0 per pezzi di ricambio che rispettano gli standard internazionali di qualit\u00e0 (certificazione T\u00dcV, certificazione Thatcham, certificazione\u00a0 Capa,\u00a0 certificazione\u00a0 CZ \u201cCentro Zaragoza\u201d) I &hellip; <a href=\"https:\/\/diederichs.com\/it\/beispiel-seite\/produkte\/karosserieteile-und-beleuchtung\/\">Continued<\/a><\/p>\n","protected":false},"author":1,"featured_media":0,"parent":4,"menu_order":1,"comment_status":"closed","ping_status":"closed","template":"template-produkte-child.php","meta":{"footnotes":""},"class_list":["post-217","page","type-page","status-publish","hentry"],"_links":{"self":[{"href":"https:\/\/diederichs.com\/it\/wp-json\/wp\/v2\/pages\/217","targetHints":{"allow":["GET"]}}],"collection":[{"href":"https:\/\/diederichs.com\/it\/wp-json\/wp\/v2\/pages"}],"about":[{"href":"https:\/\/diederichs.com\/it\/wp-json\/wp\/v2\/types\/page"}],"author":[{"embeddable":true,"href":"https:\/\/diederichs.com\/it\/wp-json\/wp\/v2\/users\/1"}],"replies":[{"embeddable":true,"href":"https:\/\/diederichs.com\/it\/wp-json\/wp\/v2\/comments?post=217"}],"version-history":[{"count":41,"href":"https:\/\/diederichs.com\/it\/wp-json\/wp\/v2\/pages\/217\/revisions"}],"predecessor-version":[{"id":1391,"href":"https:\/\/diederichs.com\/it\/wp-json\/wp\/v2\/pages\/217\/revisions\/1391"}],"up":[{"embeddable":true,"href":"https:\/\/diederichs.com\/it\/wp-json\/wp\/v2\/pages\/4"}],"wp:attachment":[{"href":"https:\/\/diederichs.com\/it\/wp-json\/wp\/v2\/media?parent=217"}],"curies":[{"name":"wp","href":"https:\/\/api.w.org\/{rel}","templated":true}]}}