{"id":401,"date":"2016-06-21T11:27:56","date_gmt":"2016-06-21T09:27:56","guid":{"rendered":"http:\/\/diederichs.com\/?page_id=401"},"modified":"2016-07-05T17:03:51","modified_gmt":"2016-07-05T15:03:51","slug":"faq","status":"publish","type":"page","link":"https:\/\/diederichs.com\/fr\/faq\/","title":{"rendered":"FAQ"},"content":{"rendered":"<p><\/p>\n<h1>Die meistgestellten Fragen<\/h1>\n<p>&nbsp;<\/p>\n<p>&nbsp;<\/p>\n<p><strong>Wie bekomme ich einen Online-Zugang ?<\/strong><\/p>\n<ul>\n<li><em>Der Online-Zugang ist nur f\u00fcr Gewerbetreibende d.h. sollten Sie Neukunde werden wollen, schicken Sie uns eine Kopie Ihrer Gewerbeanmeldung via Mail Fax oder Post zu,schreiben Sie zus\u00e4tzlich das Sie einen Online-Zugang W\u00fcnschen, Ihre Zugangsdaten werden ihnen schnellstm\u00f6glich via Mail zugestellt<\/em><\/li>\n<li><em>Sind Sie Bestanntskunde reicht die Kontaktaufnahme mit dem Wunsch des Onlinezugangs, Ihre Zugangsdaten werden ihnen schnellstm\u00f6glich via Mail zugestellt<\/em><\/li>\n<li><em><span style=\"color: #ff0000;\">\u00a0! Sie M\u00fcssen uns eine g\u00fcltige Mail-Adresse angeben !<\/span><\/em><\/li>\n<\/ul>\n<p>&nbsp;<\/p>\n<p><strong>Welche Vorbeitungen sollte ich bei einer Telefonbestellung treffen ?<\/strong><\/p>\n<ul>\n<li><em>Halten Sie ihre Kundennummer bereit<\/em><\/li>\n<li><em>Halten Sie die Artikelnummern bereit <\/em><\/li>\n<li><em>somit k\u00f6nnen wir Ihnen einen schnellen Bestellablauf garantieren <\/em><\/li>\n<\/ul>\n<p>&nbsp;<\/p>\n<p><strong>Wie sollte ich Bestellen damit die Ware ggf. am folge Tag ankommt ?<\/strong><\/p>\n<ul>\n<li><em>von Motag bis Donnertag im Zeitraum von 8:00 &#8211; 17:00 (Ausnahme GLS 8:00 &#8211; 16:00) und am Freitag\u00a0 von 8:00 &#8211; 16:00<\/em><\/li>\n<\/ul>\n<p>&nbsp;<\/p>\n<p><strong>Gibt es Eine M\u00f6glichkeit als nicht gewerbe Treibender Ware zu beziehen ?<\/strong><\/p>\n<ul>\n<li><em>Die einzige M\u00f6glichkeit ist an unserm Standort vorbei zu kommen und im Barverkauf sich die entsprechende Ware zu holen\u00a0 <\/em><\/li>\n<li><em><span style=\"color: #ff0000;\">! Sie m\u00fcssen in Bar bezahlen !<\/span><\/em><\/li>\n<\/ul>\n<p>&nbsp;<\/p>\n<p>&nbsp;<\/p>\n<p>&nbsp;<\/p>\n<p>&nbsp;<\/p>\n<p>&nbsp;<\/p>","protected":false},"excerpt":{"rendered":"<p>Die meistgestellten Fragen &nbsp; &nbsp; Wie bekomme ich einen Online-Zugang ? Der Online-Zugang ist nur f\u00fcr Gewerbetreibende d.h. sollten Sie Neukunde werden wollen, schicken Sie uns eine Kopie Ihrer Gewerbeanmeldung via Mail Fax oder Post zu,schreiben Sie zus\u00e4tzlich das Sie einen Online-Zugang W\u00fcnschen, Ihre Zugangsdaten werden ihnen schnellstm\u00f6glich via Mail zugestellt Sind Sie Bestanntskunde reicht &hellip; <a href=\"https:\/\/diederichs.com\/fr\/faq\/\">Continued<\/a><\/p>\n","protected":false},"author":2,"featured_media":0,"parent":0,"menu_order":1,"comment_status":"closed","ping_status":"closed","template":"","meta":{"footnotes":""},"class_list":["post-401","page","type-page","status-publish","hentry"],"_links":{"self":[{"href":"https:\/\/diederichs.com\/fr\/wp-json\/wp\/v2\/pages\/401","targetHints":{"allow":["GET"]}}],"collection":[{"href":"https:\/\/diederichs.com\/fr\/wp-json\/wp\/v2\/pages"}],"about":[{"href":"https:\/\/diederichs.com\/fr\/wp-json\/wp\/v2\/types\/page"}],"author":[{"embeddable":true,"href":"https:\/\/diederichs.com\/fr\/wp-json\/wp\/v2\/users\/2"}],"replies":[{"embeddable":true,"href":"https:\/\/diederichs.com\/fr\/wp-json\/wp\/v2\/comments?post=401"}],"version-history":[{"count":7,"href":"https:\/\/diederichs.com\/fr\/wp-json\/wp\/v2\/pages\/401\/revisions"}],"predecessor-version":[{"id":690,"href":"https:\/\/diederichs.com\/fr\/wp-json\/wp\/v2\/pages\/401\/revisions\/690"}],"wp:attachment":[{"href":"https:\/\/diederichs.com\/fr\/wp-json\/wp\/v2\/media?parent=401"}],"curies":[{"name":"wp","href":"https:\/\/api.w.org\/{rel}","templated":true}]}}