{"id":220,"date":"2016-05-24T13:02:09","date_gmt":"2016-05-24T11:02:09","guid":{"rendered":"http:\/\/diederichs.com\/?page_id=220"},"modified":"2017-10-10T10:01:03","modified_gmt":"2017-10-10T08:01:03","slug":"diederichs-climate","status":"publish","type":"page","link":"https:\/\/diederichs.com\/fr\/beispiel-seite\/produkte\/diederichs-climate\/","title":{"rendered":"Diederichs Climate"},"content":{"rendered":"<p>&nbsp;<\/p>\n<p style=\"text-align: center;\"><a href=\"https:\/\/diederichs.com\/en\/1038-2\/\"><img loading=\"lazy\" decoding=\"async\" class=\"aligncenter wp-image-660\" src=\"http:\/\/diederichs.com\/wp-content\/uploads\/2016\/07\/Climate.jpg\" alt=\"Climate\" width=\"884\" height=\"304\" srcset=\"https:\/\/diederichs.com\/wp-content\/uploads\/2016\/07\/Climate.jpg 1417w, https:\/\/diederichs.com\/wp-content\/uploads\/2016\/07\/Climate-300x103.jpg 300w, https:\/\/diederichs.com\/wp-content\/uploads\/2016\/07\/Climate-1024x352.jpg 1024w\" sizes=\"auto, (max-width: 884px) 100vw, 884px\" \/><\/a><a href=\"https:\/\/diederichs.com\/en\/1038-2\/\">Online-Shop<\/a><\/p>\n<p style=\"text-align: justify;\"><span id=\"result_box\" class=\"\" lang=\"fr\"><span class=\"\">Nous comptons<\/span> actuellement sur notre nouvelle marque Diederichs climatique.<\/span><\/p>\n<p style=\"text-align: justify;\"><span class=\"\">Contrairement \u00e0 d&rsquo;autres<\/span> fournisseurs, nous offrons un soutien individuel; allant de la formation, par l&rsquo;interm\u00e9diaire d&rsquo;un support t\u00e9l\u00e9phonique, par le biais d&rsquo;une plainte banlieue de manutention et le Label \/ Box + produit priv\u00e9.<\/p>\n<p style=\"text-align: justify;\">Nous sommes mis en garde pour obtenir la recherche \u00e0 un escompte initial substantiel remplacement de pi\u00e8ces de v\u00e9hicules sur la double cotation d&rsquo;une partie OE.<br \/>\nExp\u00e9dition est propre exp\u00e9dition de colis qui ont \u00e9t\u00e9 adapt\u00e9s aux groupes de produits respectifs sp\u00e9cialement qualit\u00e9 fait.<\/p>\n<p>&nbsp;<\/p>\n<p>&nbsp;<\/p>","protected":false},"excerpt":{"rendered":"<p>&nbsp; Online-Shop Nous comptons actuellement sur notre nouvelle marque Diederichs climatique. Contrairement \u00e0 d&rsquo;autres fournisseurs, nous offrons un soutien individuel; allant de la formation, par l&rsquo;interm\u00e9diaire d&rsquo;un support t\u00e9l\u00e9phonique, par le biais d&rsquo;une plainte banlieue de manutention et le Label \/ Box + produit priv\u00e9. Nous sommes mis en garde pour obtenir la recherche \u00e0 &hellip; <a href=\"https:\/\/diederichs.com\/fr\/beispiel-seite\/produkte\/diederichs-climate\/\">Continued<\/a><\/p>\n","protected":false},"author":1,"featured_media":0,"parent":4,"menu_order":2,"comment_status":"closed","ping_status":"closed","template":"template-produkte-child.php","meta":{"footnotes":""},"class_list":["post-220","page","type-page","status-publish","hentry"],"_links":{"self":[{"href":"https:\/\/diederichs.com\/fr\/wp-json\/wp\/v2\/pages\/220","targetHints":{"allow":["GET"]}}],"collection":[{"href":"https:\/\/diederichs.com\/fr\/wp-json\/wp\/v2\/pages"}],"about":[{"href":"https:\/\/diederichs.com\/fr\/wp-json\/wp\/v2\/types\/page"}],"author":[{"embeddable":true,"href":"https:\/\/diederichs.com\/fr\/wp-json\/wp\/v2\/users\/1"}],"replies":[{"embeddable":true,"href":"https:\/\/diederichs.com\/fr\/wp-json\/wp\/v2\/comments?post=220"}],"version-history":[{"count":67,"href":"https:\/\/diederichs.com\/fr\/wp-json\/wp\/v2\/pages\/220\/revisions"}],"predecessor-version":[{"id":1392,"href":"https:\/\/diederichs.com\/fr\/wp-json\/wp\/v2\/pages\/220\/revisions\/1392"}],"up":[{"embeddable":true,"href":"https:\/\/diederichs.com\/fr\/wp-json\/wp\/v2\/pages\/4"}],"wp:attachment":[{"href":"https:\/\/diederichs.com\/fr\/wp-json\/wp\/v2\/media?parent=220"}],"curies":[{"name":"wp","href":"https:\/\/api.w.org\/{rel}","templated":true}]}}