{"id":2,"date":"2016-04-18T09:37:05","date_gmt":"2016-04-18T07:37:05","guid":{"rendered":"http:\/\/diederichs.com\/?page_id=2"},"modified":"2026-01-12T10:11:38","modified_gmt":"2026-01-12T09:11:38","slug":"beispiel-seite","status":"publish","type":"page","link":"https:\/\/diederichs.com\/fr\/","title":{"rendered":"Diederichs &#8211; Karosserieteile GmbH"},"content":{"rendered":"<p><\/p>\n<h1><strong>Qualit\u00e9 en 14-heures chrono\u0090<\/strong><\/h1>\n<p style=\"text-align: justify;\">L\u2019entreprise Diederichs GmbH fut cr\u00e9\u00e9e en 1967 par Mr Holger Diederichs et emploie \u00e0 l\u2019heure actuelle\u00a0 environ 100 personnes.<\/p>\n<p style=\"text-align: justify;\">Nous fournissons plus de 14.000 garage et marchand de voiture\u00a0 avec des pi\u00e8ces d\u2019\u00e9change dans toute l\u2019Allemagne et en Europe ainsi au-del\u00e0 de celle-ci.<\/p>\n<p style=\"text-align: justify;\">Nous disposons d\u2019un entrep\u00f4t d\u2019une surface de 30.000 m2 dans lequel nous stockons plus de 42.000 articles diff\u00e9rents pour plus de 1050 types de v\u00e9hicules.<\/p>\n<p style=\"text-align: justify;\">Notre gamme de produits s\u2019\u00e9tend du triangle oscillant transversal au radiateur, en passant par les Modules thermiques et autres dispositifs de climatisation, les \u00e9clairages et pi\u00e8ces de carrosserie Jusqu\u2019aux r\u00e9troviseurs sport et l\u2019\u00e9clairage Design.<\/p>\n<p style=\"text-align: justify;\">Une attention toute particuli\u00e8re est port\u00e9e aux vastes services que nous proposons \u00e0 notre Client\u00e8le. Ceux-ci commencent par le suivi rigoureux de nos clients par nos repr\u00e9sentants en passant par l\u2019assistance technique de nos vendeurs et dont la finalit\u00e9 prend toute sa dimension dans la livraison de produits de qualit\u00e9 certifi\u00e9e.<\/p>\n<p style=\"text-align: justify;\">Notre service d\u2019achat est, sur le plan international, continuellement \u00e0 la recherche de produits aux prix toujours plus comp\u00e9titifs. Pour parer \u00e0 l\u2019exclusivit\u00e9 de ceux certifi\u00e9s EU.<\/p>\n<p style=\"text-align: justify;\">La livraison de la marchandise est arriv\u00e9e en 14 heures chrono pas un emballage adapt\u00e9 \u00e0 chaque produit.<\/p>\n<h1><strong>Qualit\u00e9 en 14-heures chrono\u0090<\/strong><\/h1>\n<p style=\"text-align: justify;\">L\u2019entreprise Diederichs GmbH fut cr\u00e9\u00e9e en 1967 par Mr Holger Diederichs et emploie \u00e0 l\u2019heure actuelle\u00a0 environ 100 personnes.<\/p>\n<p style=\"text-align: justify;\">Nous fournissons plus de 14.000 garage et marchand de voiture\u00a0 avec des pi\u00e8ces d\u2019\u00e9change dans toute l\u2019Allemagne et en Europe ainsi au-del\u00e0 de celle-ci.<\/p>\n<p style=\"text-align: justify;\">Nous disposons d\u2019un entrep\u00f4t d\u2019une surface de 30.000 m2 dans lequel nous stockons plus de 42.000 articles diff\u00e9rents pour plus de 1050 types de v\u00e9hicules.<\/p>\n<p style=\"text-align: justify;\">Notre gamme de produits s\u2019\u00e9tend du triangle oscillant transversal au radiateur, en passant par les Modules thermiques et autres dispositifs de climatisation, les \u00e9clairages et pi\u00e8ces de carrosserie Jusqu\u2019aux r\u00e9troviseurs sport et l\u2019\u00e9clairage Design.<\/p>\n<p style=\"text-align: justify;\">Une attention toute particuli\u00e8re est port\u00e9e aux vastes services que nous proposons \u00e0 notre Client\u00e8le. Ceux-ci commencent par le suivi rigoureux de nos clients par nos repr\u00e9sentants en passant par l\u2019assistance technique de nos vendeurs et dont la finalit\u00e9 prend toute sa dimension dans la livraison de produits de qualit\u00e9 certifi\u00e9e.<\/p>\n<p style=\"text-align: justify;\">Notre service d\u2019achat est, sur le plan international, continuellement \u00e0 la recherche de produits aux prix toujours plus comp\u00e9titifs. Pour parer \u00e0 l\u2019exclusivit\u00e9 de ceux certifi\u00e9s EU.<\/p>\n<p style=\"text-align: justify;\">La livraison de la marchandise est arriv\u00e9e en 14 heures chrono pas un emballage adapt\u00e9 \u00e0 chaque produit.<\/p>\n<h1><strong>Qualit\u00e9 en 14-heures chrono\u0090<\/strong><\/h1>\n<p style=\"text-align: justify;\">L\u2019entreprise Diederichs GmbH fut cr\u00e9\u00e9e en 1967 par Mr Holger Diederichs et emploie \u00e0 l\u2019heure actuelle\u00a0 environ 100 personnes.<\/p>\n<p style=\"text-align: justify;\">Nous fournissons plus de 14.000 garage et marchand de voiture\u00a0 avec des pi\u00e8ces d\u2019\u00e9change dans toute l\u2019Allemagne et en Europe ainsi au-del\u00e0 de celle-ci.<\/p>\n<p style=\"text-align: justify;\">Nous disposons d\u2019un entrep\u00f4t d\u2019une surface de 30.000 m2 dans lequel nous stockons plus de 42.000 articles diff\u00e9rents pour plus de 1050 types de v\u00e9hicules.<\/p>\n<p style=\"text-align: justify;\">Notre gamme de produits s\u2019\u00e9tend du triangle oscillant transversal au radiateur, en passant par les Modules thermiques et autres dispositifs de climatisation, les \u00e9clairages et pi\u00e8ces de carrosserie Jusqu\u2019aux r\u00e9troviseurs sport et l\u2019\u00e9clairage Design.<\/p>\n<p style=\"text-align: justify;\">Une attention toute particuli\u00e8re est port\u00e9e aux vastes services que nous proposons \u00e0 notre Client\u00e8le. Ceux-ci commencent par le suivi rigoureux de nos clients par nos repr\u00e9sentants en passant par l\u2019assistance technique de nos vendeurs et dont la finalit\u00e9 prend toute sa dimension dans la livraison de produits de qualit\u00e9 certifi\u00e9e.<\/p>\n<p style=\"text-align: justify;\">Notre service d\u2019achat est, sur le plan international, continuellement \u00e0 la recherche de produits aux prix toujours plus comp\u00e9titifs. Pour parer \u00e0 l\u2019exclusivit\u00e9 de ceux certifi\u00e9s EU.<\/p>\n<p style=\"text-align: justify;\">La livraison de la marchandise est arriv\u00e9e en 14 heures chrono pas un emballage adapt\u00e9 \u00e0 chaque produit.<\/p>\n<h1><strong>Qualit\u00e9 en 14-heures chrono\u0090<\/strong><\/h1>\n<p style=\"text-align: justify;\">L\u2019entreprise Diederichs GmbH fut cr\u00e9\u00e9e en 1967 par Mr Holger Diederichs et emploie \u00e0 l\u2019heure actuelle\u00a0 environ 100 personnes.<\/p>\n<p style=\"text-align: justify;\">Nous fournissons plus de 14.000 garage et marchand de voiture\u00a0 avec des pi\u00e8ces d\u2019\u00e9change dans toute l\u2019Allemagne et en Europe ainsi au-del\u00e0 de celle-ci.<\/p>\n<p style=\"text-align: justify;\">Nous disposons d\u2019un entrep\u00f4t d\u2019une surface de 30.000 m2 dans lequel nous stockons plus de 42.000 articles diff\u00e9rents pour plus de 1050 types de v\u00e9hicules.<\/p>\n<p style=\"text-align: justify;\">Notre gamme de produits s\u2019\u00e9tend du triangle oscillant transversal au radiateur, en passant par les Modules thermiques et autres dispositifs de climatisation, les \u00e9clairages et pi\u00e8ces de carrosserie Jusqu\u2019aux r\u00e9troviseurs sport et l\u2019\u00e9clairage Design.<\/p>\n<p style=\"text-align: justify;\">Une attention toute particuli\u00e8re est port\u00e9e aux vastes services que nous proposons \u00e0 notre Client\u00e8le. Ceux-ci commencent par le suivi rigoureux de nos clients par nos repr\u00e9sentants en passant par l\u2019assistance technique de nos vendeurs et dont la finalit\u00e9 prend toute sa dimension dans la livraison de produits de qualit\u00e9 certifi\u00e9e.<\/p>\n<p style=\"text-align: justify;\">Notre service d\u2019achat est, sur le plan international, continuellement \u00e0 la recherche de produits aux prix toujours plus comp\u00e9titifs. Pour parer \u00e0 l\u2019exclusivit\u00e9 de ceux certifi\u00e9s EU.<\/p>\n<p style=\"text-align: justify;\">La livraison de la marchandise est arriv\u00e9e en 14 heures chrono pas un emballage adapt\u00e9 \u00e0 chaque produit.<\/p>\n<p><\/p>","protected":false},"excerpt":{"rendered":"<p>Qualit\u00e9 en 14-heures chrono\u0090 L\u2019entreprise Diederichs GmbH fut cr\u00e9\u00e9e en 1967 par Mr Holger Diederichs et emploie \u00e0 l\u2019heure actuelle\u00a0 environ 100 personnes. Nous fournissons plus de 14.000 garage et marchand de voiture\u00a0 avec des pi\u00e8ces d\u2019\u00e9change dans toute l\u2019Allemagne et en Europe ainsi au-del\u00e0 de celle-ci. Nous disposons d\u2019un entrep\u00f4t d\u2019une surface de 30.000 &hellip; <a href=\"https:\/\/diederichs.com\/fr\/\">Continued<\/a><\/p>\n","protected":false},"author":1,"featured_media":0,"parent":0,"menu_order":5,"comment_status":"closed","ping_status":"open","template":"","meta":{"footnotes":""},"class_list":["post-2","page","type-page","status-publish","hentry"],"_links":{"self":[{"href":"https:\/\/diederichs.com\/fr\/wp-json\/wp\/v2\/pages\/2","targetHints":{"allow":["GET"]}}],"collection":[{"href":"https:\/\/diederichs.com\/fr\/wp-json\/wp\/v2\/pages"}],"about":[{"href":"https:\/\/diederichs.com\/fr\/wp-json\/wp\/v2\/types\/page"}],"author":[{"embeddable":true,"href":"https:\/\/diederichs.com\/fr\/wp-json\/wp\/v2\/users\/1"}],"replies":[{"embeddable":true,"href":"https:\/\/diederichs.com\/fr\/wp-json\/wp\/v2\/comments?post=2"}],"version-history":[{"count":232,"href":"https:\/\/diederichs.com\/fr\/wp-json\/wp\/v2\/pages\/2\/revisions"}],"predecessor-version":[{"id":81986,"href":"https:\/\/diederichs.com\/fr\/wp-json\/wp\/v2\/pages\/2\/revisions\/81986"}],"wp:attachment":[{"href":"https:\/\/diederichs.com\/fr\/wp-json\/wp\/v2\/media?parent=2"}],"curies":[{"name":"wp","href":"https:\/\/api.w.org\/{rel}","templated":true}]}}