{"id":11,"date":"2016-04-18T12:37:08","date_gmt":"2016-04-18T10:37:08","guid":{"rendered":"http:\/\/diederichs.com\/?page_id=11"},"modified":"2020-07-09T12:17:07","modified_gmt":"2020-07-09T10:17:07","slug":"ueber-uns","status":"publish","type":"page","link":"https:\/\/diederichs.com\/fr\/ueber-uns\/","title":{"rendered":"\u00c0 propos de nous"},"content":{"rendered":"<p><\/p>\n<p style=\"text-align: justify;\"><strong>\u00a0<\/strong>L\u2019entreprise Diederichs GmbH fut cr\u00e9\u00e9e en 1967 par Mr Holger Diederichs et emploie \u00e0 l\u2019heure actuelle environ 100 personnes.<\/p>\n<p style=\"text-align: justify;\">Nous fournissons plus de 14.000 garages et marchands de voiture avec des pi\u00e8ces d\u2019\u00e9change dans toute l\u2019Allemagne et en Europe ainsi au-del\u00e0 de celle-ci.<\/p>\n<p style=\"text-align: justify;\">La soci\u00e9t\u00e9 Diederichs Karosserieteile GmbH s\u2019est sp\u00e9cialis\u00e9e dans\u00a0 les produits de\u00a0 carrosserie,\u00a0 les \u00e9clairages et les dispositifs de climatisation. En outre la soci\u00e9t\u00e9 g\u00e8re sa propre gamme Tuning<\/p>\n<p style=\"text-align: justify;\">Mr Holger Diederichs s\u2019est retir\u00e9 de la soci\u00e9t\u00e9 et a donn\u00e9 la g\u00e9rance \u00e0 son fils Mr Jan-Christian Diederichs. La philosophie de la soci\u00e9t\u00e9 associe\u00a0 un caract\u00e8re familier et\u00a0 une entreprise moderne.<\/p>\n<p style=\"text-align: justify;\">Les nombreux fournisseurs internationaux de la soci\u00e9t\u00e9 Diederichs sont \u00e9valu\u00e9s chaque ann\u00e9e. Plus de 36.000 articles diff\u00e9rents peuvent \u00eatre command\u00e9s\u00a0: sur notre site directement, par t\u00e9l\u00e9phone ou aussi par mail.<\/p>\n<p style=\"text-align: justify;\">\u00ab\u00a0Nous avons pourvu cette ann\u00e9e plusieurs postes de travail, par exemple dans\u00a0 la branche du service achat et dans le management de produits. C\u2019est ainsi qu\u2019il nous sera possible d\u2019\u00e9voluer sur un\u00a0 march\u00e9 en permanente transformation\u00a0 \u00ab\u00a0 explique jan \u2013 Christian Diederichs en r\u00e9f\u00e9rence avec le d\u00e9veloppement permanent de l\u2019entreprise.<\/p>\n<p>&nbsp;<\/p>","protected":false},"excerpt":{"rendered":"<p>\u00a0L\u2019entreprise Diederichs GmbH fut cr\u00e9\u00e9e en 1967 par Mr Holger Diederichs et emploie \u00e0 l\u2019heure actuelle environ 100 personnes. Nous fournissons plus de 14.000 garages et marchands de voiture avec des pi\u00e8ces d\u2019\u00e9change dans toute l\u2019Allemagne et en Europe ainsi au-del\u00e0 de celle-ci. La soci\u00e9t\u00e9 Diederichs Karosserieteile GmbH s\u2019est sp\u00e9cialis\u00e9e dans\u00a0 les produits de\u00a0 carrosserie,\u00a0 &hellip; <a href=\"https:\/\/diederichs.com\/fr\/ueber-uns\/\">Continued<\/a><\/p>\n","protected":false},"author":1,"featured_media":0,"parent":0,"menu_order":10,"comment_status":"closed","ping_status":"closed","template":"","meta":{"footnotes":""},"class_list":["post-11","page","type-page","status-publish","hentry"],"_links":{"self":[{"href":"https:\/\/diederichs.com\/fr\/wp-json\/wp\/v2\/pages\/11","targetHints":{"allow":["GET"]}}],"collection":[{"href":"https:\/\/diederichs.com\/fr\/wp-json\/wp\/v2\/pages"}],"about":[{"href":"https:\/\/diederichs.com\/fr\/wp-json\/wp\/v2\/types\/page"}],"author":[{"embeddable":true,"href":"https:\/\/diederichs.com\/fr\/wp-json\/wp\/v2\/users\/1"}],"replies":[{"embeddable":true,"href":"https:\/\/diederichs.com\/fr\/wp-json\/wp\/v2\/comments?post=11"}],"version-history":[{"count":58,"href":"https:\/\/diederichs.com\/fr\/wp-json\/wp\/v2\/pages\/11\/revisions"}],"predecessor-version":[{"id":1840,"href":"https:\/\/diederichs.com\/fr\/wp-json\/wp\/v2\/pages\/11\/revisions\/1840"}],"wp:attachment":[{"href":"https:\/\/diederichs.com\/fr\/wp-json\/wp\/v2\/media?parent=11"}],"curies":[{"name":"wp","href":"https:\/\/api.w.org\/{rel}","templated":true}]}}