{"id":1038,"date":"2016-11-23T10:12:14","date_gmt":"2016-11-23T09:12:14","guid":{"rendered":"https:\/\/diederichs.com\/?page_id=1038"},"modified":"2024-11-05T11:56:19","modified_gmt":"2024-11-05T10:56:19","slug":"1038-2","status":"publish","type":"page","link":"https:\/\/diederichs.com\/fr\/1038-2\/","title":{"rendered":""},"content":{"rendered":"<p><\/p>\n<div style=\"display: flex; justify-items: space-evenly; flex-wrap: wrap; gap: 99px; padding: 10px 0 0 30px;\">\n<a style=\"color: inherit; text-decoration: none; margin: 0 auto 10px auto;\" href=\"https:\/\/shop.diederichs.com\/fr\/\"><\/p>\n<div style=\"max-width: 500px; text-align: center;\">\n<h2 style=\"margin: 5px 0; font-size: 1.2em;\">TecDoc based Shop<\/h2>\n<p><img decoding=\"async\" style=\"width: 100%; height: auto; margin: 10% 0;\" src=\"https:\/\/diederichs.com\/wp-content\/uploads\/2024\/10\/neuer-diederichs.jpg\" alt=\"Bild 1\" \/><\/p>\n<p style=\"padding: 0 10px 10px;\">\n<strong>Identification des articles et des v\u00e9hicules:<\/strong> S\u00e9lection et identification des articles via les num\u00e9ros OE et de r\u00e9f\u00e9rence.<br \/>\n<strong>Choix des v\u00e9hicules:<\/strong> S\u00e9lection bas\u00e9e sur TECDOC par num\u00e9ro KBA, fabricant et mod\u00e8le.<br \/>\n<strong>Nouveau site marchand Diederichs \u00e0 partir de novembre 2024.<\/strong><\/p>\n<\/div>\n<p><\/a><br \/>\n<a style=\"color: inherit; text-decoration: none; margin: 0 auto 10px auto;\" href=\"https:\/\/teileshop.diederichs.com\/index.php?action=language&#038;language=fr\"><\/p>\n<div style=\"max-width: 500px; text-align: center;\">\n<h2 style=\"margin: 5px 0; font-size: 1.2em;\">Traditional Shop<\/h2>\n<p><img decoding=\"async\" style=\"width: 100%; height: auto;\" src=\"https:\/\/diederichs.com\/wp-content\/uploads\/2024\/10\/Logo-Traditioneller-Shop.jpg\" alt=\"Bild 2\" \/><\/p>\n<p style=\"padding: 0 10px 10px;\">\nIdentification des articles et des v\u00e9hicules par une repr\u00e9sentation graphique des fabricants, des mod\u00e8les et des illustrations des articles.\n<\/p>\n<\/div>\n<p><\/a>\n<\/div>\n<p>            <\/p>","protected":false},"excerpt":{"rendered":"<p>TecDoc based Shop Identification des articles et des v\u00e9hicules: S\u00e9lection et identification des articles via les num\u00e9ros OE et de r\u00e9f\u00e9rence. Choix des v\u00e9hicules: S\u00e9lection bas\u00e9e sur TECDOC par num\u00e9ro KBA, fabricant et mod\u00e8le. Nouveau site marchand Diederichs \u00e0 partir de novembre 2024. Traditional Shop Identification des articles et des v\u00e9hicules par une repr\u00e9sentation graphique &hellip; <a href=\"https:\/\/diederichs.com\/fr\/1038-2\/\">Continued<\/a><\/p>\n","protected":false},"author":2,"featured_media":0,"parent":0,"menu_order":0,"comment_status":"closed","ping_status":"closed","template":"","meta":{"footnotes":""},"class_list":["post-1038","page","type-page","status-publish","hentry"],"_links":{"self":[{"href":"https:\/\/diederichs.com\/fr\/wp-json\/wp\/v2\/pages\/1038","targetHints":{"allow":["GET"]}}],"collection":[{"href":"https:\/\/diederichs.com\/fr\/wp-json\/wp\/v2\/pages"}],"about":[{"href":"https:\/\/diederichs.com\/fr\/wp-json\/wp\/v2\/types\/page"}],"author":[{"embeddable":true,"href":"https:\/\/diederichs.com\/fr\/wp-json\/wp\/v2\/users\/2"}],"replies":[{"embeddable":true,"href":"https:\/\/diederichs.com\/fr\/wp-json\/wp\/v2\/comments?post=1038"}],"version-history":[{"count":216,"href":"https:\/\/diederichs.com\/fr\/wp-json\/wp\/v2\/pages\/1038\/revisions"}],"predecessor-version":[{"id":81855,"href":"https:\/\/diederichs.com\/fr\/wp-json\/wp\/v2\/pages\/1038\/revisions\/81855"}],"wp:attachment":[{"href":"https:\/\/diederichs.com\/fr\/wp-json\/wp\/v2\/media?parent=1038"}],"curies":[{"name":"wp","href":"https:\/\/api.w.org\/{rel}","templated":true}]}}