{"id":510,"date":"2016-06-23T12:34:00","date_gmt":"2016-06-23T10:34:00","guid":{"rendered":"http:\/\/diederichs.com\/?page_id=510"},"modified":"2025-06-16T12:52:15","modified_gmt":"2025-06-16T10:52:15","slug":"geschaeftszeiten","status":"publish","type":"page","link":"https:\/\/diederichs.com\/es\/geschaeftszeiten\/","title":{"rendered":"Horario de Oficina"},"content":{"rendered":"<p><\/p>\n<p style=\"text-align: justify;\"><strong>Entrega r\u00e1pida<\/strong><\/p>\n<p style=\"text-align: justify;\">Diederichs Karrosserieteile GmbH intenta entregar de la manera m\u00e1s r\u00e1pida y econ\u00f3mica los pedidos hechos a trav\u00e9s del correo electr\u00f3nico, o mediante nuestra p\u00e1gina Internet (http:\/\/www.diederichs.com) o al tel\u00e9fono 0049-5922-7799-0<\/p>\n<ul style=\"text-align: center;\">\n<li style=\"text-align: justify;\">Se intenta que sus ruegos y preguntas sean respondidas a la mayor brevedad posible y en su idioma<\/li>\n<li style=\"text-align: justify;\">Con servicios log\u00edsticos como GLS y similares se tarda en entregar entre 4 y 5 d\u00edas laborables<\/li>\n<li style=\"text-align: justify;\">Los pedidos voluminosos, ya sean paletizados o no, tardan en llegar a destino de 8 a 10 d\u00edas laborables<\/li>\n<\/ul>\n<p style=\"text-align: center;\"><strong>Lunes<\/strong> \u00a0\u00a0\u00a0\u00a0\u00a0\u00a0\u00a0\u00a0\u00a0\u00a0\u00a0\u00a0\u00a0 8:00 -18:00<\/p>\n<p style=\"text-align: center;\"><strong>Martes<\/strong> \u00a0\u00a0\u00a0\u00a0\u00a0\u00a0\u00a0\u00a0 \u00a0\u00a0 8:00 \u2013 18:00<\/p>\n<p style=\"text-align: center;\"><span id=\"result_box\" class=\"short_text\" lang=\"es\"><strong>Mi\u00e9rcoles<\/strong> \u00a0 \u00a0 \u00a0 \u00a0<\/span> 8:00 \u2013 18:00<\/p>\n<p style=\"text-align: center;\"><strong><span id=\"result_box\" class=\"short_text\" lang=\"es\">Jueves<\/span> \u00a0<\/strong>\u00a0\u00a0\u00a0\u00a0\u00a0\u00a0 \u00a0\u00a0\u00a0\u00a0\u00a0 8:00 \u2013 18:00<\/p>\n<p style=\"text-align: center;\"><strong><span id=\"result_box\" class=\"short_text\" lang=\"es\">Viernes<\/span><\/strong>\u00a0\u00a0\u00a0\u00a0\u00a0\u00a0\u00a0\u00a0\u00a0\u00a0\u00a0\u00a0\u00a0 8:00 \u2013 17:00<\/p>\n<p style=\"text-align: center;\"><strong>S\u00e1bado<\/strong>\u00a0\u00a0\u00a0\u00a0\u00a0\u00a0\u00a0\u00a0\u00a0\u00a0\u00a0\u00a0\u00a0\u00a0 9:00 \u2013 12:30<\/p>\n<p>&nbsp;<\/p>","protected":false},"excerpt":{"rendered":"<p>Entrega r\u00e1pida Diederichs Karrosserieteile GmbH intenta entregar de la manera m\u00e1s r\u00e1pida y econ\u00f3mica los pedidos hechos a trav\u00e9s del correo electr\u00f3nico, o mediante nuestra p\u00e1gina Internet (http:\/\/www.diederichs.com) o al tel\u00e9fono 0049-5922-7799-0 Se intenta que sus ruegos y preguntas sean respondidas a la mayor brevedad posible y en su idioma Con servicios log\u00edsticos como GLS &hellip; <a href=\"https:\/\/diederichs.com\/es\/geschaeftszeiten\/\">Continued<\/a><\/p>\n","protected":false},"author":2,"featured_media":0,"parent":0,"menu_order":9,"comment_status":"closed","ping_status":"closed","template":"","meta":{"footnotes":""},"class_list":["post-510","page","type-page","status-publish","hentry"],"_links":{"self":[{"href":"https:\/\/diederichs.com\/es\/wp-json\/wp\/v2\/pages\/510","targetHints":{"allow":["GET"]}}],"collection":[{"href":"https:\/\/diederichs.com\/es\/wp-json\/wp\/v2\/pages"}],"about":[{"href":"https:\/\/diederichs.com\/es\/wp-json\/wp\/v2\/types\/page"}],"author":[{"embeddable":true,"href":"https:\/\/diederichs.com\/es\/wp-json\/wp\/v2\/users\/2"}],"replies":[{"embeddable":true,"href":"https:\/\/diederichs.com\/es\/wp-json\/wp\/v2\/comments?post=510"}],"version-history":[{"count":33,"href":"https:\/\/diederichs.com\/es\/wp-json\/wp\/v2\/pages\/510\/revisions"}],"predecessor-version":[{"id":81933,"href":"https:\/\/diederichs.com\/es\/wp-json\/wp\/v2\/pages\/510\/revisions\/81933"}],"wp:attachment":[{"href":"https:\/\/diederichs.com\/es\/wp-json\/wp\/v2\/media?parent=510"}],"curies":[{"name":"wp","href":"https:\/\/api.w.org\/{rel}","templated":true}]}}