{"id":222,"date":"2016-05-24T13:02:17","date_gmt":"2016-05-24T11:02:17","guid":{"rendered":"http:\/\/diederichs.com\/?page_id=222"},"modified":"2021-04-01T11:55:44","modified_gmt":"2021-04-01T09:55:44","slug":"tuning-und-verdelung","status":"publish","type":"page","link":"https:\/\/diederichs.com\/es\/beispiel-seite\/produkte\/tuning-und-verdelung\/","title":{"rendered":"Personalizaci\u00f3n y Modificaci\u00f3n"},"content":{"rendered":"<p><\/p>\n<p style=\"text-align: justify;\"><a href=\"https:\/\/diederichs.com\/en\/1038-2\/\"><img loading=\"lazy\" decoding=\"async\" class=\"wp-image-659 aligncenter\" src=\"http:\/\/diederichs.com\/wp-content\/uploads\/2016\/07\/Tuning-u-Veredelung.jpg\" alt=\"Tuning u Veredelung\" width=\"904\" height=\"311\" srcset=\"https:\/\/diederichs.com\/wp-content\/uploads\/2016\/07\/Tuning-u-Veredelung.jpg 1417w, https:\/\/diederichs.com\/wp-content\/uploads\/2016\/07\/Tuning-u-Veredelung-300x103.jpg 300w, https:\/\/diederichs.com\/wp-content\/uploads\/2016\/07\/Tuning-u-Veredelung-1024x352.jpg 1024w\" sizes=\"auto, (max-width: 904px) 100vw, 904px\" \/><\/a><\/p>\n<p style=\"text-align: center;\"><a href=\"https:\/\/diederichs.com\/en\/1038-2\/\">Online-Shop<\/a><\/p>\n<p style=\"text-align: justify;\">Como proveedor l\u00edder de m\u00e1s de 5000 art\u00edculos para personalizar\u00a0todo tipo de\u00a0coches, Usted puede elegir entre una gran variedad de dise\u00f1os. La calidad de nuestros productos est\u00e1 garantizada por la certificaci\u00f3n por parte de nuestros proveedores, y \u00e9stos son auditados a su vez por nosotros.<\/p>\n<p>It might be necessary, to have our products registered within the documents of the car and\/or to apply for approval by the responsible public authority.<\/p>\n<p>Please inform yourself prior to installation or fitting<\/p>\n<p>&nbsp;<\/p>\n<ul style=\"text-align: justify;\">\n<li>Alerones<\/li>\n<li>Estriberas y taloneras<\/li>\n<li>Parachoques y guardabarros deportivos<\/li>\n<li>Spoilers<\/li>\n<li>Faros delanteros homologados, con y sin normativa R87<\/li>\n<li>Combinaci\u00f3n antinieblas y luces de circulaci\u00f3n diurna<\/li>\n<li>Pilotos traseros<\/li>\n<li>Suspensiones y muelles<\/li>\n<li>Amortiguadores, suspensiones roscadas<\/li>\n<li>Rejillas con luz diurna<\/li>\n<li>Rejillas o panales de radiador deportivos<\/li>\n<li>Intermitentes LED<\/li>\n<li>Luces de la matricula LED<\/li>\n<li>Faros antiniebla<\/li>\n<li>Silenciadores deportivos y mucho m\u00e1s<\/li>\n<\/ul>\n<p style=\"text-align: center;\">\n<p><\/p>","protected":false},"excerpt":{"rendered":"<p>Online-Shop Como proveedor l\u00edder de m\u00e1s de 5000 art\u00edculos para personalizar\u00a0todo tipo de\u00a0coches, Usted puede elegir entre una gran variedad de dise\u00f1os. La calidad de nuestros productos est\u00e1 garantizada por la certificaci\u00f3n por parte de nuestros proveedores, y \u00e9stos son auditados a su vez por nosotros. It might be necessary, to have our products registered &hellip; <a href=\"https:\/\/diederichs.com\/es\/beispiel-seite\/produkte\/tuning-und-verdelung\/\">Continued<\/a><\/p>\n","protected":false},"author":1,"featured_media":0,"parent":4,"menu_order":3,"comment_status":"closed","ping_status":"closed","template":"template-produkte-child.php","meta":{"footnotes":""},"class_list":["post-222","page","type-page","status-publish","hentry"],"_links":{"self":[{"href":"https:\/\/diederichs.com\/es\/wp-json\/wp\/v2\/pages\/222","targetHints":{"allow":["GET"]}}],"collection":[{"href":"https:\/\/diederichs.com\/es\/wp-json\/wp\/v2\/pages"}],"about":[{"href":"https:\/\/diederichs.com\/es\/wp-json\/wp\/v2\/types\/page"}],"author":[{"embeddable":true,"href":"https:\/\/diederichs.com\/es\/wp-json\/wp\/v2\/users\/1"}],"replies":[{"embeddable":true,"href":"https:\/\/diederichs.com\/es\/wp-json\/wp\/v2\/comments?post=222"}],"version-history":[{"count":64,"href":"https:\/\/diederichs.com\/es\/wp-json\/wp\/v2\/pages\/222\/revisions"}],"predecessor-version":[{"id":34099,"href":"https:\/\/diederichs.com\/es\/wp-json\/wp\/v2\/pages\/222\/revisions\/34099"}],"up":[{"embeddable":true,"href":"https:\/\/diederichs.com\/es\/wp-json\/wp\/v2\/pages\/4"}],"wp:attachment":[{"href":"https:\/\/diederichs.com\/es\/wp-json\/wp\/v2\/media?parent=222"}],"curies":[{"name":"wp","href":"https:\/\/api.w.org\/{rel}","templated":true}]}}