{"id":220,"date":"2016-05-24T13:02:09","date_gmt":"2016-05-24T11:02:09","guid":{"rendered":"http:\/\/diederichs.com\/?page_id=220"},"modified":"2017-10-10T10:01:03","modified_gmt":"2017-10-10T08:01:03","slug":"diederichs-climate","status":"publish","type":"page","link":"https:\/\/diederichs.com\/es\/beispiel-seite\/produkte\/diederichs-climate\/","title":{"rendered":"Diederichs Climate"},"content":{"rendered":"<p><\/p>\n<p style=\"text-align: center;\">\u00a0<a href=\"https:\/\/diederichs.com\/en\/1038-2\/\"><img loading=\"lazy\" decoding=\"async\" class=\"aligncenter wp-image-660\" src=\"http:\/\/diederichs.com\/wp-content\/uploads\/2016\/07\/Climate.jpg\" alt=\"Climate\" width=\"884\" height=\"304\" srcset=\"https:\/\/diederichs.com\/wp-content\/uploads\/2016\/07\/Climate.jpg 1417w, https:\/\/diederichs.com\/wp-content\/uploads\/2016\/07\/Climate-300x103.jpg 300w, https:\/\/diederichs.com\/wp-content\/uploads\/2016\/07\/Climate-1024x352.jpg 1024w\" sizes=\"auto, (max-width: 884px) 100vw, 884px\" \/><\/a><a href=\"https:\/\/diederichs.com\/en\/1038-2\/\">Online-Shop<\/a><\/p>\n<p style=\"text-align: justify;\">Actualmente estamos empezando con nuestra propia marca Diederichs\u00a0 Climate.<\/p>\n<p style=\"text-align: justify;\">\u00a0A diferencia de otros proveedores, ofrecemos apoyo individual; empezando con la formaci\u00f3n, asistencia telef\u00f3nica, hasta la tramitaci\u00f3n de reclamaciones inmediata y la etiqueta privada \/ Box + producto<\/p>\n<p style=\"text-align: justify;\">Estamos continuamente buscando descuentos sustanciales en todo tipo de recambios sustituyendo piezas del veh\u00edculo sobre su cotizaci\u00f3n.<\/p>\n<p style=\"text-align: justify;\">El env\u00edo se hace especialmente con embalajes especialmente dise\u00f1ados para los respectivos grupos de productos.<\/p>\n<p style=\"text-align: center;\">\n<p><\/p>","protected":false},"excerpt":{"rendered":"<p>\u00a0Online-Shop Actualmente estamos empezando con nuestra propia marca Diederichs\u00a0 Climate. \u00a0A diferencia de otros proveedores, ofrecemos apoyo individual; empezando con la formaci\u00f3n, asistencia telef\u00f3nica, hasta la tramitaci\u00f3n de reclamaciones inmediata y la etiqueta privada \/ Box + producto Estamos continuamente buscando descuentos sustanciales en todo tipo de recambios sustituyendo piezas del veh\u00edculo sobre su cotizaci\u00f3n. &hellip; <a href=\"https:\/\/diederichs.com\/es\/beispiel-seite\/produkte\/diederichs-climate\/\">Continued<\/a><\/p>\n","protected":false},"author":1,"featured_media":0,"parent":4,"menu_order":2,"comment_status":"closed","ping_status":"closed","template":"template-produkte-child.php","meta":{"footnotes":""},"class_list":["post-220","page","type-page","status-publish","hentry"],"_links":{"self":[{"href":"https:\/\/diederichs.com\/es\/wp-json\/wp\/v2\/pages\/220","targetHints":{"allow":["GET"]}}],"collection":[{"href":"https:\/\/diederichs.com\/es\/wp-json\/wp\/v2\/pages"}],"about":[{"href":"https:\/\/diederichs.com\/es\/wp-json\/wp\/v2\/types\/page"}],"author":[{"embeddable":true,"href":"https:\/\/diederichs.com\/es\/wp-json\/wp\/v2\/users\/1"}],"replies":[{"embeddable":true,"href":"https:\/\/diederichs.com\/es\/wp-json\/wp\/v2\/comments?post=220"}],"version-history":[{"count":48,"href":"https:\/\/diederichs.com\/es\/wp-json\/wp\/v2\/pages\/220\/revisions"}],"predecessor-version":[{"id":1392,"href":"https:\/\/diederichs.com\/es\/wp-json\/wp\/v2\/pages\/220\/revisions\/1392"}],"up":[{"embeddable":true,"href":"https:\/\/diederichs.com\/es\/wp-json\/wp\/v2\/pages\/4"}],"wp:attachment":[{"href":"https:\/\/diederichs.com\/es\/wp-json\/wp\/v2\/media?parent=220"}],"curies":[{"name":"wp","href":"https:\/\/api.w.org\/{rel}","templated":true}]}}