{"id":217,"date":"2016-05-24T13:01:58","date_gmt":"2016-05-24T11:01:58","guid":{"rendered":"http:\/\/diederichs.com\/?page_id=217"},"modified":"2017-10-10T10:00:29","modified_gmt":"2017-10-10T08:00:29","slug":"karosserieteile-und-beleuchtung","status":"publish","type":"page","link":"https:\/\/diederichs.com\/es\/beispiel-seite\/produkte\/karosserieteile-und-beleuchtung\/","title":{"rendered":"Cat\u00e1logo de Carrocer\u00eda e Iluminaci\u00f3n"},"content":{"rendered":"<p><\/p>\n<p style=\"text-align: center;\"><a href=\"https:\/\/diederichs.com\/en\/1038-2\/\"><img loading=\"lazy\" decoding=\"async\" class=\"aligncenter wp-image-661\" src=\"http:\/\/diederichs.com\/wp-content\/uploads\/2016\/07\/Karosserieteile.jpg\" alt=\"Karosserieteile\" width=\"948\" height=\"326\" srcset=\"https:\/\/diederichs.com\/wp-content\/uploads\/2016\/07\/Karosserieteile.jpg 1417w, https:\/\/diederichs.com\/wp-content\/uploads\/2016\/07\/Karosserieteile-300x103.jpg 300w, https:\/\/diederichs.com\/wp-content\/uploads\/2016\/07\/Karosserieteile-1024x352.jpg 1024w\" sizes=\"auto, (max-width: 948px) 100vw, 948px\" \/><\/a><a href=\"https:\/\/diederichs.com\/en\/1038-2\/\">Online-Shop<\/a><\/p>\n<p>&nbsp;<\/p>\n<p style=\"text-align: justify;\">Con nuestra nueva l\u00ednea de productos \u201dPRIORITY PARTS\u201c identificamos piezas de carrocer\u00eda comparables cualitativamente con piezas originales. Nuestro logotipo \u201cPRIORITY PARTS\u201c simboliza que las piezas est\u00e1n certificadas seg\u00fan normas nacionales e internacionales (Certificaci\u00f3n T\u00dcV, Certificaci\u00f3n Thatcham, Certificaci\u00f3n CAPA, Certificaci\u00f3n CZ &#8211; Centro Zaragoza). Los art\u00edculos tienen que someterse a controles peri\u00f3dicos de calidad, en los que se testea que las piezas de pl\u00e1stico y metal \u201ePRIORITY PARTS\u201c posean propiedades y caracter\u00edsticas similares y comparables a las piezas originales correspondientes. Los art\u00edculos rese\u00f1ados de chapa est\u00e1n sellados, galvanizados y si se da el caso, pueden ser tambi\u00e9n de aluminio.<\/p>\n<p><strong>Casi el 90% de los art\u00edculos est\u00e1n disponibles <\/strong><strong>en el almac\u00e9n, con una entrega r\u00e1pida y diaria.<\/strong><\/p>\n<p>&nbsp;<\/p>\n<ul>\n<li>Piezas de iluminaci\u00f3n<\/li>\n<li>Carrocer\u00eda<\/li>\n<li>Parabrisas<\/li>\n<li>Planchas de chapa<\/li>\n<li>Cap\u00f3<\/li>\n<li>Parachoques<\/li>\n<li>Guardabarros y pasos de rueda<\/li>\n<li>Travesa\u00f1os<\/li>\n<li>Brazos oscilantes<\/li>\n<li>Rejillas o panales de radiador<\/li>\n<li>Radiadores, condensadores y aire acondicionado<\/li>\n<li>Protectores inferiores para motor<\/li>\n<li>Espejos retrovisores y cristales para retrovisores<\/li>\n<li>Suspensiones roscadas<\/li>\n<li>Muelles<\/li>\n<li>Amortiguadores<\/li>\n<li>Faros principales delanteros<\/li>\n<li>Faros antiniebla<\/li>\n<li>Pilotos traseros y antinieblas<\/li>\n<li>Revestimientos frontales<\/li>\n<\/ul>\n<p>&nbsp;<\/p>\n<p>&nbsp;<\/p>\n<p style=\"text-align: center;\">\n<p><\/p>","protected":false},"excerpt":{"rendered":"<p>Online-Shop &nbsp; Con nuestra nueva l\u00ednea de productos \u201dPRIORITY PARTS\u201c identificamos piezas de carrocer\u00eda comparables cualitativamente con piezas originales. Nuestro logotipo \u201cPRIORITY PARTS\u201c simboliza que las piezas est\u00e1n certificadas seg\u00fan normas nacionales e internacionales (Certificaci\u00f3n T\u00dcV, Certificaci\u00f3n Thatcham, Certificaci\u00f3n CAPA, Certificaci\u00f3n CZ &#8211; Centro Zaragoza). Los art\u00edculos tienen que someterse a controles peri\u00f3dicos de calidad, &hellip; <a href=\"https:\/\/diederichs.com\/es\/beispiel-seite\/produkte\/karosserieteile-und-beleuchtung\/\">Continued<\/a><\/p>\n","protected":false},"author":1,"featured_media":0,"parent":4,"menu_order":1,"comment_status":"closed","ping_status":"closed","template":"template-produkte-child.php","meta":{"footnotes":""},"class_list":["post-217","page","type-page","status-publish","hentry"],"_links":{"self":[{"href":"https:\/\/diederichs.com\/es\/wp-json\/wp\/v2\/pages\/217","targetHints":{"allow":["GET"]}}],"collection":[{"href":"https:\/\/diederichs.com\/es\/wp-json\/wp\/v2\/pages"}],"about":[{"href":"https:\/\/diederichs.com\/es\/wp-json\/wp\/v2\/types\/page"}],"author":[{"embeddable":true,"href":"https:\/\/diederichs.com\/es\/wp-json\/wp\/v2\/users\/1"}],"replies":[{"embeddable":true,"href":"https:\/\/diederichs.com\/es\/wp-json\/wp\/v2\/comments?post=217"}],"version-history":[{"count":59,"href":"https:\/\/diederichs.com\/es\/wp-json\/wp\/v2\/pages\/217\/revisions"}],"predecessor-version":[{"id":1391,"href":"https:\/\/diederichs.com\/es\/wp-json\/wp\/v2\/pages\/217\/revisions\/1391"}],"up":[{"embeddable":true,"href":"https:\/\/diederichs.com\/es\/wp-json\/wp\/v2\/pages\/4"}],"wp:attachment":[{"href":"https:\/\/diederichs.com\/es\/wp-json\/wp\/v2\/media?parent=217"}],"curies":[{"name":"wp","href":"https:\/\/api.w.org\/{rel}","templated":true}]}}