{"id":2,"date":"2016-04-18T09:37:05","date_gmt":"2016-04-18T07:37:05","guid":{"rendered":"http:\/\/diederichs.com\/?page_id=2"},"modified":"2026-01-12T10:11:38","modified_gmt":"2026-01-12T09:11:38","slug":"beispiel-seite","status":"publish","type":"page","link":"https:\/\/diederichs.com\/es\/","title":{"rendered":"Diederichs Karosserieteile GmbH"},"content":{"rendered":"<p><\/p>\n<h1 style=\"text-align: justify;\"><b>Calidad a todas horas <\/b><\/h1>\n<p style=\"text-align: justify;\">Como una de las primeras empresas en carrocer\u00eda y tuning para autom\u00f3viles con exclusiva venta al por mayor y radicados en Alemania, Diederichs Karosserieteile GmbH le invita a ser uno de nuestros estimados clientes.<\/p>\n<p style=\"text-align: justify;\">Usted encontrar\u00e1 nuestro completo cat\u00e1logo bajo www.diederichs.com con m\u00e1s de 42.000 art\u00edculos para 1125 tipos de veh\u00edculos de 39 fabricantes en un almac\u00e9n 30.000 m\u00b2. La mayor\u00eda de las piezas y componentes est\u00e1n f\u00edsicamente disponibles, y se\u00a0 pueden enviar a trav\u00e9s de diferentes medios de transporte, como por ejemplo carretera e incluso mar\u00edtimo. Eche un vistazo y conv\u00e9nzase Usted mismo !<\/p>\n<p style=\"text-align: justify;\">Nuestro cat\u00e1logo especialmente dedicado a la modificaci\u00f3n y personalizaci\u00f3n\u00a0para m\u00e1s de 450 modelos de coches, le \u00a0ofrece la m\u00e1xima relaci\u00f3n calidad-precio en variedad de spoilers, parachoques, carrocer\u00edas, suspensiones deportivas, iluminaci\u00f3n, etc ..<\/p>\n<p style=\"text-align: justify;\">Acostumbrados a trabajar en el \u00e1mbito internacional, se presta gran atenci\u00f3n al servicio y a la satisfacci\u00f3n del cliente, por lo que una colaboraci\u00f3n a largo plazo con Usted es nuestro principal objetivo. Puede encontrarnos en ferias internacionales como la AUTOMECHANIKA\u00a0de Frankfort, Essen Motor Show, SEMA Las Vegas o\u00a0AUTOPROMOTEC en Bologna.<\/p>\n<p style=\"text-align: justify;\">Nos gustar\u00eda aprovechar esta oportunidad para darle las gracias por su inter\u00e9s en nuestra empresa y productos.<\/p>\n<h1 style=\"text-align: justify;\"><b>Calidad a todas horas <\/b><\/h1>\n<p style=\"text-align: justify;\">Como una de las primeras empresas en carrocer\u00eda y tuning para autom\u00f3viles con exclusiva venta al por mayor y radicados en Alemania, Diederichs Karosserieteile GmbH le invita a ser uno de nuestros estimados clientes.<\/p>\n<p style=\"text-align: justify;\">Usted encontrar\u00e1 nuestro completo cat\u00e1logo bajo www.diederichs.com con m\u00e1s de 42.000 art\u00edculos para 1125 tipos de veh\u00edculos de 39 fabricantes en un almac\u00e9n 30.000 m\u00b2. La mayor\u00eda de las piezas y componentes est\u00e1n f\u00edsicamente disponibles, y se\u00a0 pueden enviar a trav\u00e9s de diferentes medios de transporte, como por ejemplo carretera e incluso mar\u00edtimo. Eche un vistazo y conv\u00e9nzase Usted mismo !<\/p>\n<p style=\"text-align: justify;\">Nuestro cat\u00e1logo especialmente dedicado a la modificaci\u00f3n y personalizaci\u00f3n\u00a0para m\u00e1s de 450 modelos de coches, le \u00a0ofrece la m\u00e1xima relaci\u00f3n calidad-precio en variedad de spoilers, parachoques, carrocer\u00edas, suspensiones deportivas, iluminaci\u00f3n, etc ..<\/p>\n<p style=\"text-align: justify;\">Acostumbrados a trabajar en el \u00e1mbito internacional, se presta gran atenci\u00f3n al servicio y a la satisfacci\u00f3n del cliente, por lo que una colaboraci\u00f3n a largo plazo con Usted es nuestro principal objetivo. Puede encontrarnos en ferias internacionales como la AUTOMECHANIKA\u00a0de Frankfort, Essen Motor Show, SEMA Las Vegas o\u00a0AUTOPROMOTEC en Bologna.<\/p>\n<p style=\"text-align: justify;\">Nos gustar\u00eda aprovechar esta oportunidad para darle las gracias por su inter\u00e9s en nuestra empresa y productos.<\/p>\n<h1 style=\"text-align: justify;\"><b>Calidad a todas horas <\/b><\/h1>\n<p style=\"text-align: justify;\">Como una de las primeras empresas en carrocer\u00eda y tuning para autom\u00f3viles con exclusiva venta al por mayor y radicados en Alemania, Diederichs Karosserieteile GmbH le invita a ser uno de nuestros estimados clientes.<\/p>\n<p style=\"text-align: justify;\">Usted encontrar\u00e1 nuestro completo cat\u00e1logo bajo www.diederichs.com con m\u00e1s de 42.000 art\u00edculos para 1125 tipos de veh\u00edculos de 39 fabricantes en un almac\u00e9n 30.000 m\u00b2. La mayor\u00eda de las piezas y componentes est\u00e1n f\u00edsicamente disponibles, y se\u00a0 pueden enviar a trav\u00e9s de diferentes medios de transporte, como por ejemplo carretera e incluso mar\u00edtimo. Eche un vistazo y conv\u00e9nzase Usted mismo !<\/p>\n<p style=\"text-align: justify;\">Nuestro cat\u00e1logo especialmente dedicado a la modificaci\u00f3n y personalizaci\u00f3n\u00a0para m\u00e1s de 450 modelos de coches, le \u00a0ofrece la m\u00e1xima relaci\u00f3n calidad-precio en variedad de spoilers, parachoques, carrocer\u00edas, suspensiones deportivas, iluminaci\u00f3n, etc ..<\/p>\n<p style=\"text-align: justify;\">Acostumbrados a trabajar en el \u00e1mbito internacional, se presta gran atenci\u00f3n al servicio y a la satisfacci\u00f3n del cliente, por lo que una colaboraci\u00f3n a largo plazo con Usted es nuestro principal objetivo. Puede encontrarnos en ferias internacionales como la AUTOMECHANIKA\u00a0de Frankfort, Essen Motor Show, SEMA Las Vegas o\u00a0AUTOPROMOTEC en Bologna.<\/p>\n<p style=\"text-align: justify;\">Nos gustar\u00eda aprovechar esta oportunidad para darle las gracias por su inter\u00e9s en nuestra empresa y productos.<\/p>\n<h1 style=\"text-align: justify;\"><b>Calidad a todas horas <\/b><\/h1>\n<p style=\"text-align: justify;\">Como una de las primeras empresas en carrocer\u00eda y tuning para autom\u00f3viles con exclusiva venta al por mayor y radicados en Alemania, Diederichs Karosserieteile GmbH le invita a ser uno de nuestros estimados clientes.<\/p>\n<p style=\"text-align: justify;\">Usted encontrar\u00e1 nuestro completo cat\u00e1logo bajo www.diederichs.com con m\u00e1s de 42.000 art\u00edculos para 1125 tipos de veh\u00edculos de 39 fabricantes en un almac\u00e9n 30.000 m\u00b2. La mayor\u00eda de las piezas y componentes est\u00e1n f\u00edsicamente disponibles, y se\u00a0 pueden enviar a trav\u00e9s de diferentes medios de transporte, como por ejemplo carretera e incluso mar\u00edtimo. Eche un vistazo y conv\u00e9nzase Usted mismo !<\/p>\n<p style=\"text-align: justify;\">Nuestro cat\u00e1logo especialmente dedicado a la modificaci\u00f3n y personalizaci\u00f3n\u00a0para m\u00e1s de 450 modelos de coches, le \u00a0ofrece la m\u00e1xima relaci\u00f3n calidad-precio en variedad de spoilers, parachoques, carrocer\u00edas, suspensiones deportivas, iluminaci\u00f3n, etc ..<\/p>\n<p style=\"text-align: justify;\">Acostumbrados a trabajar en el \u00e1mbito internacional, se presta gran atenci\u00f3n al servicio y a la satisfacci\u00f3n del cliente, por lo que una colaboraci\u00f3n a largo plazo con Usted es nuestro principal objetivo. Puede encontrarnos en ferias internacionales como la AUTOMECHANIKA\u00a0de Frankfort, Essen Motor Show, SEMA Las Vegas o\u00a0AUTOPROMOTEC en Bologna.<\/p>\n<p style=\"text-align: justify;\">Nos gustar\u00eda aprovechar esta oportunidad para darle las gracias por su inter\u00e9s en nuestra empresa y productos.<\/p>\n<p><\/p>","protected":false},"excerpt":{"rendered":"<p>Calidad a todas horas Como una de las primeras empresas en carrocer\u00eda y tuning para autom\u00f3viles con exclusiva venta al por mayor y radicados en Alemania, Diederichs Karosserieteile GmbH le invita a ser uno de nuestros estimados clientes. Usted encontrar\u00e1 nuestro completo cat\u00e1logo bajo www.diederichs.com con m\u00e1s de 42.000 art\u00edculos para 1125 tipos de veh\u00edculos &hellip; <a href=\"https:\/\/diederichs.com\/es\/\">Continued<\/a><\/p>\n","protected":false},"author":1,"featured_media":0,"parent":0,"menu_order":5,"comment_status":"closed","ping_status":"open","template":"","meta":{"footnotes":""},"class_list":["post-2","page","type-page","status-publish","hentry"],"_links":{"self":[{"href":"https:\/\/diederichs.com\/es\/wp-json\/wp\/v2\/pages\/2","targetHints":{"allow":["GET"]}}],"collection":[{"href":"https:\/\/diederichs.com\/es\/wp-json\/wp\/v2\/pages"}],"about":[{"href":"https:\/\/diederichs.com\/es\/wp-json\/wp\/v2\/types\/page"}],"author":[{"embeddable":true,"href":"https:\/\/diederichs.com\/es\/wp-json\/wp\/v2\/users\/1"}],"replies":[{"embeddable":true,"href":"https:\/\/diederichs.com\/es\/wp-json\/wp\/v2\/comments?post=2"}],"version-history":[{"count":217,"href":"https:\/\/diederichs.com\/es\/wp-json\/wp\/v2\/pages\/2\/revisions"}],"predecessor-version":[{"id":81986,"href":"https:\/\/diederichs.com\/es\/wp-json\/wp\/v2\/pages\/2\/revisions\/81986"}],"wp:attachment":[{"href":"https:\/\/diederichs.com\/es\/wp-json\/wp\/v2\/media?parent=2"}],"curies":[{"name":"wp","href":"https:\/\/api.w.org\/{rel}","templated":true}]}}