{"id":11,"date":"2016-04-18T12:37:08","date_gmt":"2016-04-18T10:37:08","guid":{"rendered":"http:\/\/diederichs.com\/?page_id=11"},"modified":"2020-07-09T12:17:07","modified_gmt":"2020-07-09T10:17:07","slug":"ueber-uns","status":"publish","type":"page","link":"https:\/\/diederichs.com\/es\/ueber-uns\/","title":{"rendered":"50 a\u00f1os de experiencia"},"content":{"rendered":"<p><\/p>\n<p style=\"text-align: justify;\">La compa\u00f1\u00eda DIEDERICHS es una empresa familiar que fue fundada en 1967 por Holger Diederichs y hoy por hoy emplea a alrededor de 80 personas. Como ejemplo, suministra para toda Alemania y el extranjero, a m\u00e1s de 14.000 talleres y concesionarios de autom\u00f3viles con piezas de repuestos.<\/p>\n<p style=\"text-align: justify;\">DIEDERICHS Karosserieteile GmbH est\u00e1 especializada en toda la gama de carrocer\u00eda externa, iluminaci\u00f3n y aire acondicionado para veh\u00edculos. Por otra parte, la empresa tiene un amplio cat\u00e1logo de productos para personalizar\u00a0toda clase de coches.<\/p>\n<p style=\"text-align: justify;\">Tras la salida del fundador Holger Diederichs de la empresa, se ha hecho cargo de la gesti\u00f3n de la misma su hijo Jan-Christian Diederichs. La filosof\u00eda empresarial corresponde al car\u00e1cter familiar de una empresa moderna e implantada en su sector.<\/p>\n<p style=\"text-align: justify;\">DIEDERICHS Karosserieteile GmbH cuenta con una amplia cartera de proveedores nacionales e internacionales y certifica a todas ellas anualmente por iniciativa propia. M\u00e1s de 56.000 art\u00edculos se pueden pedir tanto por Internet como por tel\u00e9fono y correo electr\u00f3nico.<\/p>\n<p style=\"text-align: justify;\">\u201eS\u00f3lo en este a\u00f1o, se han creado numerosos puestos de trabajo, ya sea en las \u00e1reas de compras o de gesti\u00f3n de productos. S\u00f3lo as\u00ed es posible responder a la realidad cambiante de este mercado de piezas de recambio\u201d explica Jan-Christian Diederichs, refiri\u00e9ndose al crecimiento constante y sostenido de la empresa.<\/p>\n<p><\/p>","protected":false},"excerpt":{"rendered":"<p>La compa\u00f1\u00eda DIEDERICHS es una empresa familiar que fue fundada en 1967 por Holger Diederichs y hoy por hoy emplea a alrededor de 80 personas. Como ejemplo, suministra para toda Alemania y el extranjero, a m\u00e1s de 14.000 talleres y concesionarios de autom\u00f3viles con piezas de repuestos. DIEDERICHS Karosserieteile GmbH est\u00e1 especializada en toda la &hellip; <a href=\"https:\/\/diederichs.com\/es\/ueber-uns\/\">Continued<\/a><\/p>\n","protected":false},"author":1,"featured_media":0,"parent":0,"menu_order":10,"comment_status":"closed","ping_status":"closed","template":"","meta":{"footnotes":""},"class_list":["post-11","page","type-page","status-publish","hentry"],"_links":{"self":[{"href":"https:\/\/diederichs.com\/es\/wp-json\/wp\/v2\/pages\/11","targetHints":{"allow":["GET"]}}],"collection":[{"href":"https:\/\/diederichs.com\/es\/wp-json\/wp\/v2\/pages"}],"about":[{"href":"https:\/\/diederichs.com\/es\/wp-json\/wp\/v2\/types\/page"}],"author":[{"embeddable":true,"href":"https:\/\/diederichs.com\/es\/wp-json\/wp\/v2\/users\/1"}],"replies":[{"embeddable":true,"href":"https:\/\/diederichs.com\/es\/wp-json\/wp\/v2\/comments?post=11"}],"version-history":[{"count":43,"href":"https:\/\/diederichs.com\/es\/wp-json\/wp\/v2\/pages\/11\/revisions"}],"predecessor-version":[{"id":1840,"href":"https:\/\/diederichs.com\/es\/wp-json\/wp\/v2\/pages\/11\/revisions\/1840"}],"wp:attachment":[{"href":"https:\/\/diederichs.com\/es\/wp-json\/wp\/v2\/media?parent=11"}],"curies":[{"name":"wp","href":"https:\/\/api.w.org\/{rel}","templated":true}]}}