{"id":1569,"date":"2019-02-18T09:13:19","date_gmt":"2019-02-18T08:13:19","guid":{"rendered":"https:\/\/diederichs.com\/?page_id=1569"},"modified":"2019-02-18T09:13:20","modified_gmt":"2019-02-18T08:13:20","slug":"datenschutzinformation","status":"publish","type":"page","link":"https:\/\/diederichs.com\/en\/datenschutzinformation\/","title":{"rendered":"Datenschutzinformation"},"content":{"rendered":"\n<h2 class=\"wp-block-heading\">Kunden, Interessenten und Gesch\u00e4ftspartner<\/h2>\n\n\n<p><strong>Allgemeine Hinweise zur Datenverarbeitung f\u00fcr Kunden, G\u00e4ste und Gesch\u00e4ftspartner<\/strong><\/p>\n<p>Die folgenden Hinweise geben einen einfachen \u00dcberblick dar\u00fcber, was mit Ihren personenbezogenen Daten passiert, wenn Sie unsere Dienste in Anspruch nehmen. Personenbezogene Daten sind alle Daten, mit denen Sie pers\u00f6nlich identifiziert werden k\u00f6nnen. Wir verarbeiten Ihre personenbezogenen Daten im Einklang mit den jeweils anwendbaren gesetzlichen Datenschutzanforderungen. Ausf\u00fchrliche Informationen zum Thema Datenschutz erl\u00e4utern wir Ihnen nachstehend.<\/p>\n<p><strong>Wer ist f\u00fcr die Verarbeitung meiner Daten verantwortlich?<\/strong><\/p>\n<p>Diederichs Karosserieteile GmbH<br>Ochtruper Str. 95<br>48455 Bad Bentheim<br>Tel: +49 (0) 5922 7799-0<br>Fax: +49 (0) 5922 7799-25<br>E-Mail: karosserieteile@diederichs.com<\/p>\n<p><strong>Gesetzlich vorgeschriebener Datenschutzbeauftragter<\/strong><\/p>\n<p>Externer Datenschutzbeauftragter:<br>Guido Schepers<br>GS GmbH<br>NINO-Allee 4<br>48529 Nordhorn<br>E-Mail: datenschutz@diederichs.com<\/p>\n<p><strong>Zu welchen Zwecken und auf welcher Rechtsgrundlage verarbeiten wir Ihre Daten:<\/strong><\/p>\n<p>Wir verarbeiten Ihre Daten soweit und solange es f\u00fcr die Erf\u00fcllung eines Vertrags mit Ihnen oder zur Durchf\u00fchrung vorvertraglicher Ma\u00dfnahmen erforderlich ist (Art. 6 Abs. 1 lit. b DS-GVO) z.B. Angebotsanfragen, Abwicklung von Kaufvertr\u00e4gen oder Sie eine entsprechende Einwilligung in die Verarbeitung erteilt haben (Art. 6 Abs. 1 lit. a DS-GVO) z.B. Newsletter, Marketingzwecke oder die Verarbeitung zur Wahrung berechtigter Interessen von uns oder Dritten erforderlich ist, z.B. in folgenden F\u00e4llen:<\/p>\n<p>Geltendmachung von Anspr\u00fcchen, Verhinderung und Aufkl\u00e4rung von Straftaten (Art. 6 Abs. 1 lit. f DS-GVO) oder aufgrund gesetzlicher Vorgaben, z.B. Aufbewahrung von Unterlagen f\u00fcr handels- und steuerrechtliche Zwecke (Art. 6 Abs. 1 lit. c DS-GVO) oder im \u00f6ffentlichen Interesse (Art. 6 Abs. 1 lit. e DS-GVO)<\/p>\n<p><strong>An wen werden Ihre Daten weitergegeben?<\/strong><\/p>\n<p>Zur Erf\u00fcllung unserer vertraglichen und gesetzlichen Pflichten werden Ihre personenbezogenen Daten gegen\u00fcber verschiedenen \u00f6ffentlichen Stellen, sowie externen Dienstleistern und Auftragsverarbeitern offengelegt.<\/p>\n<p>Externe Dienstleister:<\/p>\n<p>Wir arbeiten mit ausgew\u00e4hlten externen Dienstleistern zusammen, um unsere vertraglichen und gesetzlichen Pflichten zu erf\u00fcllen, dies sind:<\/p>\n<ul>\n<li>Zahlungsdienstleister<\/li>\n<li>Dienstleister f\u00fcr Marketing oder Vertrieb<\/li>\n<li>Dienstleister f\u00fcr Akten- und Datenvernichtung<\/li>\n<li>IT-Dienstleister (z. B. Wartungs- und Hosting-Dienstleister)<\/li>\n<li>Wartungsunternehmen<\/li>\n<li>Wirtschaftspr\u00fcfer<\/li>\n<li>Steuerberater<\/li>\n<\/ul>\n\n<p>\u00d6ffentliche Stellen:<\/p>\n<p>Dar\u00fcber hinaus k\u00f6nnen wir verpflichtet sein, Ihre personenbezogenen Daten an weitere Empf\u00e4nger zu \u00fcbermitteln, wie etwa an Beh\u00f6rden (z. B. Finanz-, Polizei-, Zoll- und Meldebeh\u00f6rden) zur Erf\u00fcllung gesetzlicher Mitteilungspflichten.<\/p>\n<p><strong>Wo werden Ihre Daten verarbeitet?<\/strong><\/p>\n<p>Ihre Daten werden grunds\u00e4tzlich in Deutschland sowie im europ\u00e4ischen Ausland verarbeitet. Eine Verarbeitung Ihrer Daten in Drittstaaten erfolgt nur, soweit durch bestimmte Ma\u00dfnahmen sichergestellt ist, dass hierf\u00fcr ein angemessenes Datenschutzniveau nachgewiesen werden kann.<\/p>\n<p><strong>Wie lange werden Ihre Daten gespeichert?<\/strong><\/p>\n<p>Ihre Daten werden gel\u00f6scht, sobald sie f\u00fcr den Verarbeitungszweck nicht mehr erforderlich sind. Es sei denn, es gelten gesetzliche Aufbewahrungsfristen.<\/p>\n<p><strong>Welche Rechte haben Sie im Zusammenhang mit der Verarbeitung Ihrer Daten?<\/strong><\/p>\n<p>\u2022 gem\u00e4\u00df Art. 7 Abs. 3 DS-GVO Ihre einmal erteilte Einwilligung jederzeit gegen\u00fcber uns zu widerrufen. Dies hat zur Folge, dass wir die Datenverarbeitung, die auf dieser Einwilligung beruhte, f\u00fcr die Zukunft nicht mehr fortf\u00fchren d\u00fcrfen;<\/p>\n<p>\u2022 gem\u00e4\u00df Art. 15 DS-GVO Auskunft \u00fcber Ihre von uns verarbeiteten personenbezogenen Daten zu verlangen. Insbesondere k\u00f6nnen Sie Auskunft \u00fcber die Verarbeitungszwecke, die Kategorie der personenbezogenen Daten, die Kategorien von Empf\u00e4ngern, gegen\u00fcber denen Ihre Daten offengelegt wurden oder werden, die geplante Speicherdauer, das Bestehen eines Rechts auf Berichtigung, L\u00f6schung, Einschr\u00e4nkung der Verarbeitung oder Widerspruch, das Bestehen eines Beschwerderechts, die Herkunft ihrer Daten, sofern diese nicht bei uns erhoben wurden, sowie \u00fcber das Bestehen einer automatisierten Entscheidungsfindung einschlie\u00dflich Profiling und ggf. aussagekr\u00e4ftigen Informationen zu deren Einzelheiten verlangen;<\/p>\n<p>\u2022 gem\u00e4\u00df Art. 16 DS-GVO unverz\u00fcglich die Berichtigung unrichtiger oder Vervollst\u00e4ndigung Ihrer bei uns gespeicherten personenbezogenen Daten zu verlangen;<\/p>\n<p>\u2022 gem\u00e4\u00df Art. 17 DS-GVO die L\u00f6schung Ihrer bei uns gespeicherten personenbezogenen Daten zu verlangen, soweit nicht die Verarbeitung zur Aus\u00fcbung des Rechts auf freie Meinungs\u00e4u\u00dferung und Information, zur Erf\u00fcllung einer rechtlichen Verpflichtung, aus Gr\u00fcnden des \u00f6ffentlichen Interesses oder zur Geltendmachung, Aus\u00fcbung oder Verteidigung von Rechtsanspr\u00fcchen erforderlich ist;<\/p>\n<p>\u2022 gem\u00e4\u00df Art. 18 DS-GVO die Einschr\u00e4nkung der Verarbeitung Ihrer personenbezogenen Daten zu verlangen, soweit die Richtigkeit der Daten von Ihnen bestritten wird, die Verarbeitung unrechtm\u00e4\u00dfig ist, Sie aber deren L\u00f6schung ablehnen und wir die Daten nicht mehr ben\u00f6tigen, Sie jedoch diese zur Geltendmachung, Aus\u00fcbung oder Verteidigung von Rechtsanspr\u00fcchen ben\u00f6tigen oder Sie gem\u00e4\u00df Art. 21 DS-GVO Widerspruch gegen die Verarbeitung eingelegt haben;<\/p>\n<p>\u2022 gem\u00e4\u00df Art. 20 DS-GVO Ihre personenbezogenen Daten, die Sie uns bereitgestellt haben, in einem strukturierten, g\u00e4ngigen und maschinenlesebaren Format zu erhalten.<\/p>\n<p><strong>Widerspruchsrecht<\/strong><\/p>\n<p>Sofern Ihre personenbezogenen Daten nicht auf Grundlage von berechtigten Interessen gem\u00e4\u00df Art. 6 Abs. 1 S. 1 lit. f DSGVO verarbeitet werden, haben Sie das Recht, gem\u00e4\u00df Art. 21 DS-GVO Widerspruch gegen die Verarbeitung Ihrer personenbezogenen Daten einzulegen, soweit daf\u00fcr Gr\u00fcnde vorliegen, die sich aus Ihrer besonderen Situation ergeben. M\u00f6chten Sie von Ihrem Widerspruchsrecht Gebrauch machen, reicht eine E-Mail an: <a href=\"mailto:datenschutz@diederichs.com\">datenschutz@diederichs.com<\/a>.<\/p>\n<p><strong>Beschwerderecht<\/strong><\/p>\n<p>Sie haben das Recht, sich bei einer Aufsichtsbeh\u00f6rde zu unserer Datenverarbeitung Ihrer personenbezogenen Daten zu beschweren, falls aus Ihrer Sicht eine Rechtsverletzung vorliegen sollte.<\/p>\n<p><strong>Besteht eine Pflicht zur Bereitstellung Ihrer personenbezogenen Daten?<\/strong><\/p>\n<p>Zur Eingehung einer Gesch\u00e4ftsbeziehung m\u00fcssen Sie uns diejenigen personenbezogenen Daten bereitstellen, die zur Durchf\u00fchrung des Vertragsverh\u00e4ltnisses erforderlich sind oder die wir aufgrund gesetzlicher Vorgaben zwingend erheben m\u00fcssen. Sollten Sie uns diese Daten nicht bereitstellen, dann ist f\u00fcr uns die Durchf\u00fchrung und Abwicklung des Vertragsverh\u00e4ltnisses nicht m\u00f6glich.<\/p>","protected":false},"excerpt":{"rendered":"<p>Kunden, Interessenten und Gesch\u00e4ftspartner Allgemeine Hinweise zur Datenverarbeitung f\u00fcr Kunden, G\u00e4ste und Gesch\u00e4ftspartner Die folgenden Hinweise geben einen einfachen \u00dcberblick dar\u00fcber, was mit Ihren personenbezogenen Daten passiert, wenn Sie unsere Dienste in Anspruch nehmen. Personenbezogene Daten sind alle Daten, mit denen Sie pers\u00f6nlich identifiziert werden k\u00f6nnen. Wir verarbeiten Ihre personenbezogenen Daten im Einklang mit den &hellip; <a href=\"https:\/\/diederichs.com\/en\/datenschutzinformation\/\">Continued<\/a><\/p>\n","protected":false},"author":1,"featured_media":0,"parent":0,"menu_order":0,"comment_status":"closed","ping_status":"closed","template":"","meta":{"footnotes":""},"class_list":["post-1569","page","type-page","status-publish","hentry"],"_links":{"self":[{"href":"https:\/\/diederichs.com\/en\/wp-json\/wp\/v2\/pages\/1569","targetHints":{"allow":["GET"]}}],"collection":[{"href":"https:\/\/diederichs.com\/en\/wp-json\/wp\/v2\/pages"}],"about":[{"href":"https:\/\/diederichs.com\/en\/wp-json\/wp\/v2\/types\/page"}],"author":[{"embeddable":true,"href":"https:\/\/diederichs.com\/en\/wp-json\/wp\/v2\/users\/1"}],"replies":[{"embeddable":true,"href":"https:\/\/diederichs.com\/en\/wp-json\/wp\/v2\/comments?post=1569"}],"version-history":[{"count":1,"href":"https:\/\/diederichs.com\/en\/wp-json\/wp\/v2\/pages\/1569\/revisions"}],"predecessor-version":[{"id":1570,"href":"https:\/\/diederichs.com\/en\/wp-json\/wp\/v2\/pages\/1569\/revisions\/1570"}],"wp:attachment":[{"href":"https:\/\/diederichs.com\/en\/wp-json\/wp\/v2\/media?parent=1569"}],"curies":[{"name":"wp","href":"https:\/\/api.w.org\/{rel}","templated":true}]}}